{"id":10526,"date":"2024-05-27T20:32:51","date_gmt":"2024-05-27T18:32:51","guid":{"rendered":"https:\/\/995heritage.ch\/politica-de-privacidad\/"},"modified":"2025-04-19T17:39:02","modified_gmt":"2025-04-19T15:39:02","slug":"politica-de-privacidad","status":"publish","type":"page","link":"https:\/\/995heritage.ch\/es\/politica-de-privacidad\/","title":{"rendered":"Pol\u00edtica de privacidad"},"content":{"rendered":"\t\t<div data-elementor-type=\"wp-page\" data-elementor-id=\"10526\" class=\"elementor elementor-10526 elementor-124\" data-elementor-post-type=\"page\">\n\t\t\t\t<div class=\"elementor-element elementor-element-9551c81 e-flex e-con-boxed e-con e-parent\" data-id=\"9551c81\" data-element_type=\"container\" data-e-type=\"container\">\n\t\t\t\t\t<div class=\"e-con-inner\">\n\t\t\t\t<div class=\"elementor-element elementor-element-53d4138 elementor-align-center elementor-widget elementor-widget-breadcrumbs\" data-id=\"53d4138\" data-element_type=\"widget\" data-e-type=\"widget\" data-widget_type=\"breadcrumbs.default\">\n\t\t\t\t<div class=\"elementor-widget-container\">\n\t\t\t\t\t<p id=\"breadcrumbs\"><span><span><a href=\"https:\/\/995heritage.ch\/es\/\">Accueil<\/a><\/span><\/span><\/p>\t\t\t\t<\/div>\n\t\t\t\t<\/div>\n\t\t\t\t\t<\/div>\n\t\t\t\t<\/div>\n\t\t<div class=\"elementor-element elementor-element-64758873 e-flex e-con-boxed e-con e-parent\" data-id=\"64758873\" data-element_type=\"container\" data-e-type=\"container\">\n\t\t\t\t\t<div class=\"e-con-inner\">\n\t\t<div class=\"elementor-element elementor-element-0240a41 e-con-full e-flex e-con e-child\" data-id=\"0240a41\" data-element_type=\"container\" data-e-type=\"container\" data-settings=\"{&quot;background_background&quot;:&quot;classic&quot;}\">\n\t\t\t\t<div class=\"elementor-element elementor-element-5290aed elementor-widget elementor-widget-heading\" data-id=\"5290aed\" data-element_type=\"widget\" data-e-type=\"widget\" data-widget_type=\"heading.default\">\n\t\t\t\t<div class=\"elementor-widget-container\">\n\t\t\t\t\t<h1 class=\"elementor-heading-title elementor-size-default\">Pol\u00edtica de protecci\u00f3n de datos<\/h1>\t\t\t\t<\/div>\n\t\t\t\t<\/div>\n\t\t\t\t<div class=\"elementor-element elementor-element-75c50cb9 elementor-widget elementor-widget-text-editor\" data-id=\"75c50cb9\" data-element_type=\"widget\" data-e-type=\"widget\" data-widget_type=\"text-editor.default\">\n\t\t\t\t<div class=\"elementor-widget-container\">\n\t\t\t\t\t\t\t\t\t<p><strong>\u00daltima actualizaci\u00f3n: 11 de diciembre de 2024<\/strong><\/p><p>La protecci\u00f3n de tus datos personales es una prioridad para <strong>995 Heritage<\/strong>. Esta pol\u00edtica de privacidad explica c\u00f3mo recogemos, utilizamos y protegemos tus datos personales cuando utilizas nuestro sitio web. <strong><a href=\"http:\/\/www.995heritage.ch\" target=\"_new\" rel=\"noopener\">www.995heritage.ch<\/a><\/strong>. <\/p><h2><strong>1. Recogida de datos personales<\/strong><\/h2><p>Recogemos datos personales cuando utilizas nuestro sitio, realizas un pedido o interact\u00faas de cualquier otra forma con nosotros. Los tipos de datos que recopilamos incluyen: <\/p><ul><li><strong>Informaci\u00f3n de contacto<\/strong>: nombre, direcci\u00f3n, n\u00famero de tel\u00e9fono, direcci\u00f3n de correo electr\u00f3nico.<\/li><li><strong>Informaci\u00f3n de pago<\/strong>: datos necesarios para procesar tus pagos (estos datos son procesados de forma segura por nuestros proveedores de servicios de pago).<\/li><li><strong>Informaci\u00f3n de navegaci\u00f3n<\/strong>: direcci\u00f3n IP, datos de conexi\u00f3n, tipo y versi\u00f3n del navegador, zona horaria, tipos de complementos del navegador, sistema operativo y plataforma.<\/li><li><strong>Historial de solicitudes y preferencias<\/strong>: veh\u00edculos buscados, interacciones con nuestro servicio de atenci\u00f3n al cliente, preferencias de compra e importaci\u00f3n.<\/li><\/ul><h2><strong>2. Uso de los datos<\/strong><\/h2><p>Utilizamos tus datos personales para los siguientes fines:<\/p><ul><li><strong>Tramitar solicitudes y transacciones<\/strong>: para gestionar tus compras, importaciones y pedidos.<\/li><li><strong>Mejorar nuestros servicios<\/strong>: para personalizar tu experiencia de usuario, optimizar nuestro sitio web y nuestras ofertas.<\/li><li><strong>Marketing<\/strong>: para enviarte ofertas promocionales y noticias si has dado tu consentimiento. Puedes darte de baja en cualquier momento. <\/li><li><strong>Atenci\u00f3n al cliente<\/strong>: para responder a tus preguntas y ayudarte a comprar, vender o importar veh\u00edculos.<\/li><\/ul><h2><strong>3. Transmisi\u00f3n de datos a terceros<\/strong><\/h2><p>No vendemos tus datos personales a terceros. Sin embargo, tus datos pueden ser compartidos con : <\/p><ul><li><strong>Proveedores de servicios<\/strong>: como empresas de pago, log\u00edstica y certificaci\u00f3n de veh\u00edculos.<\/li><li><strong>Autoridades legales<\/strong>: si lo exige la ley o para proteger nuestros derechos.<\/li><\/ul><p>Todos nuestros proveedores de servicios se comprometen a tratar tus datos de forma confidencial y segura.<\/p><h2><strong>4. Cookies y tecnolog\u00edas similares<\/strong><\/h2><p>Nuestro sitio utiliza <strong>cookies<\/strong> para mejorar tu experiencia de usuario y analizar nuestro tr\u00e1fico. Las cookies son peque\u00f1os archivos de texto almacenados en tu dispositivo que reconocen tu navegador y almacenan cierta informaci\u00f3n. <\/p><p>Puedes gestionar tus preferencias de cookies a trav\u00e9s de la configuraci\u00f3n de tu navegador.<\/p><h2><strong>5. Seguridad de los datos<\/strong><\/h2><p>Aplicamos <strong>las medidas t\u00e9cnicas y organizativas adecuadas<\/strong> para proteger tus datos personales contra p\u00e9rdidas, accesos no autorizados, divulgaci\u00f3n o modificaci\u00f3n. Trabajamos con socios de confianza que cumplen estrictas normas de seguridad. <\/p><h2><strong>6. Tus derechos<\/strong><\/h2><p>Tienes derecho a :<\/p><ul><li><strong>Acceder a tus datos<\/strong>: pregunta qu\u00e9 informaci\u00f3n tenemos sobre ti.<\/li><li><strong>Rectificar tus datos<\/strong>: corregir cualquier informaci\u00f3n incorrecta o incompleta.<\/li><li><strong>Eliminar tus datos<\/strong>: solicitar la eliminaci\u00f3n de tus datos en determinadas condiciones.<\/li><li><strong>Restringir el tratamiento<\/strong>: restringir el uso de tus datos.<\/li><li><strong>Oponerse al tratamiento<\/strong>: negarse a que tus datos sean tratados de determinadas formas.<\/li><\/ul><p>Para ejercer estos derechos, ponte en contacto con nosotros en la siguiente direcci\u00f3n: <strong><a rel=\"noopener\"> contact@995heritage.ch.<\/a><\/strong><\/p><h2><strong>7. Contacta con<\/strong><\/h2><p>Si tienes alguna pregunta o duda sobre nuestra pol\u00edtica de protecci\u00f3n de datos, ponte en contacto con nosotros en :<\/p><p>\ud83d\udce7 <strong>Correo electr\u00f3nico<\/strong>:<a rel=\"noopener\"> contact@995heritage.ch<\/a><br>\ud83c\udf10 <strong>P\u00e1gina web<\/strong>: <a href=\"http:\/\/www.995heritage.ch\" target=\"_new\" rel=\"noopener\">www.995heritage.ch<\/a><\/p>\t\t\t\t\t\t\t\t<\/div>\n\t\t\t\t<\/div>\n\t\t\t\t<\/div>\n\t\t\t\t\t<\/div>\n\t\t\t\t<\/div>\n\t\t\t\t<\/div>\n\t\t","protected":false},"excerpt":{"rendered":"<p>Pol\u00edtica de protecci\u00f3n de datos \u00daltima actualizaci\u00f3n: 11 de diciembre de 2024 La protecci\u00f3n de tus datos personales es una prioridad para 995 Heritage. Esta pol\u00edtica de privacidad explica c\u00f3mo recogemos, utilizamos y protegemos tus datos personales cuando utilizas nuestro sitio web. www.995heritage.ch. 1. Recogida de datos personales Recogemos datos personales cuando utilizas nuestro sitio, [&hellip;]<\/p>\n","protected":false},"author":1,"featured_media":0,"parent":0,"menu_order":0,"comment_status":"closed","ping_status":"closed","template":"","meta":{"_acf_changed":false,"footnotes":""},"class_list":["post-10526","page","type-page","status-publish","hentry"],"acf":[],"yoast_head":"<!-- This site is optimized with the Yoast SEO plugin v27.5 - https:\/\/yoast.com\/product\/yoast-seo-wordpress\/ -->\n<title>Pol\u00edtica de privacidad &#8211; 995 Heritage<\/title>\n<meta name=\"description\" content=\"Consulta la pol\u00edtica de privacidad de 995 Heritage y descubre c\u00f3mo protegemos tus datos personales y tu privacidad.\" \/>\n<meta name=\"robots\" content=\"index, follow, max-snippet:-1, max-image-preview:large, max-video-preview:-1\" \/>\n<link rel=\"canonical\" href=\"https:\/\/995heritage.ch\/es\/politica-de-privacidad\/\" \/>\n<meta property=\"og:locale\" content=\"es_ES\" \/>\n<meta property=\"og:type\" content=\"article\" \/>\n<meta property=\"og:title\" content=\"Pol\u00edtica de privacidad &#8211; 995 Heritage\" \/>\n<meta property=\"og:description\" content=\"Consulta la pol\u00edtica de privacidad de 995 Heritage y descubre c\u00f3mo protegemos tus datos personales y tu privacidad.\" \/>\n<meta property=\"og:url\" content=\"https:\/\/995heritage.ch\/es\/politica-de-privacidad\/\" \/>\n<meta property=\"og:site_name\" content=\"995 Heritage\" \/>\n<meta property=\"article:modified_time\" content=\"2025-04-19T15:39:02+00:00\" \/>\n<meta name=\"twitter:card\" content=\"summary_large_image\" \/>\n<meta name=\"twitter:label1\" content=\"Tiempo de lectura\" \/>\n\t<meta name=\"twitter:data1\" content=\"3 minutos\" \/>\n<script type=\"application\/ld+json\" class=\"yoast-schema-graph\">{\"@context\":\"https:\\\/\\\/schema.org\",\"@graph\":[{\"@type\":\"WebPage\",\"@id\":\"https:\\\/\\\/995heritage.ch\\\/es\\\/politica-de-privacidad\\\/\",\"url\":\"https:\\\/\\\/995heritage.ch\\\/es\\\/politica-de-privacidad\\\/\",\"name\":\"Pol\u00edtica de privacidad &#8211; 995 Heritage\",\"isPartOf\":{\"@id\":\"https:\\\/\\\/995heritage.ch\\\/es\\\/#website\"},\"datePublished\":\"2024-05-27T18:32:51+00:00\",\"dateModified\":\"2025-04-19T15:39:02+00:00\",\"description\":\"Consulta la pol\u00edtica de privacidad de 995 Heritage y descubre c\u00f3mo protegemos tus datos personales y tu privacidad.\",\"breadcrumb\":{\"@id\":\"https:\\\/\\\/995heritage.ch\\\/es\\\/politica-de-privacidad\\\/#breadcrumb\"},\"inLanguage\":\"es\",\"potentialAction\":[{\"@type\":\"ReadAction\",\"target\":[\"https:\\\/\\\/995heritage.ch\\\/es\\\/politica-de-privacidad\\\/\"]}]},{\"@type\":\"BreadcrumbList\",\"@id\":\"https:\\\/\\\/995heritage.ch\\\/es\\\/politica-de-privacidad\\\/#breadcrumb\",\"itemListElement\":[{\"@type\":\"ListItem\",\"position\":1,\"name\":\"Accueil\",\"item\":\"https:\\\/\\\/995heritage.ch\\\/es\\\/\"},{\"@type\":\"ListItem\",\"position\":2,\"name\":\"Pol\u00edtica de privacidad\"}]},{\"@type\":\"WebSite\",\"@id\":\"https:\\\/\\\/995heritage.ch\\\/es\\\/#website\",\"url\":\"https:\\\/\\\/995heritage.ch\\\/es\\\/\",\"name\":\"Enhanced WordPress\",\"description\":\"\",\"publisher\":{\"@id\":\"https:\\\/\\\/995heritage.ch\\\/es\\\/#organization\"},\"potentialAction\":[{\"@type\":\"SearchAction\",\"target\":{\"@type\":\"EntryPoint\",\"urlTemplate\":\"https:\\\/\\\/995heritage.ch\\\/es\\\/?s={search_term_string}\"},\"query-input\":{\"@type\":\"PropertyValueSpecification\",\"valueRequired\":true,\"valueName\":\"search_term_string\"}}],\"inLanguage\":\"es\"},{\"@type\":\"Organization\",\"@id\":\"https:\\\/\\\/995heritage.ch\\\/es\\\/#organization\",\"name\":\"995 Heritage\",\"url\":\"https:\\\/\\\/995heritage.ch\\\/es\\\/\",\"logo\":{\"@type\":\"ImageObject\",\"inLanguage\":\"es\",\"@id\":\"https:\\\/\\\/995heritage.ch\\\/es\\\/#\\\/schema\\\/logo\\\/image\\\/\",\"url\":\"https:\\\/\\\/995heritage.ch\\\/wp-content\\\/uploads\\\/2025\\\/02\\\/cropped-Heritage5.jpg\",\"contentUrl\":\"https:\\\/\\\/995heritage.ch\\\/wp-content\\\/uploads\\\/2025\\\/02\\\/cropped-Heritage5.jpg\",\"width\":512,\"height\":512,\"caption\":\"995 Heritage\"},\"image\":{\"@id\":\"https:\\\/\\\/995heritage.ch\\\/es\\\/#\\\/schema\\\/logo\\\/image\\\/\"}}]}<\/script>\n<!-- \/ Yoast SEO plugin. -->","yoast_head_json":{"title":"Pol\u00edtica de privacidad &#8211; 995 Heritage","description":"Consulta la pol\u00edtica de privacidad de 995 Heritage y descubre c\u00f3mo protegemos tus datos personales y tu privacidad.","robots":{"index":"index","follow":"follow","max-snippet":"max-snippet:-1","max-image-preview":"max-image-preview:large","max-video-preview":"max-video-preview:-1"},"canonical":"https:\/\/995heritage.ch\/es\/politica-de-privacidad\/","og_locale":"es_ES","og_type":"article","og_title":"Pol\u00edtica de privacidad &#8211; 995 Heritage","og_description":"Consulta la pol\u00edtica de privacidad de 995 Heritage y descubre c\u00f3mo protegemos tus datos personales y tu privacidad.","og_url":"https:\/\/995heritage.ch\/es\/politica-de-privacidad\/","og_site_name":"995 Heritage","article_modified_time":"2025-04-19T15:39:02+00:00","twitter_card":"summary_large_image","twitter_misc":{"Tiempo de lectura":"3 minutos"},"schema":{"@context":"https:\/\/schema.org","@graph":[{"@type":"WebPage","@id":"https:\/\/995heritage.ch\/es\/politica-de-privacidad\/","url":"https:\/\/995heritage.ch\/es\/politica-de-privacidad\/","name":"Pol\u00edtica de privacidad &#8211; 995 Heritage","isPartOf":{"@id":"https:\/\/995heritage.ch\/es\/#website"},"datePublished":"2024-05-27T18:32:51+00:00","dateModified":"2025-04-19T15:39:02+00:00","description":"Consulta la pol\u00edtica de privacidad de 995 Heritage y descubre c\u00f3mo protegemos tus datos personales y tu privacidad.","breadcrumb":{"@id":"https:\/\/995heritage.ch\/es\/politica-de-privacidad\/#breadcrumb"},"inLanguage":"es","potentialAction":[{"@type":"ReadAction","target":["https:\/\/995heritage.ch\/es\/politica-de-privacidad\/"]}]},{"@type":"BreadcrumbList","@id":"https:\/\/995heritage.ch\/es\/politica-de-privacidad\/#breadcrumb","itemListElement":[{"@type":"ListItem","position":1,"name":"Accueil","item":"https:\/\/995heritage.ch\/es\/"},{"@type":"ListItem","position":2,"name":"Pol\u00edtica de privacidad"}]},{"@type":"WebSite","@id":"https:\/\/995heritage.ch\/es\/#website","url":"https:\/\/995heritage.ch\/es\/","name":"Enhanced WordPress","description":"","publisher":{"@id":"https:\/\/995heritage.ch\/es\/#organization"},"potentialAction":[{"@type":"SearchAction","target":{"@type":"EntryPoint","urlTemplate":"https:\/\/995heritage.ch\/es\/?s={search_term_string}"},"query-input":{"@type":"PropertyValueSpecification","valueRequired":true,"valueName":"search_term_string"}}],"inLanguage":"es"},{"@type":"Organization","@id":"https:\/\/995heritage.ch\/es\/#organization","name":"995 Heritage","url":"https:\/\/995heritage.ch\/es\/","logo":{"@type":"ImageObject","inLanguage":"es","@id":"https:\/\/995heritage.ch\/es\/#\/schema\/logo\/image\/","url":"https:\/\/995heritage.ch\/wp-content\/uploads\/2025\/02\/cropped-Heritage5.jpg","contentUrl":"https:\/\/995heritage.ch\/wp-content\/uploads\/2025\/02\/cropped-Heritage5.jpg","width":512,"height":512,"caption":"995 Heritage"},"image":{"@id":"https:\/\/995heritage.ch\/es\/#\/schema\/logo\/image\/"}}]}},"meta_box":[],"_links":{"self":[{"href":"https:\/\/995heritage.ch\/es\/wp-json\/wp\/v2\/pages\/10526","targetHints":{"allow":["GET"]}}],"collection":[{"href":"https:\/\/995heritage.ch\/es\/wp-json\/wp\/v2\/pages"}],"about":[{"href":"https:\/\/995heritage.ch\/es\/wp-json\/wp\/v2\/types\/page"}],"author":[{"embeddable":true,"href":"https:\/\/995heritage.ch\/es\/wp-json\/wp\/v2\/users\/1"}],"replies":[{"embeddable":true,"href":"https:\/\/995heritage.ch\/es\/wp-json\/wp\/v2\/comments?post=10526"}],"version-history":[{"count":2,"href":"https:\/\/995heritage.ch\/es\/wp-json\/wp\/v2\/pages\/10526\/revisions"}],"predecessor-version":[{"id":10528,"href":"https:\/\/995heritage.ch\/es\/wp-json\/wp\/v2\/pages\/10526\/revisions\/10528"}],"wp:attachment":[{"href":"https:\/\/995heritage.ch\/es\/wp-json\/wp\/v2\/media?parent=10526"}],"curies":[{"name":"wp","href":"https:\/\/api.w.org\/{rel}","templated":true}]}}