{"id":10451,"date":"2025-02-03T11:00:39","date_gmt":"2025-02-03T10:00:39","guid":{"rendered":"https:\/\/995heritage.ch\/mandato-busqueda-de-vehiculos\/"},"modified":"2025-04-19T17:39:24","modified_gmt":"2025-04-19T15:39:24","slug":"mandato-busqueda-de-vehiculos","status":"publish","type":"page","link":"https:\/\/995heritage.ch\/es\/nuestros-servicios\/mandato-busqueda-de-vehiculos\/","title":{"rendered":"Mandato \/ B\u00fasqueda de veh\u00edculos"},"content":{"rendered":"\t\t<div data-elementor-type=\"wp-page\" data-elementor-id=\"10451\" class=\"elementor elementor-10451\" data-elementor-post-type=\"page\">\n\t\t\t\t<div class=\"elementor-element elementor-element-02ee506 e-flex e-con-boxed e-con e-parent\" data-id=\"02ee506\" data-element_type=\"container\" data-e-type=\"container\">\n\t\t\t\t\t<div class=\"e-con-inner\">\n\t\t\t\t<div class=\"elementor-element elementor-element-cc52b9f elementor-align-center elementor-widget elementor-widget-breadcrumbs\" data-id=\"cc52b9f\" data-element_type=\"widget\" data-e-type=\"widget\" data-widget_type=\"breadcrumbs.default\">\n\t\t\t\t<div class=\"elementor-widget-container\">\n\t\t\t\t\t<p id=\"breadcrumbs\"><span><span><a href=\"https:\/\/995heritage.ch\/es\/\">Accueil<\/a><\/span><\/span><\/p>\t\t\t\t<\/div>\n\t\t\t\t<\/div>\n\t\t\t\t\t<\/div>\n\t\t\t\t<\/div>\n\t\t<div class=\"elementor-element elementor-element-a58ecf0 e-flex e-con-boxed e-con e-parent\" data-id=\"a58ecf0\" data-element_type=\"container\" data-e-type=\"container\">\n\t\t\t\t\t<div class=\"e-con-inner\">\n\t\t<div class=\"elementor-element elementor-element-12300bc e-con-full e-flex e-con e-child\" data-id=\"12300bc\" data-element_type=\"container\" data-e-type=\"container\" data-settings=\"{&quot;background_background&quot;:&quot;classic&quot;}\">\n\t\t\t\t<div class=\"elementor-element elementor-element-f0f7435 elementor-widget elementor-widget-heading\" data-id=\"f0f7435\" data-element_type=\"widget\" data-e-type=\"widget\" data-widget_type=\"heading.default\">\n\t\t\t\t<div class=\"elementor-widget-container\">\n\t\t\t\t\t<h1 class=\"elementor-heading-title elementor-size-default\">El veh\u00edculo ideal existe. Nosotros lo encontraremos para ti. <\/h1>\t\t\t\t<\/div>\n\t\t\t\t<\/div>\n\t\t\t\t<div class=\"elementor-element elementor-element-d3fd384 elementor-widget elementor-widget-text-editor\" data-id=\"d3fd384\" data-element_type=\"widget\" data-e-type=\"widget\" data-widget_type=\"text-editor.default\">\n\t\t\t\t<div class=\"elementor-widget-container\">\n\t\t\t\t\t\t\t\t\t<p>\u00bfTienes una idea clara del veh\u00edculo que quieres, pero no sabes d\u00f3nde encontrarlo ni c\u00f3mo asegurar su compra?  <strong>Nos ocuparemos de todo.<\/strong><\/p><p>Gracias a nuestra <strong>experiencia y a nuestra red de socios en Suiza y en el extranjero<\/strong>, podemos identificar las mejores oportunidades y apoyarte en <strong>cada paso del<\/strong> camino, desde la investigaci\u00f3n hasta la compra.<\/p>\t\t\t\t\t\t\t\t<\/div>\n\t\t\t\t<\/div>\n\t\t\t\t<\/div>\n\t\t<div class=\"elementor-element elementor-element-11590ca e-con-full e-flex e-con e-child\" data-id=\"11590ca\" data-element_type=\"container\" data-e-type=\"container\" data-settings=\"{&quot;background_background&quot;:&quot;classic&quot;}\">\n\t\t\t\t<div class=\"elementor-element elementor-element-1248357 elementor-widget elementor-widget-heading\" data-id=\"1248357\" data-element_type=\"widget\" data-e-type=\"widget\" data-widget_type=\"heading.default\">\n\t\t\t\t<div class=\"elementor-widget-container\">\n\t\t\t\t\t<h2 class=\"elementor-heading-title elementor-size-default\">\u00bfPor qu\u00e9 pasar por 995 Heritage?<\/h2>\t\t\t\t<\/div>\n\t\t\t\t<\/div>\n\t\t\t\t<div class=\"elementor-element elementor-element-d0d55a6 elementor-widget elementor-widget-text-editor\" data-id=\"d0d55a6\" data-element_type=\"widget\" data-e-type=\"widget\" data-widget_type=\"text-editor.default\">\n\t\t\t\t<div class=\"elementor-widget-container\">\n\t\t\t\t\t\t\t\t\t<p>\u2714 <strong>Ahorro considerable de tiempo<\/strong> \u2192 No tienes que pasarte horas mirando anuncios y poni\u00e9ndote en contacto con vendedores que no responden.<br>\u2714 <strong>Una compra segura<\/strong> \u2192 <strong>Comprobamos la autenticidad del kilometraje, el historial de mantenimiento y el estado real del veh\u00edculo<\/strong> antes de comprometernos.<br>\u2714 <strong>Acceso exclusivo a las mejores ofertas<\/strong> \u2192 Buscamos en los mercados suizo, europeo e internacional para <strong>encontrarte el veh\u00edculo adecuado al mejor precio<\/strong>.<br>\u2714 <strong>Asistencia a medida<\/strong> \u2192 Desde la negociaci\u00f3n hasta el transporte, pasando por la matriculaci\u00f3n, gestionamos <strong>cada detalle<\/strong> por ti.<\/p>\t\t\t\t\t\t\t\t<\/div>\n\t\t\t\t<\/div>\n\t\t\t\t<\/div>\n\t\t\t\t\t<\/div>\n\t\t\t\t<\/div>\n\t\t<div class=\"elementor-element elementor-element-8cba6f2 e-flex e-con-boxed e-con e-parent\" data-id=\"8cba6f2\" data-element_type=\"container\" data-e-type=\"container\">\n\t\t\t\t\t<div class=\"e-con-inner\">\n\t\t<div class=\"elementor-element elementor-element-1819e7b e-con-full e-flex e-con e-child\" data-id=\"1819e7b\" data-element_type=\"container\" data-e-type=\"container\">\n\t\t\t\t<div class=\"elementor-element elementor-element-30f780c elementor-widget elementor-widget-image\" data-id=\"30f780c\" data-element_type=\"widget\" data-e-type=\"widget\" data-widget_type=\"image.default\">\n\t\t\t\t<div class=\"elementor-widget-container\">\n\t\t\t\t\t\t\t\t\t\t\t\t\t\t\t<img decoding=\"async\" width=\"768\" height=\"1024\" src=\"https:\/\/995heritage.ch\/wp-content\/uploads\/2025\/02\/WhatsApp-Image-2024-10-19-a-19.36.19_d2f3410c-1-768x1024.jpg\" class=\"attachment-large size-large wp-image-10206\" alt=\"\" srcset=\"https:\/\/995heritage.ch\/wp-content\/uploads\/2025\/02\/WhatsApp-Image-2024-10-19-a-19.36.19_d2f3410c-1-768x1024.jpg 768w, https:\/\/995heritage.ch\/wp-content\/uploads\/2025\/02\/WhatsApp-Image-2024-10-19-a-19.36.19_d2f3410c-1-225x300.jpg 225w, https:\/\/995heritage.ch\/wp-content\/uploads\/2025\/02\/WhatsApp-Image-2024-10-19-a-19.36.19_d2f3410c-1-1152x1536.jpg 1152w, https:\/\/995heritage.ch\/wp-content\/uploads\/2025\/02\/WhatsApp-Image-2024-10-19-a-19.36.19_d2f3410c-1.jpg 1200w\" sizes=\"(max-width: 768px) 100vw, 768px\" \/>\t\t\t\t\t\t\t\t\t\t\t\t\t\t\t<\/div>\n\t\t\t\t<\/div>\n\t\t\t\t<\/div>\n\t\t<div class=\"elementor-element elementor-element-331f4a2 e-con-full e-flex e-con e-child\" data-id=\"331f4a2\" data-element_type=\"container\" data-e-type=\"container\" data-settings=\"{&quot;background_background&quot;:&quot;classic&quot;}\">\n\t\t\t\t<div class=\"elementor-element elementor-element-6e0126b elementor-widget elementor-widget-heading\" data-id=\"6e0126b\" data-element_type=\"widget\" data-e-type=\"widget\" data-widget_type=\"heading.default\">\n\t\t\t\t<div class=\"elementor-widget-container\">\n\t\t\t\t\t<h3 class=\"elementor-heading-title elementor-size-default\">\u00bfC\u00f3mo funciona?<\/h3>\t\t\t\t<\/div>\n\t\t\t\t<\/div>\n\t\t\t\t<div class=\"elementor-element elementor-element-6a99922 elementor-widget elementor-widget-text-editor\" data-id=\"6a99922\" data-element_type=\"widget\" data-e-type=\"widget\" data-widget_type=\"text-editor.default\">\n\t\t\t\t<div class=\"elementor-widget-container\">\n\t\t\t\t\t\t\t\t\t<p style=\"text-align: center;\">Todo empieza con lo <strong>que t\u00fa quieres<\/strong>. T\u00fa nos dices <strong>lo que buscas<\/strong>, nosotros hacemos <strong>el trabajo<\/strong>. <\/p><p>\ud83d\udd0e <strong>Investigaci\u00f3n espec\u00edfica<\/strong>: Exploramos los mercados suizo e internacional para <strong>encontrar la mejor oportunidad<\/strong>.<br>\u2705 <strong>Validaci\u00f3n y control<\/strong>: <strong>Comprobamos cada detalle<\/strong> para evitar sorpresas desagradables.<br>\ud83d\udcac <strong>Negociaci\u00f3n y compra<\/strong>: <strong>Aseguramos la compra<\/strong> y optimizamos el precio para ti.<br>\ud83d\ude9b <strong>Transporte y tr\u00e1mites<\/strong>: Gestionamos <strong>la importaci\u00f3n, las aduanas y el registro<\/strong>.<\/p><p><strong>Investigaci\u00f3n eficaz, apoyo personalizado y resultados garantizados.<\/strong><\/p>\t\t\t\t\t\t\t\t<\/div>\n\t\t\t\t<\/div>\n\t\t\t\t<\/div>\n\t\t\t\t\t<\/div>\n\t\t\t\t<\/div>\n\t\t<div class=\"elementor-element elementor-element-c6165fd e-flex e-con-boxed e-con e-parent\" data-id=\"c6165fd\" data-element_type=\"container\" data-e-type=\"container\">\n\t\t\t\t\t<div class=\"e-con-inner\">\n\t\t<div class=\"elementor-element elementor-element-df2887d e-con-full e-flex e-con e-child\" data-id=\"df2887d\" data-element_type=\"container\" data-e-type=\"container\" data-settings=\"{&quot;background_background&quot;:&quot;classic&quot;}\">\n\t\t\t\t<div class=\"elementor-element elementor-element-586fd26 elementor-widget elementor-widget-text-editor\" data-id=\"586fd26\" data-element_type=\"widget\" data-e-type=\"widget\" data-widget_type=\"text-editor.default\">\n\t\t\t\t<div class=\"elementor-widget-container\">\n\t\t\t\t\t\t\t\t\t<p>\ud83d\udce9 <strong>\u00bfQuieres que tu pr\u00f3ximo veh\u00edculo est\u00e9 libre de estr\u00e9s?<\/strong> Ponte en contacto con nosotros y deja que nos encarguemos.<\/p>\t\t\t\t\t\t\t\t<\/div>\n\t\t\t\t<\/div>\n\t\t\t\t<div class=\"elementor-element elementor-element-fb87858 elementor-button-align-stretch elementor-widget elementor-widget-form\" data-id=\"fb87858\" data-element_type=\"widget\" data-e-type=\"widget\" data-settings=\"{&quot;step_next_label&quot;:&quot;Siguiente&quot;,&quot;step_previous_label&quot;:&quot;Anterior&quot;,&quot;step_type&quot;:&quot;number_text&quot;,&quot;step_icon_shape&quot;:&quot;circle&quot;}\" data-widget_type=\"form.default\">\n\t\t\t\t<div class=\"elementor-widget-container\">\n\t\t\t\t\t\t\t<form class=\"elementor-form\" method=\"post\" name=\"Nuevo formulario\" aria-label=\"Nuevo formulario\">\n\t\t\t<input type=\"hidden\" name=\"post_id\" value=\"10451\"\/>\n\t\t\t<input type=\"hidden\" name=\"form_id\" value=\"fb87858\"\/>\n\t\t\t<input type=\"hidden\" name=\"referer_title\" value=\"995 Heritage\" \/>\n\n\t\t\t\n\t\t\t<div class=\"elementor-form-fields-wrapper elementor-labels-above\">\n\t\t\t\t\t\t\t\t<div class=\"elementor-field-type-text elementor-field-group elementor-column elementor-field-group-name elementor-col-100\">\n\t\t\t\t\t\t\t\t\t\t\t\t<label for=\"form-field-name\" class=\"elementor-field-label\">\n\t\t\t\t\t\t\t\tNombre\t\t\t\t\t\t\t<\/label>\n\t\t\t\t\t\t\t\t\t\t\t\t\t\t<input size=\"1\" type=\"text\" name=\"form_fields[name]\" id=\"form-field-name\" class=\"elementor-field elementor-size-md  elementor-field-textual\" placeholder=\"Nombre\">\n\t\t\t\t\t\t\t\t\t\t\t<\/div>\n\t\t\t\t\t\t\t\t<div class=\"elementor-field-type-email elementor-field-group elementor-column elementor-field-group-email elementor-col-100 elementor-field-required elementor-mark-required\">\n\t\t\t\t\t\t\t\t\t\t\t\t<label for=\"form-field-email\" class=\"elementor-field-label\">\n\t\t\t\t\t\t\t\tCorreo electr\u00f3nico\t\t\t\t\t\t\t<\/label>\n\t\t\t\t\t\t\t\t\t\t\t\t\t\t<input size=\"1\" type=\"email\" name=\"form_fields[email]\" id=\"form-field-email\" class=\"elementor-field elementor-size-md  elementor-field-textual\" placeholder=\"Correo electr\u00f3nico\" required=\"required\">\n\t\t\t\t\t\t\t\t\t\t\t<\/div>\n\t\t\t\t\t\t\t\t<div class=\"elementor-field-type-textarea elementor-field-group elementor-column elementor-field-group-message elementor-col-100\">\n\t\t\t\t\t\t\t\t\t\t\t\t<label for=\"form-field-message\" class=\"elementor-field-label\">\n\t\t\t\t\t\t\t\tMensaje\t\t\t\t\t\t\t<\/label>\n\t\t\t\t\t\t<textarea class=\"elementor-field-textual elementor-field  elementor-size-md\" name=\"form_fields[message]\" id=\"form-field-message\" rows=\"4\" placeholder=\"Mensaje\"><\/textarea>\t\t\t\t<\/div>\n\t\t\t\t\t\t\t\t<div class=\"elementor-field-group elementor-column elementor-field-type-submit elementor-col-100 e-form__buttons\">\n\t\t\t\t\t<button class=\"elementor-button elementor-size-md\" type=\"submit\">\n\t\t\t\t\t\t<span class=\"elementor-button-content-wrapper\">\n\t\t\t\t\t\t\t\t\t\t\t\t\t\t\t\t\t\t\t\t\t\t<span class=\"elementor-button-text\">Env\u00eda<\/span>\n\t\t\t\t\t\t\t\t\t\t\t\t\t<\/span>\n\t\t\t\t\t<\/button>\n\t\t\t\t<\/div>\n\t\t\t<\/div>\n\t\t<\/form>\n\t\t\t\t\t\t<\/div>\n\t\t\t\t<\/div>\n\t\t\t\t<\/div>\n\t\t\t\t\t<\/div>\n\t\t\t\t<\/div>\n\t\t\t\t<\/div>\n\t\t","protected":false},"excerpt":{"rendered":"<p>El veh\u00edculo ideal existe. Nosotros lo encontraremos para ti. \u00bfTienes una idea clara del veh\u00edculo que quieres, pero no sabes d\u00f3nde encontrarlo ni c\u00f3mo asegurar su compra? Nos ocuparemos de todo. Gracias a nuestra experiencia y a nuestra red de socios en Suiza y en el extranjero, podemos identificar las mejores oportunidades y apoyarte en [&hellip;]<\/p>\n","protected":false},"author":2,"featured_media":0,"parent":10544,"menu_order":0,"comment_status":"closed","ping_status":"closed","template":"","meta":{"_acf_changed":false,"footnotes":""},"class_list":["post-10451","page","type-page","status-publish","hentry"],"acf":[],"yoast_head":"<!-- This site is optimized with the Yoast SEO plugin v27.5 - https:\/\/yoast.com\/product\/yoast-seo-wordpress\/ -->\n<title>Mandato \/ B\u00fasqueda de veh\u00edculos &#8211; 995 Heritage<\/title>\n<meta name=\"description\" content=\"995 Heritage encuentra tu veh\u00edculo ideal gracias a su servicio de b\u00fasqueda a medida y a una red de colaboradores en Suiza y en el extranjero.\" \/>\n<meta name=\"robots\" content=\"index, follow, max-snippet:-1, max-image-preview:large, max-video-preview:-1\" \/>\n<link rel=\"canonical\" href=\"https:\/\/995heritage.ch\/es\/nuestros-servicios\/mandato-busqueda-de-vehiculos\/\" \/>\n<meta property=\"og:locale\" content=\"es_ES\" \/>\n<meta property=\"og:type\" content=\"article\" \/>\n<meta property=\"og:title\" content=\"Mandato \/ B\u00fasqueda de veh\u00edculos &#8211; 995 Heritage\" \/>\n<meta property=\"og:description\" content=\"995 Heritage encuentra tu veh\u00edculo ideal gracias a su servicio de b\u00fasqueda a medida y a una red de colaboradores en Suiza y en el extranjero.\" \/>\n<meta property=\"og:url\" content=\"https:\/\/995heritage.ch\/es\/nuestros-servicios\/mandato-busqueda-de-vehiculos\/\" \/>\n<meta property=\"og:site_name\" content=\"995 Heritage\" \/>\n<meta property=\"article:modified_time\" content=\"2025-04-19T15:39:24+00:00\" \/>\n<meta property=\"og:image\" content=\"https:\/\/995heritage.ch\/wp-content\/uploads\/2025\/02\/WhatsApp-Image-2024-10-19-a-19.36.19_d2f3410c-1-768x1024.jpg\" \/>\n<meta name=\"twitter:card\" content=\"summary_large_image\" \/>\n<meta name=\"twitter:label1\" content=\"Tiempo de lectura\" \/>\n\t<meta name=\"twitter:data1\" content=\"1 minuto\" \/>\n<script type=\"application\/ld+json\" class=\"yoast-schema-graph\">{\"@context\":\"https:\\\/\\\/schema.org\",\"@graph\":[{\"@type\":\"WebPage\",\"@id\":\"https:\\\/\\\/995heritage.ch\\\/es\\\/nuestros-servicios\\\/mandato-busqueda-de-vehiculos\\\/\",\"url\":\"https:\\\/\\\/995heritage.ch\\\/es\\\/nuestros-servicios\\\/mandato-busqueda-de-vehiculos\\\/\",\"name\":\"Mandato \\\/ B\u00fasqueda de veh\u00edculos &#8211; 995 Heritage\",\"isPartOf\":{\"@id\":\"https:\\\/\\\/995heritage.ch\\\/es\\\/#website\"},\"primaryImageOfPage\":{\"@id\":\"https:\\\/\\\/995heritage.ch\\\/es\\\/nuestros-servicios\\\/mandato-busqueda-de-vehiculos\\\/#primaryimage\"},\"image\":{\"@id\":\"https:\\\/\\\/995heritage.ch\\\/es\\\/nuestros-servicios\\\/mandato-busqueda-de-vehiculos\\\/#primaryimage\"},\"thumbnailUrl\":\"https:\\\/\\\/995heritage.ch\\\/wp-content\\\/uploads\\\/2025\\\/02\\\/WhatsApp-Image-2024-10-19-a-19.36.19_d2f3410c-1-768x1024.jpg\",\"datePublished\":\"2025-02-03T10:00:39+00:00\",\"dateModified\":\"2025-04-19T15:39:24+00:00\",\"description\":\"995 Heritage encuentra tu veh\u00edculo ideal gracias a su servicio de b\u00fasqueda a medida y a una red de colaboradores en Suiza y en el extranjero.\",\"breadcrumb\":{\"@id\":\"https:\\\/\\\/995heritage.ch\\\/es\\\/nuestros-servicios\\\/mandato-busqueda-de-vehiculos\\\/#breadcrumb\"},\"inLanguage\":\"es\",\"potentialAction\":[{\"@type\":\"ReadAction\",\"target\":[\"https:\\\/\\\/995heritage.ch\\\/es\\\/nuestros-servicios\\\/mandato-busqueda-de-vehiculos\\\/\"]}]},{\"@type\":\"ImageObject\",\"inLanguage\":\"es\",\"@id\":\"https:\\\/\\\/995heritage.ch\\\/es\\\/nuestros-servicios\\\/mandato-busqueda-de-vehiculos\\\/#primaryimage\",\"url\":\"https:\\\/\\\/995heritage.ch\\\/wp-content\\\/uploads\\\/2025\\\/02\\\/WhatsApp-Image-2024-10-19-a-19.36.19_d2f3410c-1-768x1024.jpg\",\"contentUrl\":\"https:\\\/\\\/995heritage.ch\\\/wp-content\\\/uploads\\\/2025\\\/02\\\/WhatsApp-Image-2024-10-19-a-19.36.19_d2f3410c-1-768x1024.jpg\"},{\"@type\":\"BreadcrumbList\",\"@id\":\"https:\\\/\\\/995heritage.ch\\\/es\\\/nuestros-servicios\\\/mandato-busqueda-de-vehiculos\\\/#breadcrumb\",\"itemListElement\":[{\"@type\":\"ListItem\",\"position\":1,\"name\":\"Accueil\",\"item\":\"https:\\\/\\\/995heritage.ch\\\/es\\\/\"},{\"@type\":\"ListItem\",\"position\":2,\"name\":\"Nuestros servicios\",\"item\":\"https:\\\/\\\/995heritage.ch\\\/es\\\/?page_id=10544\"},{\"@type\":\"ListItem\",\"position\":3,\"name\":\"Mandato \\\/ B\u00fasqueda de veh\u00edculos\"}]},{\"@type\":\"WebSite\",\"@id\":\"https:\\\/\\\/995heritage.ch\\\/es\\\/#website\",\"url\":\"https:\\\/\\\/995heritage.ch\\\/es\\\/\",\"name\":\"Enhanced WordPress\",\"description\":\"\",\"publisher\":{\"@id\":\"https:\\\/\\\/995heritage.ch\\\/es\\\/#organization\"},\"potentialAction\":[{\"@type\":\"SearchAction\",\"target\":{\"@type\":\"EntryPoint\",\"urlTemplate\":\"https:\\\/\\\/995heritage.ch\\\/es\\\/?s={search_term_string}\"},\"query-input\":{\"@type\":\"PropertyValueSpecification\",\"valueRequired\":true,\"valueName\":\"search_term_string\"}}],\"inLanguage\":\"es\"},{\"@type\":\"Organization\",\"@id\":\"https:\\\/\\\/995heritage.ch\\\/es\\\/#organization\",\"name\":\"995 Heritage\",\"url\":\"https:\\\/\\\/995heritage.ch\\\/es\\\/\",\"logo\":{\"@type\":\"ImageObject\",\"inLanguage\":\"es\",\"@id\":\"https:\\\/\\\/995heritage.ch\\\/es\\\/#\\\/schema\\\/logo\\\/image\\\/\",\"url\":\"https:\\\/\\\/995heritage.ch\\\/wp-content\\\/uploads\\\/2025\\\/02\\\/cropped-Heritage5.jpg\",\"contentUrl\":\"https:\\\/\\\/995heritage.ch\\\/wp-content\\\/uploads\\\/2025\\\/02\\\/cropped-Heritage5.jpg\",\"width\":512,\"height\":512,\"caption\":\"995 Heritage\"},\"image\":{\"@id\":\"https:\\\/\\\/995heritage.ch\\\/es\\\/#\\\/schema\\\/logo\\\/image\\\/\"}}]}<\/script>\n<!-- \/ Yoast SEO plugin. -->","yoast_head_json":{"title":"Mandato \/ B\u00fasqueda de veh\u00edculos &#8211; 995 Heritage","description":"995 Heritage encuentra tu veh\u00edculo ideal gracias a su servicio de b\u00fasqueda a medida y a una red de colaboradores en Suiza y en el extranjero.","robots":{"index":"index","follow":"follow","max-snippet":"max-snippet:-1","max-image-preview":"max-image-preview:large","max-video-preview":"max-video-preview:-1"},"canonical":"https:\/\/995heritage.ch\/es\/nuestros-servicios\/mandato-busqueda-de-vehiculos\/","og_locale":"es_ES","og_type":"article","og_title":"Mandato \/ B\u00fasqueda de veh\u00edculos &#8211; 995 Heritage","og_description":"995 Heritage encuentra tu veh\u00edculo ideal gracias a su servicio de b\u00fasqueda a medida y a una red de colaboradores en Suiza y en el extranjero.","og_url":"https:\/\/995heritage.ch\/es\/nuestros-servicios\/mandato-busqueda-de-vehiculos\/","og_site_name":"995 Heritage","article_modified_time":"2025-04-19T15:39:24+00:00","og_image":[{"url":"https:\/\/995heritage.ch\/wp-content\/uploads\/2025\/02\/WhatsApp-Image-2024-10-19-a-19.36.19_d2f3410c-1-768x1024.jpg","type":"","width":"","height":""}],"twitter_card":"summary_large_image","twitter_misc":{"Tiempo de lectura":"1 minuto"},"schema":{"@context":"https:\/\/schema.org","@graph":[{"@type":"WebPage","@id":"https:\/\/995heritage.ch\/es\/nuestros-servicios\/mandato-busqueda-de-vehiculos\/","url":"https:\/\/995heritage.ch\/es\/nuestros-servicios\/mandato-busqueda-de-vehiculos\/","name":"Mandato \/ B\u00fasqueda de veh\u00edculos &#8211; 995 Heritage","isPartOf":{"@id":"https:\/\/995heritage.ch\/es\/#website"},"primaryImageOfPage":{"@id":"https:\/\/995heritage.ch\/es\/nuestros-servicios\/mandato-busqueda-de-vehiculos\/#primaryimage"},"image":{"@id":"https:\/\/995heritage.ch\/es\/nuestros-servicios\/mandato-busqueda-de-vehiculos\/#primaryimage"},"thumbnailUrl":"https:\/\/995heritage.ch\/wp-content\/uploads\/2025\/02\/WhatsApp-Image-2024-10-19-a-19.36.19_d2f3410c-1-768x1024.jpg","datePublished":"2025-02-03T10:00:39+00:00","dateModified":"2025-04-19T15:39:24+00:00","description":"995 Heritage encuentra tu veh\u00edculo ideal gracias a su servicio de b\u00fasqueda a medida y a una red de colaboradores en Suiza y en el extranjero.","breadcrumb":{"@id":"https:\/\/995heritage.ch\/es\/nuestros-servicios\/mandato-busqueda-de-vehiculos\/#breadcrumb"},"inLanguage":"es","potentialAction":[{"@type":"ReadAction","target":["https:\/\/995heritage.ch\/es\/nuestros-servicios\/mandato-busqueda-de-vehiculos\/"]}]},{"@type":"ImageObject","inLanguage":"es","@id":"https:\/\/995heritage.ch\/es\/nuestros-servicios\/mandato-busqueda-de-vehiculos\/#primaryimage","url":"https:\/\/995heritage.ch\/wp-content\/uploads\/2025\/02\/WhatsApp-Image-2024-10-19-a-19.36.19_d2f3410c-1-768x1024.jpg","contentUrl":"https:\/\/995heritage.ch\/wp-content\/uploads\/2025\/02\/WhatsApp-Image-2024-10-19-a-19.36.19_d2f3410c-1-768x1024.jpg"},{"@type":"BreadcrumbList","@id":"https:\/\/995heritage.ch\/es\/nuestros-servicios\/mandato-busqueda-de-vehiculos\/#breadcrumb","itemListElement":[{"@type":"ListItem","position":1,"name":"Accueil","item":"https:\/\/995heritage.ch\/es\/"},{"@type":"ListItem","position":2,"name":"Nuestros servicios","item":"https:\/\/995heritage.ch\/es\/?page_id=10544"},{"@type":"ListItem","position":3,"name":"Mandato \/ B\u00fasqueda de veh\u00edculos"}]},{"@type":"WebSite","@id":"https:\/\/995heritage.ch\/es\/#website","url":"https:\/\/995heritage.ch\/es\/","name":"Enhanced WordPress","description":"","publisher":{"@id":"https:\/\/995heritage.ch\/es\/#organization"},"potentialAction":[{"@type":"SearchAction","target":{"@type":"EntryPoint","urlTemplate":"https:\/\/995heritage.ch\/es\/?s={search_term_string}"},"query-input":{"@type":"PropertyValueSpecification","valueRequired":true,"valueName":"search_term_string"}}],"inLanguage":"es"},{"@type":"Organization","@id":"https:\/\/995heritage.ch\/es\/#organization","name":"995 Heritage","url":"https:\/\/995heritage.ch\/es\/","logo":{"@type":"ImageObject","inLanguage":"es","@id":"https:\/\/995heritage.ch\/es\/#\/schema\/logo\/image\/","url":"https:\/\/995heritage.ch\/wp-content\/uploads\/2025\/02\/cropped-Heritage5.jpg","contentUrl":"https:\/\/995heritage.ch\/wp-content\/uploads\/2025\/02\/cropped-Heritage5.jpg","width":512,"height":512,"caption":"995 Heritage"},"image":{"@id":"https:\/\/995heritage.ch\/es\/#\/schema\/logo\/image\/"}}]}},"meta_box":[],"_links":{"self":[{"href":"https:\/\/995heritage.ch\/es\/wp-json\/wp\/v2\/pages\/10451","targetHints":{"allow":["GET"]}}],"collection":[{"href":"https:\/\/995heritage.ch\/es\/wp-json\/wp\/v2\/pages"}],"about":[{"href":"https:\/\/995heritage.ch\/es\/wp-json\/wp\/v2\/types\/page"}],"author":[{"embeddable":true,"href":"https:\/\/995heritage.ch\/es\/wp-json\/wp\/v2\/users\/2"}],"replies":[{"embeddable":true,"href":"https:\/\/995heritage.ch\/es\/wp-json\/wp\/v2\/comments?post=10451"}],"version-history":[{"count":2,"href":"https:\/\/995heritage.ch\/es\/wp-json\/wp\/v2\/pages\/10451\/revisions"}],"predecessor-version":[{"id":10455,"href":"https:\/\/995heritage.ch\/es\/wp-json\/wp\/v2\/pages\/10451\/revisions\/10455"}],"up":[{"embeddable":true,"href":"https:\/\/995heritage.ch\/es\/wp-json\/wp\/v2\/pages\/10544"}],"wp:attachment":[{"href":"https:\/\/995heritage.ch\/es\/wp-json\/wp\/v2\/media?parent=10451"}],"curies":[{"name":"wp","href":"https:\/\/api.w.org\/{rel}","templated":true}]}}