{"id":10438,"date":"2025-02-03T11:01:10","date_gmt":"2025-02-03T10:01:10","guid":{"rendered":"https:\/\/995heritage.ch\/compra-adquisicion\/"},"modified":"2026-02-07T16:31:48","modified_gmt":"2026-02-07T15:31:48","slug":"compra-adquisicion","status":"publish","type":"page","link":"https:\/\/995heritage.ch\/es\/nuestros-servicios\/compra-adquisicion\/","title":{"rendered":"Compra \/ Adquisici\u00f3n"},"content":{"rendered":"\t\t<div data-elementor-type=\"wp-page\" data-elementor-id=\"10438\" class=\"elementor elementor-10438\" data-elementor-post-type=\"page\">\n\t\t\t\t<div class=\"elementor-element elementor-element-1649dda e-flex e-con-boxed e-con e-parent\" data-id=\"1649dda\" data-element_type=\"container\" data-e-type=\"container\">\n\t\t\t\t\t<div class=\"e-con-inner\">\n\t\t\t\t<div class=\"elementor-element elementor-element-cbe5f38 elementor-align-center elementor-widget elementor-widget-breadcrumbs\" data-id=\"cbe5f38\" data-element_type=\"widget\" data-e-type=\"widget\" data-widget_type=\"breadcrumbs.default\">\n\t\t\t\t<div class=\"elementor-widget-container\">\n\t\t\t\t\t<p id=\"breadcrumbs\"><span><span><a href=\"https:\/\/995heritage.ch\/es\/\">Accueil<\/a><\/span><\/span><\/p>\t\t\t\t<\/div>\n\t\t\t\t<\/div>\n\t\t\t\t\t<\/div>\n\t\t\t\t<\/div>\n\t\t<div class=\"elementor-element elementor-element-5c03063 e-flex e-con-boxed e-con e-parent\" data-id=\"5c03063\" data-element_type=\"container\" data-e-type=\"container\">\n\t\t\t\t\t<div class=\"e-con-inner\">\n\t\t<div class=\"elementor-element elementor-element-87b7f2d e-con-full e-flex e-con e-child\" data-id=\"87b7f2d\" data-element_type=\"container\" data-e-type=\"container\" data-settings=\"{&quot;background_background&quot;:&quot;classic&quot;}\">\n\t\t\t\t<div class=\"elementor-element elementor-element-07ec287 elementor-widget elementor-widget-heading\" data-id=\"07ec287\" data-element_type=\"widget\" data-e-type=\"widget\" data-widget_type=\"heading.default\">\n\t\t\t\t<div class=\"elementor-widget-container\">\n\t\t\t\t\t<h1 class=\"elementor-heading-title elementor-size-default\">Vende tu veh\u00edculo de forma sencilla, r\u00e1pida y con total confianza.<\/h1>\t\t\t\t<\/div>\n\t\t\t\t<\/div>\n\t\t\t\t<div class=\"elementor-element elementor-element-6e20c61 elementor-widget elementor-widget-text-editor\" data-id=\"6e20c61\" data-element_type=\"widget\" data-e-type=\"widget\" data-widget_type=\"text-editor.default\">\n\t\t\t\t<div class=\"elementor-widget-container\">\n\t\t\t\t\t\t\t\t\t<p>Tanto si quieres vender tu coche r\u00e1pidamente como si est\u00e1s pensando en cambiarlo, <strong>podemos ofrecerte una soluci\u00f3n sencilla y eficaz<\/strong>.<\/p>\t\t\t\t\t\t\t\t<\/div>\n\t\t\t\t<\/div>\n\t\t\t\t<\/div>\n\t\t\t\t\t<\/div>\n\t\t\t\t<\/div>\n\t\t<div class=\"elementor-element elementor-element-2b0cf3c e-flex e-con-boxed e-con e-parent\" data-id=\"2b0cf3c\" data-element_type=\"container\" data-e-type=\"container\">\n\t\t\t\t\t<div class=\"e-con-inner\">\n\t\t<div class=\"elementor-element elementor-element-aeddc33 e-con-full e-flex e-con e-child\" data-id=\"aeddc33\" data-element_type=\"container\" data-e-type=\"container\" data-settings=\"{&quot;background_background&quot;:&quot;classic&quot;}\">\n\t\t\t\t<div class=\"elementor-element elementor-element-89cb402 elementor-widget elementor-widget-heading\" data-id=\"89cb402\" data-element_type=\"widget\" data-e-type=\"widget\" data-widget_type=\"heading.default\">\n\t\t\t\t<div class=\"elementor-widget-container\">\n\t\t\t\t\t<h2 class=\"elementor-heading-title elementor-size-default\">\u00bfPor qu\u00e9 pasar por 995 Heritage?<\/h2>\t\t\t\t<\/div>\n\t\t\t\t<\/div>\n\t\t\t\t<div class=\"elementor-element elementor-element-ebcd31f elementor-widget elementor-widget-text-editor\" data-id=\"ebcd31f\" data-element_type=\"widget\" data-e-type=\"widget\" data-widget_type=\"text-editor.default\">\n\t\t\t\t<div class=\"elementor-widget-container\">\n\t\t\t\t\t\t\t\t\t<p style=\"text-align: left;\">\u2714 <strong>Intercambio inmediato, sin obligaci\u00f3n de compra<\/strong> \u2192 Vendes tu veh\u00edculo sin limitaciones, ya sea para comprar otro modelo o simplemente para desprenderte de \u00e9l.<br>\u2714 <strong>Valoraci\u00f3n r\u00e1pida y transparente<\/strong> \u2192 Una <strong>valoraci\u00f3n previa online<\/strong> y una <strong>valoraci\u00f3n definitiva in situ<\/strong> para garantizarte una oferta justa.<br>\u2714 <strong>Pago inmediato<\/strong> \u2192 Sin esperas ni pasos complicados: una vez cerrado el trato, el pago se realiza de inmediato.<br>\u2714 <strong>Un servicio sin estr\u00e9s<\/strong> \u2192 Evita largas negociaciones y compradores indecisos, nosotros nos encargamos de todo.<\/p>\t\t\t\t\t\t\t\t<\/div>\n\t\t\t\t<\/div>\n\t\t\t\t<\/div>\n\t\t\t\t\t<\/div>\n\t\t\t\t<\/div>\n\t\t<div class=\"elementor-element elementor-element-57e6bb1 e-flex e-con-boxed e-con e-parent\" data-id=\"57e6bb1\" data-element_type=\"container\" data-e-type=\"container\">\n\t\t\t\t\t<div class=\"e-con-inner\">\n\t\t<div class=\"elementor-element elementor-element-074d49d e-con-full e-flex e-con e-child\" data-id=\"074d49d\" data-element_type=\"container\" data-e-type=\"container\">\n\t\t\t\t<div class=\"elementor-element elementor-element-8881909 elementor-widget elementor-widget-image\" data-id=\"8881909\" data-element_type=\"widget\" data-e-type=\"widget\" data-widget_type=\"image.default\">\n\t\t\t\t<div class=\"elementor-widget-container\">\n\t\t\t\t\t\t\t\t\t\t\t\t\t\t\t<img decoding=\"async\" width=\"768\" height=\"1024\" src=\"https:\/\/995heritage.ch\/wp-content\/uploads\/2025\/02\/IMG_4190-768x1024.jpg\" class=\"attachment-large size-large wp-image-10034\" alt=\"\" srcset=\"https:\/\/995heritage.ch\/wp-content\/uploads\/2025\/02\/IMG_4190-768x1024.jpg 768w, https:\/\/995heritage.ch\/wp-content\/uploads\/2025\/02\/IMG_4190-225x300.jpg 225w, https:\/\/995heritage.ch\/wp-content\/uploads\/2025\/02\/IMG_4190-1152x1536.jpg 1152w, https:\/\/995heritage.ch\/wp-content\/uploads\/2025\/02\/IMG_4190-1536x2048.jpg 1536w, https:\/\/995heritage.ch\/wp-content\/uploads\/2025\/02\/IMG_4190-scaled.jpg 1920w\" sizes=\"(max-width: 768px) 100vw, 768px\" \/>\t\t\t\t\t\t\t\t\t\t\t\t\t\t\t<\/div>\n\t\t\t\t<\/div>\n\t\t\t\t<\/div>\n\t\t<div class=\"elementor-element elementor-element-3540259 e-con-full e-flex e-con e-child\" data-id=\"3540259\" data-element_type=\"container\" data-e-type=\"container\" data-settings=\"{&quot;background_background&quot;:&quot;classic&quot;}\">\n\t\t\t\t<div class=\"elementor-element elementor-element-c81b561 elementor-widget elementor-widget-heading\" data-id=\"c81b561\" data-element_type=\"widget\" data-e-type=\"widget\" data-widget_type=\"heading.default\">\n\t\t\t\t<div class=\"elementor-widget-container\">\n\t\t\t\t\t<h2 class=\"elementor-heading-title elementor-size-default\">\u00bfC\u00f3mo funciona?<\/h2>\t\t\t\t<\/div>\n\t\t\t\t<\/div>\n\t\t\t\t<div class=\"elementor-element elementor-element-d1535c8 elementor-widget elementor-widget-text-editor\" data-id=\"d1535c8\" data-element_type=\"widget\" data-e-type=\"widget\" data-widget_type=\"text-editor.default\">\n\t\t\t\t<div class=\"elementor-widget-container\">\n\t\t\t\t\t\t\t\t\t<p>\ud83d\udccc <strong>1. Solicita un presupuesto<\/strong> \u2192 Env\u00edanos los datos de tu veh\u00edculo para una valoraci\u00f3n inicial.<br>\ud83d\udccc <strong>2. Tasaci\u00f3n in situ<\/strong> \u2192 Juntos comprobamos el estado del veh\u00edculo para elaborar una oferta final.<br>\ud83d\udccc <strong>3. Pago inmediato<\/strong> \u2192 Una vez validado el acuerdo, te vas con tu dinero, sin esperas.<\/p>\t\t\t\t\t\t\t\t<\/div>\n\t\t\t\t<\/div>\n\t\t\t\t<\/div>\n\t\t\t\t\t<\/div>\n\t\t\t\t<\/div>\n\t\t<div class=\"elementor-element elementor-element-29875c5 e-flex e-con-boxed e-con e-parent\" data-id=\"29875c5\" data-element_type=\"container\" data-e-type=\"container\">\n\t\t\t\t\t<div class=\"e-con-inner\">\n\t\t<div class=\"elementor-element elementor-element-5673519 e-con-full e-flex e-con e-child\" data-id=\"5673519\" data-element_type=\"container\" data-e-type=\"container\" data-settings=\"{&quot;background_background&quot;:&quot;classic&quot;}\">\n\t\t\t\t<div class=\"elementor-element elementor-element-9a040d4 elementor-widget elementor-widget-text-editor\" data-id=\"9a040d4\" data-element_type=\"widget\" data-e-type=\"widget\" data-widget_type=\"text-editor.default\">\n\t\t\t\t<div class=\"elementor-widget-container\">\n\t\t\t\t\t\t\t\t\t<p>\ud83d\udce9 <strong>\u00bfQuieres vender tu veh\u00edculo sin quebraderos de cabeza?<\/strong> Ponte en contacto con nosotros y obt\u00e9n un presupuesto hoy mismo.<\/p>\t\t\t\t\t\t\t\t<\/div>\n\t\t\t\t<\/div>\n\t\t\t\t<div class=\"elementor-element elementor-element-991ac81 elementor-button-align-stretch elementor-widget elementor-widget-form\" data-id=\"991ac81\" data-element_type=\"widget\" data-e-type=\"widget\" data-settings=\"{&quot;step_next_label&quot;:&quot;Siguiente&quot;,&quot;step_previous_label&quot;:&quot;Anterior&quot;,&quot;step_type&quot;:&quot;number_text&quot;,&quot;step_icon_shape&quot;:&quot;circle&quot;}\" data-widget_type=\"form.default\">\n\t\t\t\t<div class=\"elementor-widget-container\">\n\t\t\t\t\t\t\t<form class=\"elementor-form\" method=\"post\" name=\"Nuevo formulario\" aria-label=\"Nuevo formulario\">\n\t\t\t<input type=\"hidden\" name=\"post_id\" value=\"10438\"\/>\n\t\t\t<input type=\"hidden\" name=\"form_id\" value=\"991ac81\"\/>\n\t\t\t<input type=\"hidden\" name=\"referer_title\" value=\"Compra \/ Adquisici\u00f3n &#8211; 995 Heritage\" \/>\n\n\t\t\t\t\t\t\t<input type=\"hidden\" name=\"queried_id\" value=\"10438\"\/>\n\t\t\t\n\t\t\t<div class=\"elementor-form-fields-wrapper elementor-labels-above\">\n\t\t\t\t\t\t\t\t<div class=\"elementor-field-type-text elementor-field-group elementor-column elementor-field-group-name elementor-col-100\">\n\t\t\t\t\t\t\t\t\t\t\t\t<label for=\"form-field-name\" class=\"elementor-field-label\">\n\t\t\t\t\t\t\t\tNombre\t\t\t\t\t\t\t<\/label>\n\t\t\t\t\t\t\t\t\t\t\t\t\t\t<input size=\"1\" type=\"text\" name=\"form_fields[name]\" id=\"form-field-name\" class=\"elementor-field elementor-size-md  elementor-field-textual\" placeholder=\"Nombre\">\n\t\t\t\t\t\t\t\t\t\t\t<\/div>\n\t\t\t\t\t\t\t\t<div class=\"elementor-field-type-email elementor-field-group elementor-column elementor-field-group-email elementor-col-100 elementor-field-required elementor-mark-required\">\n\t\t\t\t\t\t\t\t\t\t\t\t<label for=\"form-field-email\" class=\"elementor-field-label\">\n\t\t\t\t\t\t\t\tCorreo electr\u00f3nico\t\t\t\t\t\t\t<\/label>\n\t\t\t\t\t\t\t\t\t\t\t\t\t\t<input size=\"1\" type=\"email\" name=\"form_fields[email]\" id=\"form-field-email\" class=\"elementor-field elementor-size-md  elementor-field-textual\" placeholder=\"Correo electr\u00f3nico\" required=\"required\">\n\t\t\t\t\t\t\t\t\t\t\t<\/div>\n\t\t\t\t\t\t\t\t<div class=\"elementor-field-type-textarea elementor-field-group elementor-column elementor-field-group-message elementor-col-100\">\n\t\t\t\t\t\t\t\t\t\t\t\t<label for=\"form-field-message\" class=\"elementor-field-label\">\n\t\t\t\t\t\t\t\tMensaje\t\t\t\t\t\t\t<\/label>\n\t\t\t\t\t\t<textarea class=\"elementor-field-textual elementor-field  elementor-size-md\" name=\"form_fields[message]\" id=\"form-field-message\" rows=\"4\" placeholder=\"Mensaje\"><\/textarea>\t\t\t\t<\/div>\n\t\t\t\t\t\t\t\t<div class=\"elementor-field-group elementor-column elementor-field-type-submit elementor-col-100 e-form__buttons\">\n\t\t\t\t\t<button class=\"elementor-button elementor-size-md\" type=\"submit\">\n\t\t\t\t\t\t<span class=\"elementor-button-content-wrapper\">\n\t\t\t\t\t\t\t\t\t\t\t\t\t\t\t\t\t\t\t\t\t\t<span class=\"elementor-button-text\">Env\u00eda<\/span>\n\t\t\t\t\t\t\t\t\t\t\t\t\t<\/span>\n\t\t\t\t\t<\/button>\n\t\t\t\t<\/div>\n\t\t\t<\/div>\n\t\t<\/form>\n\t\t\t\t\t\t<\/div>\n\t\t\t\t<\/div>\n\t\t\t\t<\/div>\n\t\t\t\t\t<\/div>\n\t\t\t\t<\/div>\n\t\t\t\t<\/div>\n\t\t","protected":false},"excerpt":{"rendered":"<p>Vende tu veh\u00edculo de forma sencilla, r\u00e1pida y con total confianza. Tanto si quieres vender tu coche r\u00e1pidamente como si est\u00e1s pensando en cambiarlo, podemos ofrecerte una soluci\u00f3n sencilla y eficaz. \u00bfPor qu\u00e9 pasar por 995 Heritage? \u2714 Intercambio inmediato, sin obligaci\u00f3n de compra \u2192 Vendes tu veh\u00edculo sin limitaciones, ya sea para comprar otro [&hellip;]<\/p>\n","protected":false},"author":2,"featured_media":0,"parent":10544,"menu_order":0,"comment_status":"closed","ping_status":"closed","template":"","meta":{"_acf_changed":false,"footnotes":""},"class_list":["post-10438","page","type-page","status-publish","hentry"],"acf":[],"yoast_head":"<!-- This site is optimized with the Yoast SEO plugin v27.5 - https:\/\/yoast.com\/product\/yoast-seo-wordpress\/ -->\n<title>Compra \/ Adquisici\u00f3n &#8211; 995 Heritage<\/title>\n<meta name=\"description\" content=\"995 Heritage puede ayudarte a comprar o cambiar tu veh\u00edculo en Suiza con una tasaci\u00f3n a medida y una valoraci\u00f3n justa.\" \/>\n<meta name=\"robots\" content=\"index, follow, max-snippet:-1, max-image-preview:large, max-video-preview:-1\" \/>\n<link rel=\"canonical\" href=\"https:\/\/995heritage.ch\/es\/nuestros-servicios\/compra-adquisicion\/\" \/>\n<meta property=\"og:locale\" content=\"es_ES\" \/>\n<meta property=\"og:type\" content=\"article\" \/>\n<meta property=\"og:title\" content=\"Compra \/ Adquisici\u00f3n &#8211; 995 Heritage\" \/>\n<meta property=\"og:description\" content=\"995 Heritage puede ayudarte a comprar o cambiar tu veh\u00edculo en Suiza con una tasaci\u00f3n a medida y una valoraci\u00f3n justa.\" \/>\n<meta property=\"og:url\" content=\"https:\/\/995heritage.ch\/es\/nuestros-servicios\/compra-adquisicion\/\" \/>\n<meta property=\"og:site_name\" content=\"995 Heritage\" \/>\n<meta property=\"article:modified_time\" content=\"2026-02-07T15:31:48+00:00\" \/>\n<meta name=\"twitter:card\" content=\"summary_large_image\" \/>\n<meta name=\"twitter:label1\" content=\"Tiempo de lectura\" \/>\n\t<meta name=\"twitter:data1\" content=\"1 minuto\" \/>\n<script type=\"application\/ld+json\" class=\"yoast-schema-graph\">{\"@context\":\"https:\\\/\\\/schema.org\",\"@graph\":[{\"@type\":\"WebPage\",\"@id\":\"https:\\\/\\\/995heritage.ch\\\/es\\\/nuestros-servicios\\\/compra-adquisicion\\\/\",\"url\":\"https:\\\/\\\/995heritage.ch\\\/es\\\/nuestros-servicios\\\/compra-adquisicion\\\/\",\"name\":\"Compra \\\/ Adquisici\u00f3n &#8211; 995 Heritage\",\"isPartOf\":{\"@id\":\"https:\\\/\\\/995heritage.ch\\\/es\\\/#website\"},\"primaryImageOfPage\":{\"@id\":\"https:\\\/\\\/995heritage.ch\\\/es\\\/nuestros-servicios\\\/compra-adquisicion\\\/#primaryimage\"},\"image\":{\"@id\":\"https:\\\/\\\/995heritage.ch\\\/es\\\/nuestros-servicios\\\/compra-adquisicion\\\/#primaryimage\"},\"thumbnailUrl\":\"https:\\\/\\\/995heritage.ch\\\/wp-content\\\/uploads\\\/2025\\\/02\\\/IMG_4190-768x1024.jpg\",\"datePublished\":\"2025-02-03T10:01:10+00:00\",\"dateModified\":\"2026-02-07T15:31:48+00:00\",\"description\":\"995 Heritage puede ayudarte a comprar o cambiar tu veh\u00edculo en Suiza con una tasaci\u00f3n a medida y una valoraci\u00f3n justa.\",\"breadcrumb\":{\"@id\":\"https:\\\/\\\/995heritage.ch\\\/es\\\/nuestros-servicios\\\/compra-adquisicion\\\/#breadcrumb\"},\"inLanguage\":\"es\",\"potentialAction\":[{\"@type\":\"ReadAction\",\"target\":[\"https:\\\/\\\/995heritage.ch\\\/es\\\/nuestros-servicios\\\/compra-adquisicion\\\/\"]}]},{\"@type\":\"ImageObject\",\"inLanguage\":\"es\",\"@id\":\"https:\\\/\\\/995heritage.ch\\\/es\\\/nuestros-servicios\\\/compra-adquisicion\\\/#primaryimage\",\"url\":\"https:\\\/\\\/995heritage.ch\\\/wp-content\\\/uploads\\\/2025\\\/02\\\/IMG_4190-768x1024.jpg\",\"contentUrl\":\"https:\\\/\\\/995heritage.ch\\\/wp-content\\\/uploads\\\/2025\\\/02\\\/IMG_4190-768x1024.jpg\"},{\"@type\":\"BreadcrumbList\",\"@id\":\"https:\\\/\\\/995heritage.ch\\\/es\\\/nuestros-servicios\\\/compra-adquisicion\\\/#breadcrumb\",\"itemListElement\":[{\"@type\":\"ListItem\",\"position\":1,\"name\":\"Accueil\",\"item\":\"https:\\\/\\\/995heritage.ch\\\/es\\\/\"},{\"@type\":\"ListItem\",\"position\":2,\"name\":\"Nuestros servicios\",\"item\":\"https:\\\/\\\/995heritage.ch\\\/es\\\/?page_id=10544\"},{\"@type\":\"ListItem\",\"position\":3,\"name\":\"Compra \\\/ Adquisici\u00f3n\"}]},{\"@type\":\"WebSite\",\"@id\":\"https:\\\/\\\/995heritage.ch\\\/es\\\/#website\",\"url\":\"https:\\\/\\\/995heritage.ch\\\/es\\\/\",\"name\":\"Enhanced WordPress\",\"description\":\"\",\"publisher\":{\"@id\":\"https:\\\/\\\/995heritage.ch\\\/es\\\/#organization\"},\"potentialAction\":[{\"@type\":\"SearchAction\",\"target\":{\"@type\":\"EntryPoint\",\"urlTemplate\":\"https:\\\/\\\/995heritage.ch\\\/es\\\/?s={search_term_string}\"},\"query-input\":{\"@type\":\"PropertyValueSpecification\",\"valueRequired\":true,\"valueName\":\"search_term_string\"}}],\"inLanguage\":\"es\"},{\"@type\":\"Organization\",\"@id\":\"https:\\\/\\\/995heritage.ch\\\/es\\\/#organization\",\"name\":\"995 Heritage\",\"url\":\"https:\\\/\\\/995heritage.ch\\\/es\\\/\",\"logo\":{\"@type\":\"ImageObject\",\"inLanguage\":\"es\",\"@id\":\"https:\\\/\\\/995heritage.ch\\\/es\\\/#\\\/schema\\\/logo\\\/image\\\/\",\"url\":\"https:\\\/\\\/995heritage.ch\\\/wp-content\\\/uploads\\\/2025\\\/02\\\/cropped-Heritage5.jpg\",\"contentUrl\":\"https:\\\/\\\/995heritage.ch\\\/wp-content\\\/uploads\\\/2025\\\/02\\\/cropped-Heritage5.jpg\",\"width\":512,\"height\":512,\"caption\":\"995 Heritage\"},\"image\":{\"@id\":\"https:\\\/\\\/995heritage.ch\\\/es\\\/#\\\/schema\\\/logo\\\/image\\\/\"}}]}<\/script>\n<!-- \/ Yoast SEO plugin. -->","yoast_head_json":{"title":"Compra \/ Adquisici\u00f3n &#8211; 995 Heritage","description":"995 Heritage puede ayudarte a comprar o cambiar tu veh\u00edculo en Suiza con una tasaci\u00f3n a medida y una valoraci\u00f3n justa.","robots":{"index":"index","follow":"follow","max-snippet":"max-snippet:-1","max-image-preview":"max-image-preview:large","max-video-preview":"max-video-preview:-1"},"canonical":"https:\/\/995heritage.ch\/es\/nuestros-servicios\/compra-adquisicion\/","og_locale":"es_ES","og_type":"article","og_title":"Compra \/ Adquisici\u00f3n &#8211; 995 Heritage","og_description":"995 Heritage puede ayudarte a comprar o cambiar tu veh\u00edculo en Suiza con una tasaci\u00f3n a medida y una valoraci\u00f3n justa.","og_url":"https:\/\/995heritage.ch\/es\/nuestros-servicios\/compra-adquisicion\/","og_site_name":"995 Heritage","article_modified_time":"2026-02-07T15:31:48+00:00","twitter_card":"summary_large_image","twitter_misc":{"Tiempo de lectura":"1 minuto"},"schema":{"@context":"https:\/\/schema.org","@graph":[{"@type":"WebPage","@id":"https:\/\/995heritage.ch\/es\/nuestros-servicios\/compra-adquisicion\/","url":"https:\/\/995heritage.ch\/es\/nuestros-servicios\/compra-adquisicion\/","name":"Compra \/ Adquisici\u00f3n &#8211; 995 Heritage","isPartOf":{"@id":"https:\/\/995heritage.ch\/es\/#website"},"primaryImageOfPage":{"@id":"https:\/\/995heritage.ch\/es\/nuestros-servicios\/compra-adquisicion\/#primaryimage"},"image":{"@id":"https:\/\/995heritage.ch\/es\/nuestros-servicios\/compra-adquisicion\/#primaryimage"},"thumbnailUrl":"https:\/\/995heritage.ch\/wp-content\/uploads\/2025\/02\/IMG_4190-768x1024.jpg","datePublished":"2025-02-03T10:01:10+00:00","dateModified":"2026-02-07T15:31:48+00:00","description":"995 Heritage puede ayudarte a comprar o cambiar tu veh\u00edculo en Suiza con una tasaci\u00f3n a medida y una valoraci\u00f3n justa.","breadcrumb":{"@id":"https:\/\/995heritage.ch\/es\/nuestros-servicios\/compra-adquisicion\/#breadcrumb"},"inLanguage":"es","potentialAction":[{"@type":"ReadAction","target":["https:\/\/995heritage.ch\/es\/nuestros-servicios\/compra-adquisicion\/"]}]},{"@type":"ImageObject","inLanguage":"es","@id":"https:\/\/995heritage.ch\/es\/nuestros-servicios\/compra-adquisicion\/#primaryimage","url":"https:\/\/995heritage.ch\/wp-content\/uploads\/2025\/02\/IMG_4190-768x1024.jpg","contentUrl":"https:\/\/995heritage.ch\/wp-content\/uploads\/2025\/02\/IMG_4190-768x1024.jpg"},{"@type":"BreadcrumbList","@id":"https:\/\/995heritage.ch\/es\/nuestros-servicios\/compra-adquisicion\/#breadcrumb","itemListElement":[{"@type":"ListItem","position":1,"name":"Accueil","item":"https:\/\/995heritage.ch\/es\/"},{"@type":"ListItem","position":2,"name":"Nuestros servicios","item":"https:\/\/995heritage.ch\/es\/?page_id=10544"},{"@type":"ListItem","position":3,"name":"Compra \/ Adquisici\u00f3n"}]},{"@type":"WebSite","@id":"https:\/\/995heritage.ch\/es\/#website","url":"https:\/\/995heritage.ch\/es\/","name":"Enhanced WordPress","description":"","publisher":{"@id":"https:\/\/995heritage.ch\/es\/#organization"},"potentialAction":[{"@type":"SearchAction","target":{"@type":"EntryPoint","urlTemplate":"https:\/\/995heritage.ch\/es\/?s={search_term_string}"},"query-input":{"@type":"PropertyValueSpecification","valueRequired":true,"valueName":"search_term_string"}}],"inLanguage":"es"},{"@type":"Organization","@id":"https:\/\/995heritage.ch\/es\/#organization","name":"995 Heritage","url":"https:\/\/995heritage.ch\/es\/","logo":{"@type":"ImageObject","inLanguage":"es","@id":"https:\/\/995heritage.ch\/es\/#\/schema\/logo\/image\/","url":"https:\/\/995heritage.ch\/wp-content\/uploads\/2025\/02\/cropped-Heritage5.jpg","contentUrl":"https:\/\/995heritage.ch\/wp-content\/uploads\/2025\/02\/cropped-Heritage5.jpg","width":512,"height":512,"caption":"995 Heritage"},"image":{"@id":"https:\/\/995heritage.ch\/es\/#\/schema\/logo\/image\/"}}]}},"meta_box":[],"_links":{"self":[{"href":"https:\/\/995heritage.ch\/es\/wp-json\/wp\/v2\/pages\/10438","targetHints":{"allow":["GET"]}}],"collection":[{"href":"https:\/\/995heritage.ch\/es\/wp-json\/wp\/v2\/pages"}],"about":[{"href":"https:\/\/995heritage.ch\/es\/wp-json\/wp\/v2\/types\/page"}],"author":[{"embeddable":true,"href":"https:\/\/995heritage.ch\/es\/wp-json\/wp\/v2\/users\/2"}],"replies":[{"embeddable":true,"href":"https:\/\/995heritage.ch\/es\/wp-json\/wp\/v2\/comments?post=10438"}],"version-history":[{"count":3,"href":"https:\/\/995heritage.ch\/es\/wp-json\/wp\/v2\/pages\/10438\/revisions"}],"predecessor-version":[{"id":10580,"href":"https:\/\/995heritage.ch\/es\/wp-json\/wp\/v2\/pages\/10438\/revisions\/10580"}],"up":[{"embeddable":true,"href":"https:\/\/995heritage.ch\/es\/wp-json\/wp\/v2\/pages\/10544"}],"wp:attachment":[{"href":"https:\/\/995heritage.ch\/es\/wp-json\/wp\/v2\/media?parent=10438"}],"curies":[{"name":"wp","href":"https:\/\/api.w.org\/{rel}","templated":true}]}}