{"id":10429,"date":"2025-02-03T11:02:38","date_gmt":"2025-02-03T10:02:38","guid":{"rendered":"https:\/\/995heritage.ch\/financiacion\/"},"modified":"2025-04-19T17:39:24","modified_gmt":"2025-04-19T15:39:24","slug":"financiacion","status":"publish","type":"page","link":"https:\/\/995heritage.ch\/es\/nuestros-servicios\/financiacion\/","title":{"rendered":"Financiaci\u00f3n"},"content":{"rendered":"\t\t<div data-elementor-type=\"wp-page\" data-elementor-id=\"10429\" class=\"elementor elementor-10429\" data-elementor-post-type=\"page\">\n\t\t\t\t<div class=\"elementor-element elementor-element-46e1385 e-flex e-con-boxed e-con e-parent\" data-id=\"46e1385\" data-element_type=\"container\" data-e-type=\"container\">\n\t\t\t\t\t<div class=\"e-con-inner\">\n\t\t\t\t<div class=\"elementor-element elementor-element-e154167 elementor-align-center elementor-widget elementor-widget-breadcrumbs\" data-id=\"e154167\" data-element_type=\"widget\" data-e-type=\"widget\" data-widget_type=\"breadcrumbs.default\">\n\t\t\t\t<div class=\"elementor-widget-container\">\n\t\t\t\t\t<p id=\"breadcrumbs\"><span><span><a href=\"https:\/\/995heritage.ch\/es\/\">Accueil<\/a><\/span><\/span><\/p>\t\t\t\t<\/div>\n\t\t\t\t<\/div>\n\t\t\t\t\t<\/div>\n\t\t\t\t<\/div>\n\t\t<div class=\"elementor-element elementor-element-9da6691 e-flex e-con-boxed e-con e-parent\" data-id=\"9da6691\" data-element_type=\"container\" data-e-type=\"container\">\n\t\t\t\t\t<div class=\"e-con-inner\">\n\t\t<div class=\"elementor-element elementor-element-77adc50 e-con-full e-flex e-con e-child\" data-id=\"77adc50\" data-element_type=\"container\" data-e-type=\"container\" data-settings=\"{&quot;background_background&quot;:&quot;classic&quot;}\">\n\t\t\t\t<div class=\"elementor-element elementor-element-506b3be elementor-widget elementor-widget-heading\" data-id=\"506b3be\" data-element_type=\"widget\" data-e-type=\"widget\" data-widget_type=\"heading.default\">\n\t\t\t\t<div class=\"elementor-widget-container\">\n\t\t\t\t\t<h1 class=\"elementor-heading-title elementor-size-default\">Conduce sin demora, con una soluci\u00f3n adaptada a tus necesidades.<\/h1>\t\t\t\t<\/div>\n\t\t\t\t<\/div>\n\t\t\t\t<div class=\"elementor-element elementor-element-283a5db elementor-widget elementor-widget-text-editor\" data-id=\"283a5db\" data-element_type=\"widget\" data-e-type=\"widget\" data-widget_type=\"text-editor.default\">\n\t\t\t\t<div class=\"elementor-widget-container\">\n\t\t\t\t\t\t\t\t\t<p>Comprar un veh\u00edculo es un proyecto importante. Ya sea mediante <strong>leasing o financiaci\u00f3n tradicional<\/strong>, podemos ayudarte a encontrar <strong>la soluci\u00f3n m\u00e1s ventajosa<\/strong> para tu situaci\u00f3n. <\/p>\t\t\t\t\t\t\t\t<\/div>\n\t\t\t\t<\/div>\n\t\t\t\t<\/div>\n\t\t\t\t\t<\/div>\n\t\t\t\t<\/div>\n\t\t<div class=\"elementor-element elementor-element-b766610 e-flex e-con-boxed e-con e-parent\" data-id=\"b766610\" data-element_type=\"container\" data-e-type=\"container\">\n\t\t\t\t\t<div class=\"e-con-inner\">\n\t\t<div class=\"elementor-element elementor-element-671e2fc e-con-full e-flex e-con e-child\" data-id=\"671e2fc\" data-element_type=\"container\" data-e-type=\"container\" data-settings=\"{&quot;background_background&quot;:&quot;classic&quot;}\">\n\t\t\t\t<div class=\"elementor-element elementor-element-4c471cb elementor-widget elementor-widget-heading\" data-id=\"4c471cb\" data-element_type=\"widget\" data-e-type=\"widget\" data-widget_type=\"heading.default\">\n\t\t\t\t<div class=\"elementor-widget-container\">\n\t\t\t\t\t<h2 class=\"elementor-heading-title elementor-size-default\">\u00bfPor qu\u00e9 pasar por 995 Heritage?<\/h2>\t\t\t\t<\/div>\n\t\t\t\t<\/div>\n\t\t\t\t<div class=\"elementor-element elementor-element-16a3ca8 elementor-widget elementor-widget-text-editor\" data-id=\"16a3ca8\" data-element_type=\"widget\" data-e-type=\"widget\" data-widget_type=\"text-editor.default\">\n\t\t\t\t<div class=\"elementor-widget-container\">\n\t\t\t\t\t\t\t\t\t<p>\u2714 <strong>Asistencia personalizada<\/strong> \u2192 Te ayudaremos a elegir el paquete que mejor se adapte a tus necesidades.<br>\u2714 <strong>Acceso a varias entidades<\/strong> \u2192 Gracias a nuestros socios, encontraremos <strong>la oferta m\u00e1s atractiva<\/strong> para ti.<br>\u2714 <strong>Gesti\u00f3n simplificada<\/strong> \u2192 Nos ocuparemos del papeleo, para una financiaci\u00f3n r\u00e1pida y sin complicaciones.<br>\u2714 <strong>Flexibilidad total<\/strong> \u2192 Tanto si nos compras un veh\u00edculo a nosotros como si lo haces en otro sitio, podemos ayudarte con la financiaci\u00f3n.<\/p>\t\t\t\t\t\t\t\t<\/div>\n\t\t\t\t<\/div>\n\t\t\t\t<\/div>\n\t\t\t\t\t<\/div>\n\t\t\t\t<\/div>\n\t\t<div class=\"elementor-element elementor-element-0300fbf e-flex e-con-boxed e-con e-parent\" data-id=\"0300fbf\" data-element_type=\"container\" data-e-type=\"container\">\n\t\t\t\t\t<div class=\"e-con-inner\">\n\t\t<div class=\"elementor-element elementor-element-baff645 e-con-full e-flex e-con e-child\" data-id=\"baff645\" data-element_type=\"container\" data-e-type=\"container\">\n\t\t\t\t<div class=\"elementor-element elementor-element-68659cf elementor-widget elementor-widget-image\" data-id=\"68659cf\" data-element_type=\"widget\" data-e-type=\"widget\" data-widget_type=\"image.default\">\n\t\t\t\t<div class=\"elementor-widget-container\">\n\t\t\t\t\t\t\t\t\t\t\t\t\t\t\t<img decoding=\"async\" width=\"768\" height=\"1024\" src=\"https:\/\/995heritage.ch\/wp-content\/uploads\/2025\/02\/IMG_3924-768x1024.jpg\" class=\"attachment-large size-large wp-image-9974\" alt=\"\" srcset=\"https:\/\/995heritage.ch\/wp-content\/uploads\/2025\/02\/IMG_3924-768x1024.jpg 768w, https:\/\/995heritage.ch\/wp-content\/uploads\/2025\/02\/IMG_3924-225x300.jpg 225w, https:\/\/995heritage.ch\/wp-content\/uploads\/2025\/02\/IMG_3924-1152x1536.jpg 1152w, https:\/\/995heritage.ch\/wp-content\/uploads\/2025\/02\/IMG_3924-1536x2048.jpg 1536w, https:\/\/995heritage.ch\/wp-content\/uploads\/2025\/02\/IMG_3924-scaled.jpg 1920w\" sizes=\"(max-width: 768px) 100vw, 768px\" \/>\t\t\t\t\t\t\t\t\t\t\t\t\t\t\t<\/div>\n\t\t\t\t<\/div>\n\t\t\t\t<\/div>\n\t\t<div class=\"elementor-element elementor-element-bf69737 e-con-full e-flex e-con e-child\" data-id=\"bf69737\" data-element_type=\"container\" data-e-type=\"container\" data-settings=\"{&quot;background_background&quot;:&quot;classic&quot;}\">\n\t\t\t\t<div class=\"elementor-element elementor-element-5de32cb elementor-widget elementor-widget-heading\" data-id=\"5de32cb\" data-element_type=\"widget\" data-e-type=\"widget\" data-widget_type=\"heading.default\">\n\t\t\t\t<div class=\"elementor-widget-container\">\n\t\t\t\t\t<h3 class=\"elementor-heading-title elementor-size-default\">\u00bfLeasing o financiaci\u00f3n?<\/h3>\t\t\t\t<\/div>\n\t\t\t\t<\/div>\n\t\t\t\t<div class=\"elementor-element elementor-element-86caacc elementor-widget elementor-widget-text-editor\" data-id=\"86caacc\" data-element_type=\"widget\" data-e-type=\"widget\" data-widget_type=\"text-editor.default\">\n\t\t\t\t<div class=\"elementor-widget-container\">\n\t\t\t\t\t\t\t\t\t<p>\ud83d\udccc <strong>Leasing<\/strong> \u2192 Ideal para quienes quieren cambiar de veh\u00edculo con regularidad y optimizar su presupuesto.<br>\ud83d\udccc <strong>Pr\u00e9stamo de coche<\/strong> \u2192 Para quienes quieren ser propietarios de su veh\u00edculo al final del contrato.<\/p><p>Cada proyecto es \u00fanico, por eso nos tomamos <strong>el tiempo necesario para asesorarte sobre<\/strong> la mejor soluci\u00f3n.<\/p>\t\t\t\t\t\t\t\t<\/div>\n\t\t\t\t<\/div>\n\t\t\t\t<\/div>\n\t\t\t\t\t<\/div>\n\t\t\t\t<\/div>\n\t\t<div class=\"elementor-element elementor-element-084da75 e-flex e-con-boxed e-con e-parent\" data-id=\"084da75\" data-element_type=\"container\" data-e-type=\"container\">\n\t\t\t\t\t<div class=\"e-con-inner\">\n\t\t<div class=\"elementor-element elementor-element-a0fe3ff e-con-full e-flex e-con e-child\" data-id=\"a0fe3ff\" data-element_type=\"container\" data-e-type=\"container\" data-settings=\"{&quot;background_background&quot;:&quot;classic&quot;}\">\n\t\t\t\t<div class=\"elementor-element elementor-element-475b073 elementor-widget elementor-widget-text-editor\" data-id=\"475b073\" data-element_type=\"widget\" data-e-type=\"widget\" data-widget_type=\"text-editor.default\">\n\t\t\t\t<div class=\"elementor-widget-container\">\n\t\t\t\t\t\t\t\t\t<p>\ud83d\udce9 <strong>\u00bfTienes un proyecto y quieres un estudio de financiaci\u00f3n? <\/strong>Ponte en contacto con nosotros y juntos encontraremos la soluci\u00f3n m\u00e1s adecuada para ti.<\/p>\t\t\t\t\t\t\t\t<\/div>\n\t\t\t\t<\/div>\n\t\t\t\t<div class=\"elementor-element elementor-element-ba916ff elementor-button-align-stretch elementor-widget elementor-widget-form\" data-id=\"ba916ff\" data-element_type=\"widget\" data-e-type=\"widget\" data-settings=\"{&quot;step_next_label&quot;:&quot;Siguiente&quot;,&quot;step_previous_label&quot;:&quot;Anterior&quot;,&quot;step_type&quot;:&quot;number_text&quot;,&quot;step_icon_shape&quot;:&quot;circle&quot;}\" data-widget_type=\"form.default\">\n\t\t\t\t<div class=\"elementor-widget-container\">\n\t\t\t\t\t\t\t<form class=\"elementor-form\" method=\"post\" name=\"Nuevo formulario\" aria-label=\"Nuevo formulario\">\n\t\t\t<input type=\"hidden\" name=\"post_id\" value=\"10429\"\/>\n\t\t\t<input type=\"hidden\" name=\"form_id\" value=\"ba916ff\"\/>\n\t\t\t<input type=\"hidden\" name=\"referer_title\" value=\"995 Heritage\" \/>\n\n\t\t\t\n\t\t\t<div class=\"elementor-form-fields-wrapper elementor-labels-above\">\n\t\t\t\t\t\t\t\t<div class=\"elementor-field-type-text elementor-field-group elementor-column elementor-field-group-name elementor-col-100\">\n\t\t\t\t\t\t\t\t\t\t\t\t<label for=\"form-field-name\" class=\"elementor-field-label\">\n\t\t\t\t\t\t\t\tNombre\t\t\t\t\t\t\t<\/label>\n\t\t\t\t\t\t\t\t\t\t\t\t\t\t<input size=\"1\" type=\"text\" name=\"form_fields[name]\" id=\"form-field-name\" class=\"elementor-field elementor-size-md  elementor-field-textual\" placeholder=\"Nombre\">\n\t\t\t\t\t\t\t\t\t\t\t<\/div>\n\t\t\t\t\t\t\t\t<div class=\"elementor-field-type-email elementor-field-group elementor-column elementor-field-group-email elementor-col-100 elementor-field-required elementor-mark-required\">\n\t\t\t\t\t\t\t\t\t\t\t\t<label for=\"form-field-email\" class=\"elementor-field-label\">\n\t\t\t\t\t\t\t\tCorreo electr\u00f3nico\t\t\t\t\t\t\t<\/label>\n\t\t\t\t\t\t\t\t\t\t\t\t\t\t<input size=\"1\" type=\"email\" name=\"form_fields[email]\" id=\"form-field-email\" class=\"elementor-field elementor-size-md  elementor-field-textual\" placeholder=\"Correo electr\u00f3nico\" required=\"required\">\n\t\t\t\t\t\t\t\t\t\t\t<\/div>\n\t\t\t\t\t\t\t\t<div class=\"elementor-field-type-textarea elementor-field-group elementor-column elementor-field-group-message elementor-col-100\">\n\t\t\t\t\t\t\t\t\t\t\t\t<label for=\"form-field-message\" class=\"elementor-field-label\">\n\t\t\t\t\t\t\t\tMensaje\t\t\t\t\t\t\t<\/label>\n\t\t\t\t\t\t<textarea class=\"elementor-field-textual elementor-field  elementor-size-md\" name=\"form_fields[message]\" id=\"form-field-message\" rows=\"4\" placeholder=\"Mensaje\"><\/textarea>\t\t\t\t<\/div>\n\t\t\t\t\t\t\t\t<div class=\"elementor-field-group elementor-column elementor-field-type-submit elementor-col-100 e-form__buttons\">\n\t\t\t\t\t<button class=\"elementor-button elementor-size-md\" type=\"submit\">\n\t\t\t\t\t\t<span class=\"elementor-button-content-wrapper\">\n\t\t\t\t\t\t\t\t\t\t\t\t\t\t\t\t\t\t\t\t\t\t<span class=\"elementor-button-text\">Env\u00eda<\/span>\n\t\t\t\t\t\t\t\t\t\t\t\t\t<\/span>\n\t\t\t\t\t<\/button>\n\t\t\t\t<\/div>\n\t\t\t<\/div>\n\t\t<\/form>\n\t\t\t\t\t\t<\/div>\n\t\t\t\t<\/div>\n\t\t\t\t<\/div>\n\t\t\t\t\t<\/div>\n\t\t\t\t<\/div>\n\t\t\t\t<\/div>\n\t\t","protected":false},"excerpt":{"rendered":"<p>Conduce sin demora, con una soluci\u00f3n adaptada a tus necesidades. Comprar un veh\u00edculo es un proyecto importante. Ya sea mediante leasing o financiaci\u00f3n tradicional, podemos ayudarte a encontrar la soluci\u00f3n m\u00e1s ventajosa para tu situaci\u00f3n. \u00bfPor qu\u00e9 pasar por 995 Heritage? \u2714 Asistencia personalizada \u2192 Te ayudaremos a elegir el paquete que mejor se adapte [&hellip;]<\/p>\n","protected":false},"author":2,"featured_media":0,"parent":10544,"menu_order":0,"comment_status":"closed","ping_status":"closed","template":"","meta":{"_acf_changed":false,"footnotes":""},"class_list":["post-10429","page","type-page","status-publish","hentry"],"acf":[],"yoast_head":"<!-- This site is optimized with the Yoast SEO plugin v27.5 - https:\/\/yoast.com\/product\/yoast-seo-wordpress\/ -->\n<title>Financiaci\u00f3n &#8211; 995 Heritage<\/title>\n<meta name=\"description\" content=\"Encuentra la mejor financiaci\u00f3n o leasing para tu coche con soluciones adaptadas a tu presupuesto y a tus necesidades.\" \/>\n<meta name=\"robots\" content=\"index, follow, max-snippet:-1, max-image-preview:large, max-video-preview:-1\" \/>\n<link rel=\"canonical\" href=\"https:\/\/995heritage.ch\/es\/nuestros-servicios\/financiacion\/\" \/>\n<meta property=\"og:locale\" content=\"es_ES\" \/>\n<meta property=\"og:type\" content=\"article\" \/>\n<meta property=\"og:title\" content=\"Financiaci\u00f3n &#8211; 995 Heritage\" \/>\n<meta property=\"og:description\" content=\"Encuentra la mejor financiaci\u00f3n o leasing para tu coche con soluciones adaptadas a tu presupuesto y a tus necesidades.\" \/>\n<meta property=\"og:url\" content=\"https:\/\/995heritage.ch\/es\/nuestros-servicios\/financiacion\/\" \/>\n<meta property=\"og:site_name\" content=\"995 Heritage\" \/>\n<meta property=\"article:modified_time\" content=\"2025-04-19T15:39:24+00:00\" \/>\n<meta property=\"og:image\" content=\"https:\/\/995heritage.ch\/wp-content\/uploads\/2025\/02\/IMG_3924-768x1024.jpg\" \/>\n<meta name=\"twitter:card\" content=\"summary_large_image\" \/>\n<meta name=\"twitter:label1\" content=\"Tiempo de lectura\" \/>\n\t<meta name=\"twitter:data1\" content=\"1 minuto\" \/>\n<script type=\"application\/ld+json\" class=\"yoast-schema-graph\">{\"@context\":\"https:\\\/\\\/schema.org\",\"@graph\":[{\"@type\":\"WebPage\",\"@id\":\"https:\\\/\\\/995heritage.ch\\\/es\\\/nuestros-servicios\\\/financiacion\\\/\",\"url\":\"https:\\\/\\\/995heritage.ch\\\/es\\\/nuestros-servicios\\\/financiacion\\\/\",\"name\":\"Financiaci\u00f3n &#8211; 995 Heritage\",\"isPartOf\":{\"@id\":\"https:\\\/\\\/995heritage.ch\\\/es\\\/#website\"},\"primaryImageOfPage\":{\"@id\":\"https:\\\/\\\/995heritage.ch\\\/es\\\/nuestros-servicios\\\/financiacion\\\/#primaryimage\"},\"image\":{\"@id\":\"https:\\\/\\\/995heritage.ch\\\/es\\\/nuestros-servicios\\\/financiacion\\\/#primaryimage\"},\"thumbnailUrl\":\"https:\\\/\\\/995heritage.ch\\\/wp-content\\\/uploads\\\/2025\\\/02\\\/IMG_3924-768x1024.jpg\",\"datePublished\":\"2025-02-03T10:02:38+00:00\",\"dateModified\":\"2025-04-19T15:39:24+00:00\",\"description\":\"Encuentra la mejor financiaci\u00f3n o leasing para tu coche con soluciones adaptadas a tu presupuesto y a tus necesidades.\",\"breadcrumb\":{\"@id\":\"https:\\\/\\\/995heritage.ch\\\/es\\\/nuestros-servicios\\\/financiacion\\\/#breadcrumb\"},\"inLanguage\":\"es\",\"potentialAction\":[{\"@type\":\"ReadAction\",\"target\":[\"https:\\\/\\\/995heritage.ch\\\/es\\\/nuestros-servicios\\\/financiacion\\\/\"]}]},{\"@type\":\"ImageObject\",\"inLanguage\":\"es\",\"@id\":\"https:\\\/\\\/995heritage.ch\\\/es\\\/nuestros-servicios\\\/financiacion\\\/#primaryimage\",\"url\":\"https:\\\/\\\/995heritage.ch\\\/wp-content\\\/uploads\\\/2025\\\/02\\\/IMG_3924-768x1024.jpg\",\"contentUrl\":\"https:\\\/\\\/995heritage.ch\\\/wp-content\\\/uploads\\\/2025\\\/02\\\/IMG_3924-768x1024.jpg\"},{\"@type\":\"BreadcrumbList\",\"@id\":\"https:\\\/\\\/995heritage.ch\\\/es\\\/nuestros-servicios\\\/financiacion\\\/#breadcrumb\",\"itemListElement\":[{\"@type\":\"ListItem\",\"position\":1,\"name\":\"Accueil\",\"item\":\"https:\\\/\\\/995heritage.ch\\\/es\\\/\"},{\"@type\":\"ListItem\",\"position\":2,\"name\":\"Nuestros servicios\",\"item\":\"https:\\\/\\\/995heritage.ch\\\/es\\\/?page_id=10544\"},{\"@type\":\"ListItem\",\"position\":3,\"name\":\"Financiaci\u00f3n\"}]},{\"@type\":\"WebSite\",\"@id\":\"https:\\\/\\\/995heritage.ch\\\/es\\\/#website\",\"url\":\"https:\\\/\\\/995heritage.ch\\\/es\\\/\",\"name\":\"Enhanced WordPress\",\"description\":\"\",\"publisher\":{\"@id\":\"https:\\\/\\\/995heritage.ch\\\/es\\\/#organization\"},\"potentialAction\":[{\"@type\":\"SearchAction\",\"target\":{\"@type\":\"EntryPoint\",\"urlTemplate\":\"https:\\\/\\\/995heritage.ch\\\/es\\\/?s={search_term_string}\"},\"query-input\":{\"@type\":\"PropertyValueSpecification\",\"valueRequired\":true,\"valueName\":\"search_term_string\"}}],\"inLanguage\":\"es\"},{\"@type\":\"Organization\",\"@id\":\"https:\\\/\\\/995heritage.ch\\\/es\\\/#organization\",\"name\":\"995 Heritage\",\"url\":\"https:\\\/\\\/995heritage.ch\\\/es\\\/\",\"logo\":{\"@type\":\"ImageObject\",\"inLanguage\":\"es\",\"@id\":\"https:\\\/\\\/995heritage.ch\\\/es\\\/#\\\/schema\\\/logo\\\/image\\\/\",\"url\":\"https:\\\/\\\/995heritage.ch\\\/wp-content\\\/uploads\\\/2025\\\/02\\\/cropped-Heritage5.jpg\",\"contentUrl\":\"https:\\\/\\\/995heritage.ch\\\/wp-content\\\/uploads\\\/2025\\\/02\\\/cropped-Heritage5.jpg\",\"width\":512,\"height\":512,\"caption\":\"995 Heritage\"},\"image\":{\"@id\":\"https:\\\/\\\/995heritage.ch\\\/es\\\/#\\\/schema\\\/logo\\\/image\\\/\"}}]}<\/script>\n<!-- \/ Yoast SEO plugin. -->","yoast_head_json":{"title":"Financiaci\u00f3n &#8211; 995 Heritage","description":"Encuentra la mejor financiaci\u00f3n o leasing para tu coche con soluciones adaptadas a tu presupuesto y a tus necesidades.","robots":{"index":"index","follow":"follow","max-snippet":"max-snippet:-1","max-image-preview":"max-image-preview:large","max-video-preview":"max-video-preview:-1"},"canonical":"https:\/\/995heritage.ch\/es\/nuestros-servicios\/financiacion\/","og_locale":"es_ES","og_type":"article","og_title":"Financiaci\u00f3n &#8211; 995 Heritage","og_description":"Encuentra la mejor financiaci\u00f3n o leasing para tu coche con soluciones adaptadas a tu presupuesto y a tus necesidades.","og_url":"https:\/\/995heritage.ch\/es\/nuestros-servicios\/financiacion\/","og_site_name":"995 Heritage","article_modified_time":"2025-04-19T15:39:24+00:00","og_image":[{"url":"https:\/\/995heritage.ch\/wp-content\/uploads\/2025\/02\/IMG_3924-768x1024.jpg","type":"","width":"","height":""}],"twitter_card":"summary_large_image","twitter_misc":{"Tiempo de lectura":"1 minuto"},"schema":{"@context":"https:\/\/schema.org","@graph":[{"@type":"WebPage","@id":"https:\/\/995heritage.ch\/es\/nuestros-servicios\/financiacion\/","url":"https:\/\/995heritage.ch\/es\/nuestros-servicios\/financiacion\/","name":"Financiaci\u00f3n &#8211; 995 Heritage","isPartOf":{"@id":"https:\/\/995heritage.ch\/es\/#website"},"primaryImageOfPage":{"@id":"https:\/\/995heritage.ch\/es\/nuestros-servicios\/financiacion\/#primaryimage"},"image":{"@id":"https:\/\/995heritage.ch\/es\/nuestros-servicios\/financiacion\/#primaryimage"},"thumbnailUrl":"https:\/\/995heritage.ch\/wp-content\/uploads\/2025\/02\/IMG_3924-768x1024.jpg","datePublished":"2025-02-03T10:02:38+00:00","dateModified":"2025-04-19T15:39:24+00:00","description":"Encuentra la mejor financiaci\u00f3n o leasing para tu coche con soluciones adaptadas a tu presupuesto y a tus necesidades.","breadcrumb":{"@id":"https:\/\/995heritage.ch\/es\/nuestros-servicios\/financiacion\/#breadcrumb"},"inLanguage":"es","potentialAction":[{"@type":"ReadAction","target":["https:\/\/995heritage.ch\/es\/nuestros-servicios\/financiacion\/"]}]},{"@type":"ImageObject","inLanguage":"es","@id":"https:\/\/995heritage.ch\/es\/nuestros-servicios\/financiacion\/#primaryimage","url":"https:\/\/995heritage.ch\/wp-content\/uploads\/2025\/02\/IMG_3924-768x1024.jpg","contentUrl":"https:\/\/995heritage.ch\/wp-content\/uploads\/2025\/02\/IMG_3924-768x1024.jpg"},{"@type":"BreadcrumbList","@id":"https:\/\/995heritage.ch\/es\/nuestros-servicios\/financiacion\/#breadcrumb","itemListElement":[{"@type":"ListItem","position":1,"name":"Accueil","item":"https:\/\/995heritage.ch\/es\/"},{"@type":"ListItem","position":2,"name":"Nuestros servicios","item":"https:\/\/995heritage.ch\/es\/?page_id=10544"},{"@type":"ListItem","position":3,"name":"Financiaci\u00f3n"}]},{"@type":"WebSite","@id":"https:\/\/995heritage.ch\/es\/#website","url":"https:\/\/995heritage.ch\/es\/","name":"Enhanced WordPress","description":"","publisher":{"@id":"https:\/\/995heritage.ch\/es\/#organization"},"potentialAction":[{"@type":"SearchAction","target":{"@type":"EntryPoint","urlTemplate":"https:\/\/995heritage.ch\/es\/?s={search_term_string}"},"query-input":{"@type":"PropertyValueSpecification","valueRequired":true,"valueName":"search_term_string"}}],"inLanguage":"es"},{"@type":"Organization","@id":"https:\/\/995heritage.ch\/es\/#organization","name":"995 Heritage","url":"https:\/\/995heritage.ch\/es\/","logo":{"@type":"ImageObject","inLanguage":"es","@id":"https:\/\/995heritage.ch\/es\/#\/schema\/logo\/image\/","url":"https:\/\/995heritage.ch\/wp-content\/uploads\/2025\/02\/cropped-Heritage5.jpg","contentUrl":"https:\/\/995heritage.ch\/wp-content\/uploads\/2025\/02\/cropped-Heritage5.jpg","width":512,"height":512,"caption":"995 Heritage"},"image":{"@id":"https:\/\/995heritage.ch\/es\/#\/schema\/logo\/image\/"}}]}},"meta_box":[],"_links":{"self":[{"href":"https:\/\/995heritage.ch\/es\/wp-json\/wp\/v2\/pages\/10429","targetHints":{"allow":["GET"]}}],"collection":[{"href":"https:\/\/995heritage.ch\/es\/wp-json\/wp\/v2\/pages"}],"about":[{"href":"https:\/\/995heritage.ch\/es\/wp-json\/wp\/v2\/types\/page"}],"author":[{"embeddable":true,"href":"https:\/\/995heritage.ch\/es\/wp-json\/wp\/v2\/users\/2"}],"replies":[{"embeddable":true,"href":"https:\/\/995heritage.ch\/es\/wp-json\/wp\/v2\/comments?post=10429"}],"version-history":[{"count":2,"href":"https:\/\/995heritage.ch\/es\/wp-json\/wp\/v2\/pages\/10429\/revisions"}],"predecessor-version":[{"id":10432,"href":"https:\/\/995heritage.ch\/es\/wp-json\/wp\/v2\/pages\/10429\/revisions\/10432"}],"up":[{"embeddable":true,"href":"https:\/\/995heritage.ch\/es\/wp-json\/wp\/v2\/pages\/10544"}],"wp:attachment":[{"href":"https:\/\/995heritage.ch\/es\/wp-json\/wp\/v2\/media?parent=10429"}],"curies":[{"name":"wp","href":"https:\/\/api.w.org\/{rel}","templated":true}]}}