{"id":10441,"date":"2025-02-03T11:00:39","date_gmt":"2025-02-03T10:00:39","guid":{"rendered":"https:\/\/995heritage.ch\/auftrag-fahrzeugsuche\/"},"modified":"2025-04-19T17:38:48","modified_gmt":"2025-04-19T15:38:48","slug":"auftrag-fahrzeugsuche","status":"publish","type":"page","link":"https:\/\/995heritage.ch\/de\/unsere-leistungen\/auftrag-fahrzeugsuche\/","title":{"rendered":"Auftrag \/ Fahrzeugsuche"},"content":{"rendered":"\t\t<div data-elementor-type=\"wp-page\" data-elementor-id=\"10441\" class=\"elementor elementor-10441\" data-elementor-post-type=\"page\">\n\t\t\t\t<div class=\"elementor-element elementor-element-02ee506 e-flex e-con-boxed e-con e-parent\" data-id=\"02ee506\" data-element_type=\"container\" data-e-type=\"container\">\n\t\t\t\t\t<div class=\"e-con-inner\">\n\t\t\t\t<div class=\"elementor-element elementor-element-cc52b9f elementor-align-center elementor-widget elementor-widget-breadcrumbs\" data-id=\"cc52b9f\" data-element_type=\"widget\" data-e-type=\"widget\" data-widget_type=\"breadcrumbs.default\">\n\t\t\t\t<div class=\"elementor-widget-container\">\n\t\t\t\t\t<p id=\"breadcrumbs\"><span><span><a href=\"https:\/\/995heritage.ch\/de\/?page_id=10511\">Accueil<\/a><\/span><\/span><\/p>\t\t\t\t<\/div>\n\t\t\t\t<\/div>\n\t\t\t\t\t<\/div>\n\t\t\t\t<\/div>\n\t\t<div class=\"elementor-element elementor-element-a58ecf0 e-flex e-con-boxed e-con e-parent\" data-id=\"a58ecf0\" data-element_type=\"container\" data-e-type=\"container\">\n\t\t\t\t\t<div class=\"e-con-inner\">\n\t\t<div class=\"elementor-element elementor-element-12300bc e-con-full e-flex e-con e-child\" data-id=\"12300bc\" data-element_type=\"container\" data-e-type=\"container\" data-settings=\"{&quot;background_background&quot;:&quot;classic&quot;}\">\n\t\t\t\t<div class=\"elementor-element elementor-element-f0f7435 elementor-widget elementor-widget-heading\" data-id=\"f0f7435\" data-element_type=\"widget\" data-e-type=\"widget\" data-widget_type=\"heading.default\">\n\t\t\t\t<div class=\"elementor-widget-container\">\n\t\t\t\t\t<h1 class=\"elementor-heading-title elementor-size-default\">Das ideale Fahrzeug existiert. Wir finden es f\u00fcr Sie.<\/h1>\t\t\t\t<\/div>\n\t\t\t\t<\/div>\n\t\t\t\t<div class=\"elementor-element elementor-element-d3fd384 elementor-widget elementor-widget-text-editor\" data-id=\"d3fd384\" data-element_type=\"widget\" data-e-type=\"widget\" data-widget_type=\"text-editor.default\">\n\t\t\t\t<div class=\"elementor-widget-container\">\n\t\t\t\t\t\t\t\t\t<p>Sie haben eine klare Vorstellung von Ihrem Wunschfahrzeug, aber Sie wissen nicht, wo Sie es finden k\u00f6nnen oder wie Sie Ihren Kauf absichern k\u00f6nnen?  <strong>Wir k\u00fcmmern uns um alles.<\/strong><\/p><p>Mit unserem <strong>Fachwissen und unserem Netzwerk von Partnern in der Schweiz und im Ausland<\/strong> identifizieren wir die besten Gelegenheiten und begleiten Sie <strong>bei jedem Schritt<\/strong>, von der Suche bis zum Kauf.<\/p>\t\t\t\t\t\t\t\t<\/div>\n\t\t\t\t<\/div>\n\t\t\t\t<\/div>\n\t\t<div class=\"elementor-element elementor-element-11590ca e-con-full e-flex e-con e-child\" data-id=\"11590ca\" data-element_type=\"container\" data-e-type=\"container\" data-settings=\"{&quot;background_background&quot;:&quot;classic&quot;}\">\n\t\t\t\t<div class=\"elementor-element elementor-element-1248357 elementor-widget elementor-widget-heading\" data-id=\"1248357\" data-element_type=\"widget\" data-e-type=\"widget\" data-widget_type=\"heading.default\">\n\t\t\t\t<div class=\"elementor-widget-container\">\n\t\t\t\t\t<h2 class=\"elementor-heading-title elementor-size-default\">Warum sollten Sie \u00fcber 995 Heritage gehen?<\/h2>\t\t\t\t<\/div>\n\t\t\t\t<\/div>\n\t\t\t\t<div class=\"elementor-element elementor-element-d0d55a6 elementor-widget elementor-widget-text-editor\" data-id=\"d0d55a6\" data-element_type=\"widget\" data-e-type=\"widget\" data-widget_type=\"text-editor.default\">\n\t\t\t\t<div class=\"elementor-widget-container\">\n\t\t\t\t\t\t\t\t\t<p>\u2714 <strong>Eine erhebliche Zeitersparnis<\/strong> \u2192 Kein stundenlanges Durchforsten von Anzeigen und Kontaktieren von wenig reaktionsschnellen Verk\u00e4ufern mehr.<br>\u2714 <strong>Ein sicherer Kauf<\/strong> \u2192 Wir <strong>pr\u00fcfen die Echtheit des Kilometerstands, die Wartungshistorie und den tats\u00e4chlichen Zustand des Fahrzeugs<\/strong>, bevor wir eine Verpflichtung eingehen.<br>\u2714 <strong>Exklusiver Zugang zu den besten Angeboten<\/strong> \u2192 Wir durchsuchen den Schweizer, europ\u00e4ischen und internationalen Markt, um f\u00fcr Sie <strong>das richtige Fahrzeug zum besten Preis zu finden<\/strong>.<br>\u2714 <strong>Ma\u00dfgeschneiderte Begleitung<\/strong> \u2192 Von den Verhandlungen \u00fcber die Zulassung bis hin zum Transport k\u00fcmmern wir uns um <strong>jedes Detail<\/strong> f\u00fcr Sie.<\/p>\t\t\t\t\t\t\t\t<\/div>\n\t\t\t\t<\/div>\n\t\t\t\t<\/div>\n\t\t\t\t\t<\/div>\n\t\t\t\t<\/div>\n\t\t<div class=\"elementor-element elementor-element-8cba6f2 e-flex e-con-boxed e-con e-parent\" data-id=\"8cba6f2\" data-element_type=\"container\" data-e-type=\"container\">\n\t\t\t\t\t<div class=\"e-con-inner\">\n\t\t<div class=\"elementor-element elementor-element-1819e7b e-con-full e-flex e-con e-child\" data-id=\"1819e7b\" data-element_type=\"container\" data-e-type=\"container\">\n\t\t\t\t<div class=\"elementor-element elementor-element-30f780c elementor-widget elementor-widget-image\" data-id=\"30f780c\" data-element_type=\"widget\" data-e-type=\"widget\" data-widget_type=\"image.default\">\n\t\t\t\t<div class=\"elementor-widget-container\">\n\t\t\t\t\t\t\t\t\t\t\t\t\t\t\t<img decoding=\"async\" width=\"768\" height=\"1024\" src=\"https:\/\/995heritage.ch\/wp-content\/uploads\/2025\/02\/WhatsApp-Image-2024-10-19-a-19.36.19_d2f3410c-1-768x1024.jpg\" class=\"attachment-large size-large wp-image-10204\" alt=\"\" srcset=\"https:\/\/995heritage.ch\/wp-content\/uploads\/2025\/02\/WhatsApp-Image-2024-10-19-a-19.36.19_d2f3410c-1-768x1024.jpg 768w, https:\/\/995heritage.ch\/wp-content\/uploads\/2025\/02\/WhatsApp-Image-2024-10-19-a-19.36.19_d2f3410c-1-225x300.jpg 225w, https:\/\/995heritage.ch\/wp-content\/uploads\/2025\/02\/WhatsApp-Image-2024-10-19-a-19.36.19_d2f3410c-1-1152x1536.jpg 1152w, https:\/\/995heritage.ch\/wp-content\/uploads\/2025\/02\/WhatsApp-Image-2024-10-19-a-19.36.19_d2f3410c-1.jpg 1200w\" sizes=\"(max-width: 768px) 100vw, 768px\" \/>\t\t\t\t\t\t\t\t\t\t\t\t\t\t\t<\/div>\n\t\t\t\t<\/div>\n\t\t\t\t<\/div>\n\t\t<div class=\"elementor-element elementor-element-331f4a2 e-con-full e-flex e-con e-child\" data-id=\"331f4a2\" data-element_type=\"container\" data-e-type=\"container\" data-settings=\"{&quot;background_background&quot;:&quot;classic&quot;}\">\n\t\t\t\t<div class=\"elementor-element elementor-element-6e0126b elementor-widget elementor-widget-heading\" data-id=\"6e0126b\" data-element_type=\"widget\" data-e-type=\"widget\" data-widget_type=\"heading.default\">\n\t\t\t\t<div class=\"elementor-widget-container\">\n\t\t\t\t\t<h3 class=\"elementor-heading-title elementor-size-default\">Wie funktioniert das?<\/h3>\t\t\t\t<\/div>\n\t\t\t\t<\/div>\n\t\t\t\t<div class=\"elementor-element elementor-element-6a99922 elementor-widget elementor-widget-text-editor\" data-id=\"6a99922\" data-element_type=\"widget\" data-e-type=\"widget\" data-widget_type=\"text-editor.default\">\n\t\t\t\t<div class=\"elementor-widget-container\">\n\t\t\t\t\t\t\t\t\t<p style=\"text-align: center;\">Alles beginnt mit <strong>Ihren W\u00fcnschen<\/strong>. Sie sagen uns, <strong>was Sie suchen,<\/strong> wir erledigen <strong>die Arbeit<\/strong>.<\/p><p>\ud83d\udd0e <strong>Gezielte Suche<\/strong>: Wir durchsuchen den Schweizer und internationalen Markt, um <strong>die beste Gelegenheit zu finden<\/strong>.<br>\u2705 <strong>Validierung &amp; Kontrolle<\/strong>: Wir <strong>\u00fcberpr\u00fcfen jedes Detail<\/strong>, um b\u00f6se \u00dcberraschungen zu vermeiden.<br>\ud83d\udcac <strong>Verhandlung &amp; Kauf<\/strong>: Wir <strong>sichern den Kauf ab<\/strong> und optimieren den Preis f\u00fcr Sie.<br>\ud83d\ude9b <strong>Transport &amp; Formalit\u00e4ten<\/strong>: Wir k\u00fcmmern uns um <strong>den Import, den Zoll und die Zulassung<\/strong>.<\/p><p><strong>Eine effiziente Suche, eine ma\u00dfgeschneiderte Begleitung, ein garantiertes Ergebnis.<\/strong><\/p>\t\t\t\t\t\t\t\t<\/div>\n\t\t\t\t<\/div>\n\t\t\t\t<\/div>\n\t\t\t\t\t<\/div>\n\t\t\t\t<\/div>\n\t\t<div class=\"elementor-element elementor-element-c6165fd e-flex e-con-boxed e-con e-parent\" data-id=\"c6165fd\" data-element_type=\"container\" data-e-type=\"container\">\n\t\t\t\t\t<div class=\"e-con-inner\">\n\t\t<div class=\"elementor-element elementor-element-df2887d e-con-full e-flex e-con e-child\" data-id=\"df2887d\" data-element_type=\"container\" data-e-type=\"container\" data-settings=\"{&quot;background_background&quot;:&quot;classic&quot;}\">\n\t\t\t\t<div class=\"elementor-element elementor-element-586fd26 elementor-widget elementor-widget-text-editor\" data-id=\"586fd26\" data-element_type=\"widget\" data-e-type=\"widget\" data-widget_type=\"text-editor.default\">\n\t\t\t\t<div class=\"elementor-widget-container\">\n\t\t\t\t\t\t\t\t\t<p>\ud83d\udce9 <strong>Sie wollen Ihr n\u00e4chstes Fahrzeug ohne Stress?<\/strong> Kontaktieren Sie uns und lassen Sie es uns tun.<\/p>\t\t\t\t\t\t\t\t<\/div>\n\t\t\t\t<\/div>\n\t\t\t\t<div class=\"elementor-element elementor-element-fb87858 elementor-button-align-stretch elementor-widget elementor-widget-form\" data-id=\"fb87858\" data-element_type=\"widget\" data-e-type=\"widget\" data-settings=\"{&quot;step_next_label&quot;:&quot;Weiter zu&quot;,&quot;step_previous_label&quot;:&quot;Vorherige&quot;,&quot;step_type&quot;:&quot;number_text&quot;,&quot;step_icon_shape&quot;:&quot;circle&quot;}\" data-widget_type=\"form.default\">\n\t\t\t\t<div class=\"elementor-widget-container\">\n\t\t\t\t\t\t\t<form class=\"elementor-form\" method=\"post\" name=\"Neues Formular\" aria-label=\"Neues Formular\">\n\t\t\t<input type=\"hidden\" name=\"post_id\" value=\"10441\"\/>\n\t\t\t<input type=\"hidden\" name=\"form_id\" value=\"fb87858\"\/>\n\t\t\t<input type=\"hidden\" name=\"referer_title\" value=\"995 Heritage\" \/>\n\n\t\t\t\n\t\t\t<div class=\"elementor-form-fields-wrapper elementor-labels-above\">\n\t\t\t\t\t\t\t\t<div class=\"elementor-field-type-text elementor-field-group elementor-column elementor-field-group-name elementor-col-100\">\n\t\t\t\t\t\t\t\t\t\t\t\t<label for=\"form-field-name\" class=\"elementor-field-label\">\n\t\t\t\t\t\t\t\tName\t\t\t\t\t\t\t<\/label>\n\t\t\t\t\t\t\t\t\t\t\t\t\t\t<input size=\"1\" type=\"text\" name=\"form_fields[name]\" id=\"form-field-name\" class=\"elementor-field elementor-size-md  elementor-field-textual\" placeholder=\"Name\">\n\t\t\t\t\t\t\t\t\t\t\t<\/div>\n\t\t\t\t\t\t\t\t<div class=\"elementor-field-type-email elementor-field-group elementor-column elementor-field-group-email elementor-col-100 elementor-field-required elementor-mark-required\">\n\t\t\t\t\t\t\t\t\t\t\t\t<label for=\"form-field-email\" class=\"elementor-field-label\">\n\t\t\t\t\t\t\t\tE-Mail\t\t\t\t\t\t\t<\/label>\n\t\t\t\t\t\t\t\t\t\t\t\t\t\t<input size=\"1\" type=\"email\" name=\"form_fields[email]\" id=\"form-field-email\" class=\"elementor-field elementor-size-md  elementor-field-textual\" placeholder=\"E-Mail\" required=\"required\">\n\t\t\t\t\t\t\t\t\t\t\t<\/div>\n\t\t\t\t\t\t\t\t<div class=\"elementor-field-type-textarea elementor-field-group elementor-column elementor-field-group-message elementor-col-100\">\n\t\t\t\t\t\t\t\t\t\t\t\t<label for=\"form-field-message\" class=\"elementor-field-label\">\n\t\t\t\t\t\t\t\tNachricht\t\t\t\t\t\t\t<\/label>\n\t\t\t\t\t\t<textarea class=\"elementor-field-textual elementor-field  elementor-size-md\" name=\"form_fields[message]\" id=\"form-field-message\" rows=\"4\" placeholder=\"Nachricht\"><\/textarea>\t\t\t\t<\/div>\n\t\t\t\t\t\t\t\t<div class=\"elementor-field-group elementor-column elementor-field-type-submit elementor-col-100 e-form__buttons\">\n\t\t\t\t\t<button class=\"elementor-button elementor-size-md\" type=\"submit\">\n\t\t\t\t\t\t<span class=\"elementor-button-content-wrapper\">\n\t\t\t\t\t\t\t\t\t\t\t\t\t\t\t\t\t\t\t\t\t\t<span class=\"elementor-button-text\">Senden Sie<\/span>\n\t\t\t\t\t\t\t\t\t\t\t\t\t<\/span>\n\t\t\t\t\t<\/button>\n\t\t\t\t<\/div>\n\t\t\t<\/div>\n\t\t<\/form>\n\t\t\t\t\t\t<\/div>\n\t\t\t\t<\/div>\n\t\t\t\t<\/div>\n\t\t\t\t\t<\/div>\n\t\t\t\t<\/div>\n\t\t\t\t<\/div>\n\t\t","protected":false},"excerpt":{"rendered":"<p>Das ideale Fahrzeug existiert. Wir finden es f\u00fcr Sie. Sie haben eine klare Vorstellung von Ihrem Wunschfahrzeug, aber Sie wissen nicht, wo Sie es finden k\u00f6nnen oder wie Sie Ihren Kauf absichern k\u00f6nnen? Wir k\u00fcmmern uns um alles. Mit unserem Fachwissen und unserem Netzwerk von Partnern in der Schweiz und im Ausland identifizieren wir die [&hellip;]<\/p>\n","protected":false},"author":2,"featured_media":0,"parent":10448,"menu_order":0,"comment_status":"closed","ping_status":"closed","template":"","meta":{"_acf_changed":false,"footnotes":""},"class_list":["post-10441","page","type-page","status-publish","hentry"],"acf":[],"yoast_head":"<!-- This site is optimized with the Yoast SEO plugin v27.5 - https:\/\/yoast.com\/product\/yoast-seo-wordpress\/ -->\n<title>Auftrag \/ Fahrzeugsuche &#8211; 995 Heritage<\/title>\n<meta name=\"description\" content=\"995 Heritage findet Ihr ideales Fahrzeug mit seinem ma\u00dfgeschneiderten Suchservice und einem Netzwerk von Partnern in der Schweiz und im Ausland.\" \/>\n<meta name=\"robots\" content=\"index, follow, max-snippet:-1, max-image-preview:large, max-video-preview:-1\" \/>\n<link rel=\"canonical\" href=\"https:\/\/995heritage.ch\/de\/unsere-leistungen\/auftrag-fahrzeugsuche\/\" \/>\n<meta property=\"og:locale\" content=\"de_DE\" \/>\n<meta property=\"og:type\" content=\"article\" \/>\n<meta property=\"og:title\" content=\"Auftrag \/ Fahrzeugsuche &#8211; 995 Heritage\" \/>\n<meta property=\"og:description\" content=\"995 Heritage findet Ihr ideales Fahrzeug mit seinem ma\u00dfgeschneiderten Suchservice und einem Netzwerk von Partnern in der Schweiz und im Ausland.\" \/>\n<meta property=\"og:url\" content=\"https:\/\/995heritage.ch\/de\/unsere-leistungen\/auftrag-fahrzeugsuche\/\" \/>\n<meta property=\"og:site_name\" content=\"995 Heritage\" \/>\n<meta property=\"article:modified_time\" content=\"2025-04-19T15:38:48+00:00\" \/>\n<meta property=\"og:image\" content=\"https:\/\/995heritage.ch\/wp-content\/uploads\/2025\/02\/WhatsApp-Image-2024-10-19-a-19.36.19_d2f3410c-1-768x1024.jpg\" \/>\n<meta name=\"twitter:card\" content=\"summary_large_image\" \/>\n<meta name=\"twitter:label1\" content=\"Gesch\u00e4tzte Lesezeit\" \/>\n\t<meta name=\"twitter:data1\" content=\"1\u00a0Minute\" \/>\n<script type=\"application\/ld+json\" class=\"yoast-schema-graph\">{\"@context\":\"https:\\\/\\\/schema.org\",\"@graph\":[{\"@type\":\"WebPage\",\"@id\":\"https:\\\/\\\/995heritage.ch\\\/de\\\/unsere-leistungen\\\/auftrag-fahrzeugsuche\\\/\",\"url\":\"https:\\\/\\\/995heritage.ch\\\/de\\\/unsere-leistungen\\\/auftrag-fahrzeugsuche\\\/\",\"name\":\"Auftrag \\\/ Fahrzeugsuche &#8211; 995 Heritage\",\"isPartOf\":{\"@id\":\"https:\\\/\\\/995heritage.ch\\\/de\\\/#website\"},\"primaryImageOfPage\":{\"@id\":\"https:\\\/\\\/995heritage.ch\\\/de\\\/unsere-leistungen\\\/auftrag-fahrzeugsuche\\\/#primaryimage\"},\"image\":{\"@id\":\"https:\\\/\\\/995heritage.ch\\\/de\\\/unsere-leistungen\\\/auftrag-fahrzeugsuche\\\/#primaryimage\"},\"thumbnailUrl\":\"https:\\\/\\\/995heritage.ch\\\/wp-content\\\/uploads\\\/2025\\\/02\\\/WhatsApp-Image-2024-10-19-a-19.36.19_d2f3410c-1-768x1024.jpg\",\"datePublished\":\"2025-02-03T10:00:39+00:00\",\"dateModified\":\"2025-04-19T15:38:48+00:00\",\"description\":\"995 Heritage findet Ihr ideales Fahrzeug mit seinem ma\u00dfgeschneiderten Suchservice und einem Netzwerk von Partnern in der Schweiz und im Ausland.\",\"breadcrumb\":{\"@id\":\"https:\\\/\\\/995heritage.ch\\\/de\\\/unsere-leistungen\\\/auftrag-fahrzeugsuche\\\/#breadcrumb\"},\"inLanguage\":\"de\",\"potentialAction\":[{\"@type\":\"ReadAction\",\"target\":[\"https:\\\/\\\/995heritage.ch\\\/de\\\/unsere-leistungen\\\/auftrag-fahrzeugsuche\\\/\"]}]},{\"@type\":\"ImageObject\",\"inLanguage\":\"de\",\"@id\":\"https:\\\/\\\/995heritage.ch\\\/de\\\/unsere-leistungen\\\/auftrag-fahrzeugsuche\\\/#primaryimage\",\"url\":\"https:\\\/\\\/995heritage.ch\\\/wp-content\\\/uploads\\\/2025\\\/02\\\/WhatsApp-Image-2024-10-19-a-19.36.19_d2f3410c-1-768x1024.jpg\",\"contentUrl\":\"https:\\\/\\\/995heritage.ch\\\/wp-content\\\/uploads\\\/2025\\\/02\\\/WhatsApp-Image-2024-10-19-a-19.36.19_d2f3410c-1-768x1024.jpg\"},{\"@type\":\"BreadcrumbList\",\"@id\":\"https:\\\/\\\/995heritage.ch\\\/de\\\/unsere-leistungen\\\/auftrag-fahrzeugsuche\\\/#breadcrumb\",\"itemListElement\":[{\"@type\":\"ListItem\",\"position\":1,\"name\":\"Accueil\",\"item\":\"https:\\\/\\\/995heritage.ch\\\/de\\\/?page_id=10511\"},{\"@type\":\"ListItem\",\"position\":2,\"name\":\"Unsere Leistungen\",\"item\":\"https:\\\/\\\/995heritage.ch\\\/de\\\/unsere-leistungen\\\/\"},{\"@type\":\"ListItem\",\"position\":3,\"name\":\"Auftrag \\\/ Fahrzeugsuche\"}]},{\"@type\":\"WebSite\",\"@id\":\"https:\\\/\\\/995heritage.ch\\\/de\\\/#website\",\"url\":\"https:\\\/\\\/995heritage.ch\\\/de\\\/\",\"name\":\"Enhanced WordPress\",\"description\":\"\",\"publisher\":{\"@id\":\"https:\\\/\\\/995heritage.ch\\\/de\\\/#organization\"},\"potentialAction\":[{\"@type\":\"SearchAction\",\"target\":{\"@type\":\"EntryPoint\",\"urlTemplate\":\"https:\\\/\\\/995heritage.ch\\\/de\\\/?s={search_term_string}\"},\"query-input\":{\"@type\":\"PropertyValueSpecification\",\"valueRequired\":true,\"valueName\":\"search_term_string\"}}],\"inLanguage\":\"de\"},{\"@type\":\"Organization\",\"@id\":\"https:\\\/\\\/995heritage.ch\\\/de\\\/#organization\",\"name\":\"995 Heritage\",\"url\":\"https:\\\/\\\/995heritage.ch\\\/de\\\/\",\"logo\":{\"@type\":\"ImageObject\",\"inLanguage\":\"de\",\"@id\":\"https:\\\/\\\/995heritage.ch\\\/de\\\/#\\\/schema\\\/logo\\\/image\\\/\",\"url\":\"https:\\\/\\\/995heritage.ch\\\/wp-content\\\/uploads\\\/2025\\\/02\\\/cropped-Heritage5.jpg\",\"contentUrl\":\"https:\\\/\\\/995heritage.ch\\\/wp-content\\\/uploads\\\/2025\\\/02\\\/cropped-Heritage5.jpg\",\"width\":512,\"height\":512,\"caption\":\"995 Heritage\"},\"image\":{\"@id\":\"https:\\\/\\\/995heritage.ch\\\/de\\\/#\\\/schema\\\/logo\\\/image\\\/\"}}]}<\/script>\n<!-- \/ Yoast SEO plugin. -->","yoast_head_json":{"title":"Auftrag \/ Fahrzeugsuche &#8211; 995 Heritage","description":"995 Heritage findet Ihr ideales Fahrzeug mit seinem ma\u00dfgeschneiderten Suchservice und einem Netzwerk von Partnern in der Schweiz und im Ausland.","robots":{"index":"index","follow":"follow","max-snippet":"max-snippet:-1","max-image-preview":"max-image-preview:large","max-video-preview":"max-video-preview:-1"},"canonical":"https:\/\/995heritage.ch\/de\/unsere-leistungen\/auftrag-fahrzeugsuche\/","og_locale":"de_DE","og_type":"article","og_title":"Auftrag \/ Fahrzeugsuche &#8211; 995 Heritage","og_description":"995 Heritage findet Ihr ideales Fahrzeug mit seinem ma\u00dfgeschneiderten Suchservice und einem Netzwerk von Partnern in der Schweiz und im Ausland.","og_url":"https:\/\/995heritage.ch\/de\/unsere-leistungen\/auftrag-fahrzeugsuche\/","og_site_name":"995 Heritage","article_modified_time":"2025-04-19T15:38:48+00:00","og_image":[{"url":"https:\/\/995heritage.ch\/wp-content\/uploads\/2025\/02\/WhatsApp-Image-2024-10-19-a-19.36.19_d2f3410c-1-768x1024.jpg","type":"","width":"","height":""}],"twitter_card":"summary_large_image","twitter_misc":{"Gesch\u00e4tzte Lesezeit":"1\u00a0Minute"},"schema":{"@context":"https:\/\/schema.org","@graph":[{"@type":"WebPage","@id":"https:\/\/995heritage.ch\/de\/unsere-leistungen\/auftrag-fahrzeugsuche\/","url":"https:\/\/995heritage.ch\/de\/unsere-leistungen\/auftrag-fahrzeugsuche\/","name":"Auftrag \/ Fahrzeugsuche &#8211; 995 Heritage","isPartOf":{"@id":"https:\/\/995heritage.ch\/de\/#website"},"primaryImageOfPage":{"@id":"https:\/\/995heritage.ch\/de\/unsere-leistungen\/auftrag-fahrzeugsuche\/#primaryimage"},"image":{"@id":"https:\/\/995heritage.ch\/de\/unsere-leistungen\/auftrag-fahrzeugsuche\/#primaryimage"},"thumbnailUrl":"https:\/\/995heritage.ch\/wp-content\/uploads\/2025\/02\/WhatsApp-Image-2024-10-19-a-19.36.19_d2f3410c-1-768x1024.jpg","datePublished":"2025-02-03T10:00:39+00:00","dateModified":"2025-04-19T15:38:48+00:00","description":"995 Heritage findet Ihr ideales Fahrzeug mit seinem ma\u00dfgeschneiderten Suchservice und einem Netzwerk von Partnern in der Schweiz und im Ausland.","breadcrumb":{"@id":"https:\/\/995heritage.ch\/de\/unsere-leistungen\/auftrag-fahrzeugsuche\/#breadcrumb"},"inLanguage":"de","potentialAction":[{"@type":"ReadAction","target":["https:\/\/995heritage.ch\/de\/unsere-leistungen\/auftrag-fahrzeugsuche\/"]}]},{"@type":"ImageObject","inLanguage":"de","@id":"https:\/\/995heritage.ch\/de\/unsere-leistungen\/auftrag-fahrzeugsuche\/#primaryimage","url":"https:\/\/995heritage.ch\/wp-content\/uploads\/2025\/02\/WhatsApp-Image-2024-10-19-a-19.36.19_d2f3410c-1-768x1024.jpg","contentUrl":"https:\/\/995heritage.ch\/wp-content\/uploads\/2025\/02\/WhatsApp-Image-2024-10-19-a-19.36.19_d2f3410c-1-768x1024.jpg"},{"@type":"BreadcrumbList","@id":"https:\/\/995heritage.ch\/de\/unsere-leistungen\/auftrag-fahrzeugsuche\/#breadcrumb","itemListElement":[{"@type":"ListItem","position":1,"name":"Accueil","item":"https:\/\/995heritage.ch\/de\/?page_id=10511"},{"@type":"ListItem","position":2,"name":"Unsere Leistungen","item":"https:\/\/995heritage.ch\/de\/unsere-leistungen\/"},{"@type":"ListItem","position":3,"name":"Auftrag \/ Fahrzeugsuche"}]},{"@type":"WebSite","@id":"https:\/\/995heritage.ch\/de\/#website","url":"https:\/\/995heritage.ch\/de\/","name":"Enhanced WordPress","description":"","publisher":{"@id":"https:\/\/995heritage.ch\/de\/#organization"},"potentialAction":[{"@type":"SearchAction","target":{"@type":"EntryPoint","urlTemplate":"https:\/\/995heritage.ch\/de\/?s={search_term_string}"},"query-input":{"@type":"PropertyValueSpecification","valueRequired":true,"valueName":"search_term_string"}}],"inLanguage":"de"},{"@type":"Organization","@id":"https:\/\/995heritage.ch\/de\/#organization","name":"995 Heritage","url":"https:\/\/995heritage.ch\/de\/","logo":{"@type":"ImageObject","inLanguage":"de","@id":"https:\/\/995heritage.ch\/de\/#\/schema\/logo\/image\/","url":"https:\/\/995heritage.ch\/wp-content\/uploads\/2025\/02\/cropped-Heritage5.jpg","contentUrl":"https:\/\/995heritage.ch\/wp-content\/uploads\/2025\/02\/cropped-Heritage5.jpg","width":512,"height":512,"caption":"995 Heritage"},"image":{"@id":"https:\/\/995heritage.ch\/de\/#\/schema\/logo\/image\/"}}]}},"meta_box":[],"_links":{"self":[{"href":"https:\/\/995heritage.ch\/de\/wp-json\/wp\/v2\/pages\/10441","targetHints":{"allow":["GET"]}}],"collection":[{"href":"https:\/\/995heritage.ch\/de\/wp-json\/wp\/v2\/pages"}],"about":[{"href":"https:\/\/995heritage.ch\/de\/wp-json\/wp\/v2\/types\/page"}],"author":[{"embeddable":true,"href":"https:\/\/995heritage.ch\/de\/wp-json\/wp\/v2\/users\/2"}],"replies":[{"embeddable":true,"href":"https:\/\/995heritage.ch\/de\/wp-json\/wp\/v2\/comments?post=10441"}],"version-history":[{"count":2,"href":"https:\/\/995heritage.ch\/de\/wp-json\/wp\/v2\/pages\/10441\/revisions"}],"predecessor-version":[{"id":10447,"href":"https:\/\/995heritage.ch\/de\/wp-json\/wp\/v2\/pages\/10441\/revisions\/10447"}],"up":[{"embeddable":true,"href":"https:\/\/995heritage.ch\/de\/wp-json\/wp\/v2\/pages\/10448"}],"wp:attachment":[{"href":"https:\/\/995heritage.ch\/de\/wp-json\/wp\/v2\/media?parent=10441"}],"curies":[{"name":"wp","href":"https:\/\/api.w.org\/{rel}","templated":true}]}}