{"id":10433,"date":"2025-02-03T11:01:10","date_gmt":"2025-02-03T10:01:10","guid":{"rendered":"https:\/\/995heritage.ch\/kauf-uebernahme\/"},"modified":"2026-02-07T16:31:48","modified_gmt":"2026-02-07T15:31:48","slug":"kauf-uebernahme","status":"publish","type":"page","link":"https:\/\/995heritage.ch\/de\/unsere-leistungen\/kauf-uebernahme\/","title":{"rendered":"Kauf \/ \u00dcbernahme"},"content":{"rendered":"\t\t<div data-elementor-type=\"wp-page\" data-elementor-id=\"10433\" class=\"elementor elementor-10433\" data-elementor-post-type=\"page\">\n\t\t\t\t<div class=\"elementor-element elementor-element-1649dda e-flex e-con-boxed e-con e-parent\" data-id=\"1649dda\" data-element_type=\"container\" data-e-type=\"container\">\n\t\t\t\t\t<div class=\"e-con-inner\">\n\t\t\t\t<div class=\"elementor-element elementor-element-cbe5f38 elementor-align-center elementor-widget elementor-widget-breadcrumbs\" data-id=\"cbe5f38\" data-element_type=\"widget\" data-e-type=\"widget\" data-widget_type=\"breadcrumbs.default\">\n\t\t\t\t<div class=\"elementor-widget-container\">\n\t\t\t\t\t<p id=\"breadcrumbs\"><span><span><a href=\"https:\/\/995heritage.ch\/de\/?page_id=10511\">Accueil<\/a><\/span><\/span><\/p>\t\t\t\t<\/div>\n\t\t\t\t<\/div>\n\t\t\t\t\t<\/div>\n\t\t\t\t<\/div>\n\t\t<div class=\"elementor-element elementor-element-5c03063 e-flex e-con-boxed e-con e-parent\" data-id=\"5c03063\" data-element_type=\"container\" data-e-type=\"container\">\n\t\t\t\t\t<div class=\"e-con-inner\">\n\t\t<div class=\"elementor-element elementor-element-87b7f2d e-con-full e-flex e-con e-child\" data-id=\"87b7f2d\" data-element_type=\"container\" data-e-type=\"container\" data-settings=\"{&quot;background_background&quot;:&quot;classic&quot;}\">\n\t\t\t\t<div class=\"elementor-element elementor-element-07ec287 elementor-widget elementor-widget-heading\" data-id=\"07ec287\" data-element_type=\"widget\" data-e-type=\"widget\" data-widget_type=\"heading.default\">\n\t\t\t\t<div class=\"elementor-widget-container\">\n\t\t\t\t\t<h1 class=\"elementor-heading-title elementor-size-default\">Verkaufen Sie Ihr Fahrzeug einfach, schnell und mit Vertrauen.<\/h1>\t\t\t\t<\/div>\n\t\t\t\t<\/div>\n\t\t\t\t<div class=\"elementor-element elementor-element-6e20c61 elementor-widget elementor-widget-text-editor\" data-id=\"6e20c61\" data-element_type=\"widget\" data-e-type=\"widget\" data-widget_type=\"text-editor.default\">\n\t\t\t\t<div class=\"elementor-widget-container\">\n\t\t\t\t\t\t\t\t\t<p>Ob Sie Ihr Auto ohne Zeitverlust verkaufen m\u00f6chten oder einen Fahrzeugwechsel planen, <strong>wir bieten Ihnen eine einfache und effiziente L\u00f6sung<\/strong>.<\/p>\t\t\t\t\t\t\t\t<\/div>\n\t\t\t\t<\/div>\n\t\t\t\t<\/div>\n\t\t\t\t\t<\/div>\n\t\t\t\t<\/div>\n\t\t<div class=\"elementor-element elementor-element-2b0cf3c e-flex e-con-boxed e-con e-parent\" data-id=\"2b0cf3c\" data-element_type=\"container\" data-e-type=\"container\">\n\t\t\t\t\t<div class=\"e-con-inner\">\n\t\t<div class=\"elementor-element elementor-element-aeddc33 e-con-full e-flex e-con e-child\" data-id=\"aeddc33\" data-element_type=\"container\" data-e-type=\"container\" data-settings=\"{&quot;background_background&quot;:&quot;classic&quot;}\">\n\t\t\t\t<div class=\"elementor-element elementor-element-89cb402 elementor-widget elementor-widget-heading\" data-id=\"89cb402\" data-element_type=\"widget\" data-e-type=\"widget\" data-widget_type=\"heading.default\">\n\t\t\t\t<div class=\"elementor-widget-container\">\n\t\t\t\t\t<h2 class=\"elementor-heading-title elementor-size-default\">Warum sollten Sie \u00fcber 995 Heritage gehen?<\/h2>\t\t\t\t<\/div>\n\t\t\t\t<\/div>\n\t\t\t\t<div class=\"elementor-element elementor-element-ebcd31f elementor-widget elementor-widget-text-editor\" data-id=\"ebcd31f\" data-element_type=\"widget\" data-e-type=\"widget\" data-widget_type=\"text-editor.default\">\n\t\t\t\t<div class=\"elementor-widget-container\">\n\t\t\t\t\t\t\t\t\t<p style=\"text-align: left;\">\u2714 So <strong>fortige Inzahlungnahme ohne Kaufverpflichtung<\/strong> \u2192 Sie verkaufen Ihr Fahrzeug ohne Zwang, sei es, um ein anderes Modell zu kaufen oder sich einfach davon zu trennen.<br>\u2714 <strong>Schnelle und transparente Sch\u00e4tzung<\/strong> \u2192 Eine <strong>Online-Vorbewertung<\/strong> und eine <strong>endg\u00fcltige Sch\u00e4tzung vor Ort<\/strong>, um Ihnen ein faires Angebot zu garantieren.<br>\u2714 So <strong>fortige Zahlung<\/strong> \u2192 Keine Wartezeiten, keine komplizierten Schritte: Sobald der Deal abgeschlossen ist, erfolgt die Zahlung sofort.<br>\u2714 <strong>Stressfreier Service<\/strong> \u2192 Vermeiden Sie lange Verhandlungen und unentschlossene K\u00e4ufer, wir k\u00fcmmern uns um alles.<\/p>\t\t\t\t\t\t\t\t<\/div>\n\t\t\t\t<\/div>\n\t\t\t\t<\/div>\n\t\t\t\t\t<\/div>\n\t\t\t\t<\/div>\n\t\t<div class=\"elementor-element elementor-element-57e6bb1 e-flex e-con-boxed e-con e-parent\" data-id=\"57e6bb1\" data-element_type=\"container\" data-e-type=\"container\">\n\t\t\t\t\t<div class=\"e-con-inner\">\n\t\t<div class=\"elementor-element elementor-element-074d49d e-con-full e-flex e-con e-child\" data-id=\"074d49d\" data-element_type=\"container\" data-e-type=\"container\">\n\t\t\t\t<div class=\"elementor-element elementor-element-8881909 elementor-widget elementor-widget-image\" data-id=\"8881909\" data-element_type=\"widget\" data-e-type=\"widget\" data-widget_type=\"image.default\">\n\t\t\t\t<div class=\"elementor-widget-container\">\n\t\t\t\t\t\t\t\t\t\t\t\t\t\t\t<img decoding=\"async\" width=\"768\" height=\"1024\" src=\"https:\/\/995heritage.ch\/wp-content\/uploads\/2025\/02\/IMG_4190-768x1024.jpg\" class=\"attachment-large size-large wp-image-10032\" alt=\"\" srcset=\"https:\/\/995heritage.ch\/wp-content\/uploads\/2025\/02\/IMG_4190-768x1024.jpg 768w, https:\/\/995heritage.ch\/wp-content\/uploads\/2025\/02\/IMG_4190-225x300.jpg 225w, https:\/\/995heritage.ch\/wp-content\/uploads\/2025\/02\/IMG_4190-1152x1536.jpg 1152w, https:\/\/995heritage.ch\/wp-content\/uploads\/2025\/02\/IMG_4190-1536x2048.jpg 1536w, https:\/\/995heritage.ch\/wp-content\/uploads\/2025\/02\/IMG_4190-scaled.jpg 1920w\" sizes=\"(max-width: 768px) 100vw, 768px\" \/>\t\t\t\t\t\t\t\t\t\t\t\t\t\t\t<\/div>\n\t\t\t\t<\/div>\n\t\t\t\t<\/div>\n\t\t<div class=\"elementor-element elementor-element-3540259 e-con-full e-flex e-con e-child\" data-id=\"3540259\" data-element_type=\"container\" data-e-type=\"container\" data-settings=\"{&quot;background_background&quot;:&quot;classic&quot;}\">\n\t\t\t\t<div class=\"elementor-element elementor-element-c81b561 elementor-widget elementor-widget-heading\" data-id=\"c81b561\" data-element_type=\"widget\" data-e-type=\"widget\" data-widget_type=\"heading.default\">\n\t\t\t\t<div class=\"elementor-widget-container\">\n\t\t\t\t\t<h2 class=\"elementor-heading-title elementor-size-default\">Wie funktioniert das?<\/h2>\t\t\t\t<\/div>\n\t\t\t\t<\/div>\n\t\t\t\t<div class=\"elementor-element elementor-element-d1535c8 elementor-widget elementor-widget-text-editor\" data-id=\"d1535c8\" data-element_type=\"widget\" data-e-type=\"widget\" data-widget_type=\"text-editor.default\">\n\t\t\t\t<div class=\"elementor-widget-container\">\n\t\t\t\t\t\t\t\t\t<p>\ud83d\udccc <strong>1. Anfrage f\u00fcr<\/strong> eine <strong>Sch\u00e4tzung<\/strong> \u2192 Senden Sie uns Ihre Fahrzeuginformationen f\u00fcr eine erste Sch\u00e4tzung.<br>\ud83d\udccc <strong>2. Begutachtung vor Ort<\/strong> \u2192 Wir \u00fcberpr\u00fcfen gemeinsam den Zustand des Fahrzeugs, um ein endg\u00fcltiges Angebot zu erstellen.<br>\ud83d\udccc <strong>3. Sofortige Zahlung<\/strong> \u2192 Sobald die Vereinbarung best\u00e4tigt wurde, fahren Sie ohne Wartezeit mit Ihrem Geld nach Hause.<\/p>\t\t\t\t\t\t\t\t<\/div>\n\t\t\t\t<\/div>\n\t\t\t\t<\/div>\n\t\t\t\t\t<\/div>\n\t\t\t\t<\/div>\n\t\t<div class=\"elementor-element elementor-element-29875c5 e-flex e-con-boxed e-con e-parent\" data-id=\"29875c5\" data-element_type=\"container\" data-e-type=\"container\">\n\t\t\t\t\t<div class=\"e-con-inner\">\n\t\t<div class=\"elementor-element elementor-element-5673519 e-con-full e-flex e-con e-child\" data-id=\"5673519\" data-element_type=\"container\" data-e-type=\"container\" data-settings=\"{&quot;background_background&quot;:&quot;classic&quot;}\">\n\t\t\t\t<div class=\"elementor-element elementor-element-9a040d4 elementor-widget elementor-widget-text-editor\" data-id=\"9a040d4\" data-element_type=\"widget\" data-e-type=\"widget\" data-widget_type=\"text-editor.default\">\n\t\t\t\t<div class=\"elementor-widget-container\">\n\t\t\t\t\t\t\t\t\t<p>\ud83d\udce9 <strong>M\u00f6chten Sie Ihr Fahrzeug ohne Kopfschmerzen verkaufen?<\/strong> Kontaktieren Sie uns und erhalten Sie noch heute ein Angebot.<\/p>\t\t\t\t\t\t\t\t<\/div>\n\t\t\t\t<\/div>\n\t\t\t\t<div class=\"elementor-element elementor-element-991ac81 elementor-button-align-stretch elementor-widget elementor-widget-form\" data-id=\"991ac81\" data-element_type=\"widget\" data-e-type=\"widget\" data-settings=\"{&quot;step_next_label&quot;:&quot;Weiter zu&quot;,&quot;step_previous_label&quot;:&quot;Vorherige&quot;,&quot;step_type&quot;:&quot;number_text&quot;,&quot;step_icon_shape&quot;:&quot;circle&quot;}\" data-widget_type=\"form.default\">\n\t\t\t\t<div class=\"elementor-widget-container\">\n\t\t\t\t\t\t\t<form class=\"elementor-form\" method=\"post\" name=\"Neues Formular\" aria-label=\"Neues Formular\">\n\t\t\t<input type=\"hidden\" name=\"post_id\" value=\"10433\"\/>\n\t\t\t<input type=\"hidden\" name=\"form_id\" value=\"991ac81\"\/>\n\t\t\t<input type=\"hidden\" name=\"referer_title\" value=\"Kauf \/ \u00dcbernahme &#8211; 995 Heritage\" \/>\n\n\t\t\t\t\t\t\t<input type=\"hidden\" name=\"queried_id\" value=\"10433\"\/>\n\t\t\t\n\t\t\t<div class=\"elementor-form-fields-wrapper elementor-labels-above\">\n\t\t\t\t\t\t\t\t<div class=\"elementor-field-type-text elementor-field-group elementor-column elementor-field-group-name elementor-col-100\">\n\t\t\t\t\t\t\t\t\t\t\t\t<label for=\"form-field-name\" class=\"elementor-field-label\">\n\t\t\t\t\t\t\t\tName\t\t\t\t\t\t\t<\/label>\n\t\t\t\t\t\t\t\t\t\t\t\t\t\t<input size=\"1\" type=\"text\" name=\"form_fields[name]\" id=\"form-field-name\" class=\"elementor-field elementor-size-md  elementor-field-textual\" placeholder=\"Name\">\n\t\t\t\t\t\t\t\t\t\t\t<\/div>\n\t\t\t\t\t\t\t\t<div class=\"elementor-field-type-email elementor-field-group elementor-column elementor-field-group-email elementor-col-100 elementor-field-required elementor-mark-required\">\n\t\t\t\t\t\t\t\t\t\t\t\t<label for=\"form-field-email\" class=\"elementor-field-label\">\n\t\t\t\t\t\t\t\tE-Mail\t\t\t\t\t\t\t<\/label>\n\t\t\t\t\t\t\t\t\t\t\t\t\t\t<input size=\"1\" type=\"email\" name=\"form_fields[email]\" id=\"form-field-email\" class=\"elementor-field elementor-size-md  elementor-field-textual\" placeholder=\"E-Mail\" required=\"required\">\n\t\t\t\t\t\t\t\t\t\t\t<\/div>\n\t\t\t\t\t\t\t\t<div class=\"elementor-field-type-textarea elementor-field-group elementor-column elementor-field-group-message elementor-col-100\">\n\t\t\t\t\t\t\t\t\t\t\t\t<label for=\"form-field-message\" class=\"elementor-field-label\">\n\t\t\t\t\t\t\t\tNachricht\t\t\t\t\t\t\t<\/label>\n\t\t\t\t\t\t<textarea class=\"elementor-field-textual elementor-field  elementor-size-md\" name=\"form_fields[message]\" id=\"form-field-message\" rows=\"4\" placeholder=\"Nachricht\"><\/textarea>\t\t\t\t<\/div>\n\t\t\t\t\t\t\t\t<div class=\"elementor-field-group elementor-column elementor-field-type-submit elementor-col-100 e-form__buttons\">\n\t\t\t\t\t<button class=\"elementor-button elementor-size-md\" type=\"submit\">\n\t\t\t\t\t\t<span class=\"elementor-button-content-wrapper\">\n\t\t\t\t\t\t\t\t\t\t\t\t\t\t\t\t\t\t\t\t\t\t<span class=\"elementor-button-text\">Senden Sie<\/span>\n\t\t\t\t\t\t\t\t\t\t\t\t\t<\/span>\n\t\t\t\t\t<\/button>\n\t\t\t\t<\/div>\n\t\t\t<\/div>\n\t\t<\/form>\n\t\t\t\t\t\t<\/div>\n\t\t\t\t<\/div>\n\t\t\t\t<\/div>\n\t\t\t\t\t<\/div>\n\t\t\t\t<\/div>\n\t\t\t\t<\/div>\n\t\t","protected":false},"excerpt":{"rendered":"<p>Verkaufen Sie Ihr Fahrzeug einfach, schnell und mit Vertrauen. Ob Sie Ihr Auto ohne Zeitverlust verkaufen m\u00f6chten oder einen Fahrzeugwechsel planen, wir bieten Ihnen eine einfache und effiziente L\u00f6sung. Warum sollten Sie \u00fcber 995 Heritage gehen? \u2714 So fortige Inzahlungnahme ohne Kaufverpflichtung \u2192 Sie verkaufen Ihr Fahrzeug ohne Zwang, sei es, um ein anderes Modell [&hellip;]<\/p>\n","protected":false},"author":2,"featured_media":0,"parent":10448,"menu_order":0,"comment_status":"closed","ping_status":"closed","template":"","meta":{"_acf_changed":false,"footnotes":""},"class_list":["post-10433","page","type-page","status-publish","hentry"],"acf":[],"yoast_head":"<!-- This site is optimized with the Yoast SEO plugin v27.5 - https:\/\/yoast.com\/product\/yoast-seo-wordpress\/ -->\n<title>Kauf \/ \u00dcbernahme &#8211; 995 Heritage<\/title>\n<meta name=\"description\" content=\"995 Heritage begleitet Sie beim Kauf oder der Inzahlungnahme Ihres Fahrzeugs in der Schweiz mit einem ma\u00dfgeschneiderten Gutachten und einer fairen Bewertung.\" \/>\n<meta name=\"robots\" content=\"index, follow, max-snippet:-1, max-image-preview:large, max-video-preview:-1\" \/>\n<link rel=\"canonical\" href=\"https:\/\/995heritage.ch\/de\/unsere-leistungen\/kauf-uebernahme\/\" \/>\n<meta property=\"og:locale\" content=\"de_DE\" \/>\n<meta property=\"og:type\" content=\"article\" \/>\n<meta property=\"og:title\" content=\"Kauf \/ \u00dcbernahme &#8211; 995 Heritage\" \/>\n<meta property=\"og:description\" content=\"995 Heritage begleitet Sie beim Kauf oder der Inzahlungnahme Ihres Fahrzeugs in der Schweiz mit einem ma\u00dfgeschneiderten Gutachten und einer fairen Bewertung.\" \/>\n<meta property=\"og:url\" content=\"https:\/\/995heritage.ch\/de\/unsere-leistungen\/kauf-uebernahme\/\" \/>\n<meta property=\"og:site_name\" content=\"995 Heritage\" \/>\n<meta property=\"article:modified_time\" content=\"2026-02-07T15:31:48+00:00\" \/>\n<meta name=\"twitter:card\" content=\"summary_large_image\" \/>\n<meta name=\"twitter:label1\" content=\"Gesch\u00e4tzte Lesezeit\" \/>\n\t<meta name=\"twitter:data1\" content=\"1\u00a0Minute\" \/>\n<script type=\"application\/ld+json\" class=\"yoast-schema-graph\">{\"@context\":\"https:\\\/\\\/schema.org\",\"@graph\":[{\"@type\":\"WebPage\",\"@id\":\"https:\\\/\\\/995heritage.ch\\\/de\\\/unsere-leistungen\\\/kauf-uebernahme\\\/\",\"url\":\"https:\\\/\\\/995heritage.ch\\\/de\\\/unsere-leistungen\\\/kauf-uebernahme\\\/\",\"name\":\"Kauf \\\/ \u00dcbernahme &#8211; 995 Heritage\",\"isPartOf\":{\"@id\":\"https:\\\/\\\/995heritage.ch\\\/de\\\/#website\"},\"primaryImageOfPage\":{\"@id\":\"https:\\\/\\\/995heritage.ch\\\/de\\\/unsere-leistungen\\\/kauf-uebernahme\\\/#primaryimage\"},\"image\":{\"@id\":\"https:\\\/\\\/995heritage.ch\\\/de\\\/unsere-leistungen\\\/kauf-uebernahme\\\/#primaryimage\"},\"thumbnailUrl\":\"https:\\\/\\\/995heritage.ch\\\/wp-content\\\/uploads\\\/2025\\\/02\\\/IMG_4190-768x1024.jpg\",\"datePublished\":\"2025-02-03T10:01:10+00:00\",\"dateModified\":\"2026-02-07T15:31:48+00:00\",\"description\":\"995 Heritage begleitet Sie beim Kauf oder der Inzahlungnahme Ihres Fahrzeugs in der Schweiz mit einem ma\u00dfgeschneiderten Gutachten und einer fairen Bewertung.\",\"breadcrumb\":{\"@id\":\"https:\\\/\\\/995heritage.ch\\\/de\\\/unsere-leistungen\\\/kauf-uebernahme\\\/#breadcrumb\"},\"inLanguage\":\"de\",\"potentialAction\":[{\"@type\":\"ReadAction\",\"target\":[\"https:\\\/\\\/995heritage.ch\\\/de\\\/unsere-leistungen\\\/kauf-uebernahme\\\/\"]}]},{\"@type\":\"ImageObject\",\"inLanguage\":\"de\",\"@id\":\"https:\\\/\\\/995heritage.ch\\\/de\\\/unsere-leistungen\\\/kauf-uebernahme\\\/#primaryimage\",\"url\":\"https:\\\/\\\/995heritage.ch\\\/wp-content\\\/uploads\\\/2025\\\/02\\\/IMG_4190-768x1024.jpg\",\"contentUrl\":\"https:\\\/\\\/995heritage.ch\\\/wp-content\\\/uploads\\\/2025\\\/02\\\/IMG_4190-768x1024.jpg\"},{\"@type\":\"BreadcrumbList\",\"@id\":\"https:\\\/\\\/995heritage.ch\\\/de\\\/unsere-leistungen\\\/kauf-uebernahme\\\/#breadcrumb\",\"itemListElement\":[{\"@type\":\"ListItem\",\"position\":1,\"name\":\"Accueil\",\"item\":\"https:\\\/\\\/995heritage.ch\\\/de\\\/?page_id=10511\"},{\"@type\":\"ListItem\",\"position\":2,\"name\":\"Unsere Leistungen\",\"item\":\"https:\\\/\\\/995heritage.ch\\\/de\\\/unsere-leistungen\\\/\"},{\"@type\":\"ListItem\",\"position\":3,\"name\":\"Kauf \\\/ \u00dcbernahme\"}]},{\"@type\":\"WebSite\",\"@id\":\"https:\\\/\\\/995heritage.ch\\\/de\\\/#website\",\"url\":\"https:\\\/\\\/995heritage.ch\\\/de\\\/\",\"name\":\"Enhanced WordPress\",\"description\":\"\",\"publisher\":{\"@id\":\"https:\\\/\\\/995heritage.ch\\\/de\\\/#organization\"},\"potentialAction\":[{\"@type\":\"SearchAction\",\"target\":{\"@type\":\"EntryPoint\",\"urlTemplate\":\"https:\\\/\\\/995heritage.ch\\\/de\\\/?s={search_term_string}\"},\"query-input\":{\"@type\":\"PropertyValueSpecification\",\"valueRequired\":true,\"valueName\":\"search_term_string\"}}],\"inLanguage\":\"de\"},{\"@type\":\"Organization\",\"@id\":\"https:\\\/\\\/995heritage.ch\\\/de\\\/#organization\",\"name\":\"995 Heritage\",\"url\":\"https:\\\/\\\/995heritage.ch\\\/de\\\/\",\"logo\":{\"@type\":\"ImageObject\",\"inLanguage\":\"de\",\"@id\":\"https:\\\/\\\/995heritage.ch\\\/de\\\/#\\\/schema\\\/logo\\\/image\\\/\",\"url\":\"https:\\\/\\\/995heritage.ch\\\/wp-content\\\/uploads\\\/2025\\\/02\\\/cropped-Heritage5.jpg\",\"contentUrl\":\"https:\\\/\\\/995heritage.ch\\\/wp-content\\\/uploads\\\/2025\\\/02\\\/cropped-Heritage5.jpg\",\"width\":512,\"height\":512,\"caption\":\"995 Heritage\"},\"image\":{\"@id\":\"https:\\\/\\\/995heritage.ch\\\/de\\\/#\\\/schema\\\/logo\\\/image\\\/\"}}]}<\/script>\n<!-- \/ Yoast SEO plugin. -->","yoast_head_json":{"title":"Kauf \/ \u00dcbernahme &#8211; 995 Heritage","description":"995 Heritage begleitet Sie beim Kauf oder der Inzahlungnahme Ihres Fahrzeugs in der Schweiz mit einem ma\u00dfgeschneiderten Gutachten und einer fairen Bewertung.","robots":{"index":"index","follow":"follow","max-snippet":"max-snippet:-1","max-image-preview":"max-image-preview:large","max-video-preview":"max-video-preview:-1"},"canonical":"https:\/\/995heritage.ch\/de\/unsere-leistungen\/kauf-uebernahme\/","og_locale":"de_DE","og_type":"article","og_title":"Kauf \/ \u00dcbernahme &#8211; 995 Heritage","og_description":"995 Heritage begleitet Sie beim Kauf oder der Inzahlungnahme Ihres Fahrzeugs in der Schweiz mit einem ma\u00dfgeschneiderten Gutachten und einer fairen Bewertung.","og_url":"https:\/\/995heritage.ch\/de\/unsere-leistungen\/kauf-uebernahme\/","og_site_name":"995 Heritage","article_modified_time":"2026-02-07T15:31:48+00:00","twitter_card":"summary_large_image","twitter_misc":{"Gesch\u00e4tzte Lesezeit":"1\u00a0Minute"},"schema":{"@context":"https:\/\/schema.org","@graph":[{"@type":"WebPage","@id":"https:\/\/995heritage.ch\/de\/unsere-leistungen\/kauf-uebernahme\/","url":"https:\/\/995heritage.ch\/de\/unsere-leistungen\/kauf-uebernahme\/","name":"Kauf \/ \u00dcbernahme &#8211; 995 Heritage","isPartOf":{"@id":"https:\/\/995heritage.ch\/de\/#website"},"primaryImageOfPage":{"@id":"https:\/\/995heritage.ch\/de\/unsere-leistungen\/kauf-uebernahme\/#primaryimage"},"image":{"@id":"https:\/\/995heritage.ch\/de\/unsere-leistungen\/kauf-uebernahme\/#primaryimage"},"thumbnailUrl":"https:\/\/995heritage.ch\/wp-content\/uploads\/2025\/02\/IMG_4190-768x1024.jpg","datePublished":"2025-02-03T10:01:10+00:00","dateModified":"2026-02-07T15:31:48+00:00","description":"995 Heritage begleitet Sie beim Kauf oder der Inzahlungnahme Ihres Fahrzeugs in der Schweiz mit einem ma\u00dfgeschneiderten Gutachten und einer fairen Bewertung.","breadcrumb":{"@id":"https:\/\/995heritage.ch\/de\/unsere-leistungen\/kauf-uebernahme\/#breadcrumb"},"inLanguage":"de","potentialAction":[{"@type":"ReadAction","target":["https:\/\/995heritage.ch\/de\/unsere-leistungen\/kauf-uebernahme\/"]}]},{"@type":"ImageObject","inLanguage":"de","@id":"https:\/\/995heritage.ch\/de\/unsere-leistungen\/kauf-uebernahme\/#primaryimage","url":"https:\/\/995heritage.ch\/wp-content\/uploads\/2025\/02\/IMG_4190-768x1024.jpg","contentUrl":"https:\/\/995heritage.ch\/wp-content\/uploads\/2025\/02\/IMG_4190-768x1024.jpg"},{"@type":"BreadcrumbList","@id":"https:\/\/995heritage.ch\/de\/unsere-leistungen\/kauf-uebernahme\/#breadcrumb","itemListElement":[{"@type":"ListItem","position":1,"name":"Accueil","item":"https:\/\/995heritage.ch\/de\/?page_id=10511"},{"@type":"ListItem","position":2,"name":"Unsere Leistungen","item":"https:\/\/995heritage.ch\/de\/unsere-leistungen\/"},{"@type":"ListItem","position":3,"name":"Kauf \/ \u00dcbernahme"}]},{"@type":"WebSite","@id":"https:\/\/995heritage.ch\/de\/#website","url":"https:\/\/995heritage.ch\/de\/","name":"Enhanced WordPress","description":"","publisher":{"@id":"https:\/\/995heritage.ch\/de\/#organization"},"potentialAction":[{"@type":"SearchAction","target":{"@type":"EntryPoint","urlTemplate":"https:\/\/995heritage.ch\/de\/?s={search_term_string}"},"query-input":{"@type":"PropertyValueSpecification","valueRequired":true,"valueName":"search_term_string"}}],"inLanguage":"de"},{"@type":"Organization","@id":"https:\/\/995heritage.ch\/de\/#organization","name":"995 Heritage","url":"https:\/\/995heritage.ch\/de\/","logo":{"@type":"ImageObject","inLanguage":"de","@id":"https:\/\/995heritage.ch\/de\/#\/schema\/logo\/image\/","url":"https:\/\/995heritage.ch\/wp-content\/uploads\/2025\/02\/cropped-Heritage5.jpg","contentUrl":"https:\/\/995heritage.ch\/wp-content\/uploads\/2025\/02\/cropped-Heritage5.jpg","width":512,"height":512,"caption":"995 Heritage"},"image":{"@id":"https:\/\/995heritage.ch\/de\/#\/schema\/logo\/image\/"}}]}},"meta_box":[],"_links":{"self":[{"href":"https:\/\/995heritage.ch\/de\/wp-json\/wp\/v2\/pages\/10433","targetHints":{"allow":["GET"]}}],"collection":[{"href":"https:\/\/995heritage.ch\/de\/wp-json\/wp\/v2\/pages"}],"about":[{"href":"https:\/\/995heritage.ch\/de\/wp-json\/wp\/v2\/types\/page"}],"author":[{"embeddable":true,"href":"https:\/\/995heritage.ch\/de\/wp-json\/wp\/v2\/users\/2"}],"replies":[{"embeddable":true,"href":"https:\/\/995heritage.ch\/de\/wp-json\/wp\/v2\/comments?post=10433"}],"version-history":[{"count":3,"href":"https:\/\/995heritage.ch\/de\/wp-json\/wp\/v2\/pages\/10433\/revisions"}],"predecessor-version":[{"id":10578,"href":"https:\/\/995heritage.ch\/de\/wp-json\/wp\/v2\/pages\/10433\/revisions\/10578"}],"up":[{"embeddable":true,"href":"https:\/\/995heritage.ch\/de\/wp-json\/wp\/v2\/pages\/10448"}],"wp:attachment":[{"href":"https:\/\/995heritage.ch\/de\/wp-json\/wp\/v2\/media?parent=10433"}],"curies":[{"name":"wp","href":"https:\/\/api.w.org\/{rel}","templated":true}]}}