{"id":10427,"date":"2025-02-03T11:02:38","date_gmt":"2025-02-03T10:02:38","guid":{"rendered":"https:\/\/995heritage.ch\/finanzierung\/"},"modified":"2025-04-19T17:38:48","modified_gmt":"2025-04-19T15:38:48","slug":"finanzierung","status":"publish","type":"page","link":"https:\/\/995heritage.ch\/de\/unsere-leistungen\/finanzierung\/","title":{"rendered":"Finanzierung"},"content":{"rendered":"\t\t<div data-elementor-type=\"wp-page\" data-elementor-id=\"10427\" class=\"elementor elementor-10427\" data-elementor-post-type=\"page\">\n\t\t\t\t<div class=\"elementor-element elementor-element-46e1385 e-flex e-con-boxed e-con e-parent\" data-id=\"46e1385\" data-element_type=\"container\" data-e-type=\"container\">\n\t\t\t\t\t<div class=\"e-con-inner\">\n\t\t\t\t<div class=\"elementor-element elementor-element-e154167 elementor-align-center elementor-widget elementor-widget-breadcrumbs\" data-id=\"e154167\" data-element_type=\"widget\" data-e-type=\"widget\" data-widget_type=\"breadcrumbs.default\">\n\t\t\t\t<div class=\"elementor-widget-container\">\n\t\t\t\t\t<p id=\"breadcrumbs\"><span><span><a href=\"https:\/\/995heritage.ch\/de\/?page_id=10511\">Accueil<\/a><\/span><\/span><\/p>\t\t\t\t<\/div>\n\t\t\t\t<\/div>\n\t\t\t\t\t<\/div>\n\t\t\t\t<\/div>\n\t\t<div class=\"elementor-element elementor-element-9da6691 e-flex e-con-boxed e-con e-parent\" data-id=\"9da6691\" data-element_type=\"container\" data-e-type=\"container\">\n\t\t\t\t\t<div class=\"e-con-inner\">\n\t\t<div class=\"elementor-element elementor-element-77adc50 e-con-full e-flex e-con e-child\" data-id=\"77adc50\" data-element_type=\"container\" data-e-type=\"container\" data-settings=\"{&quot;background_background&quot;:&quot;classic&quot;}\">\n\t\t\t\t<div class=\"elementor-element elementor-element-506b3be elementor-widget elementor-widget-heading\" data-id=\"506b3be\" data-element_type=\"widget\" data-e-type=\"widget\" data-widget_type=\"heading.default\">\n\t\t\t\t<div class=\"elementor-widget-container\">\n\t\t\t\t\t<h1 class=\"elementor-heading-title elementor-size-default\">Fahren Sie ohne Wartezeit mit einer L\u00f6sung, die auf Ihre Bed\u00fcrfnisse zugeschnitten ist.<\/h1>\t\t\t\t<\/div>\n\t\t\t\t<\/div>\n\t\t\t\t<div class=\"elementor-element elementor-element-283a5db elementor-widget elementor-widget-text-editor\" data-id=\"283a5db\" data-element_type=\"widget\" data-e-type=\"widget\" data-widget_type=\"text-editor.default\">\n\t\t\t\t<div class=\"elementor-widget-container\">\n\t\t\t\t\t\t\t\t\t<p>Die Anschaffung eines Fahrzeugs ist ein wichtiges Projekt. Ob <strong>Leasing oder klassische Finanzierung<\/strong>, wir helfen Ihnen, <strong>die<\/strong> f\u00fcr Ihre Situation <strong>g\u00fcnstigste L\u00f6sung zu<\/strong> finden. <\/p>\t\t\t\t\t\t\t\t<\/div>\n\t\t\t\t<\/div>\n\t\t\t\t<\/div>\n\t\t\t\t\t<\/div>\n\t\t\t\t<\/div>\n\t\t<div class=\"elementor-element elementor-element-b766610 e-flex e-con-boxed e-con e-parent\" data-id=\"b766610\" data-element_type=\"container\" data-e-type=\"container\">\n\t\t\t\t\t<div class=\"e-con-inner\">\n\t\t<div class=\"elementor-element elementor-element-671e2fc e-con-full e-flex e-con e-child\" data-id=\"671e2fc\" data-element_type=\"container\" data-e-type=\"container\" data-settings=\"{&quot;background_background&quot;:&quot;classic&quot;}\">\n\t\t\t\t<div class=\"elementor-element elementor-element-4c471cb elementor-widget elementor-widget-heading\" data-id=\"4c471cb\" data-element_type=\"widget\" data-e-type=\"widget\" data-widget_type=\"heading.default\">\n\t\t\t\t<div class=\"elementor-widget-container\">\n\t\t\t\t\t<h2 class=\"elementor-heading-title elementor-size-default\">Warum sollten Sie \u00fcber 995 Heritage gehen?<\/h2>\t\t\t\t<\/div>\n\t\t\t\t<\/div>\n\t\t\t\t<div class=\"elementor-element elementor-element-16a3ca8 elementor-widget elementor-widget-text-editor\" data-id=\"16a3ca8\" data-element_type=\"widget\" data-e-type=\"widget\" data-widget_type=\"text-editor.default\">\n\t\t\t\t<div class=\"elementor-widget-container\">\n\t\t\t\t\t\t\t\t\t<p>\u2714 <strong>Pers\u00f6nliche Betreuung<\/strong> \u2192 Wir helfen Ihnen, das beste Paket f\u00fcr Ihre Bed\u00fcrfnisse <strong>zu<\/strong> w\u00e4hlen.<br>\u2714 <strong>Zugang zu mehreren Organisationen<\/strong> \u2192 Dank unserer Partner finden wir <strong>das interessanteste Angebot<\/strong> f\u00fcr Sie.<br>\u2714 <strong>Vereinfachte Verwaltung<\/strong> \u2192 Wir k\u00fcmmern uns um die Formalit\u00e4ten, f\u00fcr eine schnelle und unkomplizierte Finanzierung.<br>\u2714 <strong>Volle Flexibilit\u00e4t<\/strong> \u2192 Ob Sie ein Fahrzeug bei uns oder anderswo kaufen, wir k\u00f6nnen Sie bei Ihrer Finanzierung begleiten.<\/p>\t\t\t\t\t\t\t\t<\/div>\n\t\t\t\t<\/div>\n\t\t\t\t<\/div>\n\t\t\t\t\t<\/div>\n\t\t\t\t<\/div>\n\t\t<div class=\"elementor-element elementor-element-0300fbf e-flex e-con-boxed e-con e-parent\" data-id=\"0300fbf\" data-element_type=\"container\" data-e-type=\"container\">\n\t\t\t\t\t<div class=\"e-con-inner\">\n\t\t<div class=\"elementor-element elementor-element-baff645 e-con-full e-flex e-con e-child\" data-id=\"baff645\" data-element_type=\"container\" data-e-type=\"container\">\n\t\t\t\t<div class=\"elementor-element elementor-element-68659cf elementor-widget elementor-widget-image\" data-id=\"68659cf\" data-element_type=\"widget\" data-e-type=\"widget\" data-widget_type=\"image.default\">\n\t\t\t\t<div class=\"elementor-widget-container\">\n\t\t\t\t\t\t\t\t\t\t\t\t\t\t\t<img decoding=\"async\" width=\"768\" height=\"1024\" src=\"https:\/\/995heritage.ch\/wp-content\/uploads\/2025\/02\/IMG_3924-768x1024.jpg\" class=\"attachment-large size-large wp-image-9972\" alt=\"\" srcset=\"https:\/\/995heritage.ch\/wp-content\/uploads\/2025\/02\/IMG_3924-768x1024.jpg 768w, https:\/\/995heritage.ch\/wp-content\/uploads\/2025\/02\/IMG_3924-225x300.jpg 225w, https:\/\/995heritage.ch\/wp-content\/uploads\/2025\/02\/IMG_3924-1152x1536.jpg 1152w, https:\/\/995heritage.ch\/wp-content\/uploads\/2025\/02\/IMG_3924-1536x2048.jpg 1536w, https:\/\/995heritage.ch\/wp-content\/uploads\/2025\/02\/IMG_3924-scaled.jpg 1920w\" sizes=\"(max-width: 768px) 100vw, 768px\" \/>\t\t\t\t\t\t\t\t\t\t\t\t\t\t\t<\/div>\n\t\t\t\t<\/div>\n\t\t\t\t<\/div>\n\t\t<div class=\"elementor-element elementor-element-bf69737 e-con-full e-flex e-con e-child\" data-id=\"bf69737\" data-element_type=\"container\" data-e-type=\"container\" data-settings=\"{&quot;background_background&quot;:&quot;classic&quot;}\">\n\t\t\t\t<div class=\"elementor-element elementor-element-5de32cb elementor-widget elementor-widget-heading\" data-id=\"5de32cb\" data-element_type=\"widget\" data-e-type=\"widget\" data-widget_type=\"heading.default\">\n\t\t\t\t<div class=\"elementor-widget-container\">\n\t\t\t\t\t<h3 class=\"elementor-heading-title elementor-size-default\">Leasing oder Finanzierung?<\/h3>\t\t\t\t<\/div>\n\t\t\t\t<\/div>\n\t\t\t\t<div class=\"elementor-element elementor-element-86caacc elementor-widget elementor-widget-text-editor\" data-id=\"86caacc\" data-element_type=\"widget\" data-e-type=\"widget\" data-widget_type=\"text-editor.default\">\n\t\t\t\t<div class=\"elementor-widget-container\">\n\t\t\t\t\t\t\t\t\t<p>\ud83d\udccc <strong>Leasing<\/strong> \u2192 Ideal f\u00fcr diejenigen, die ihr Fahrzeug regelm\u00e4\u00dfig wechseln und ihr Budget optimieren wollen.<br>\ud83d\udccc <strong>Autokredit<\/strong> \u2192 F\u00fcr diejenigen, die am Ende der Vertragslaufzeit Eigent\u00fcmer ihres Fahrzeugs werden m\u00f6chten.<\/p><p>Jedes Projekt ist einzigartig, und deshalb nehmen wir uns <strong>die Zeit, Sie zu beraten,<\/strong> um Ihnen die beste L\u00f6sung zu bieten.<\/p>\t\t\t\t\t\t\t\t<\/div>\n\t\t\t\t<\/div>\n\t\t\t\t<\/div>\n\t\t\t\t\t<\/div>\n\t\t\t\t<\/div>\n\t\t<div class=\"elementor-element elementor-element-084da75 e-flex e-con-boxed e-con e-parent\" data-id=\"084da75\" data-element_type=\"container\" data-e-type=\"container\">\n\t\t\t\t\t<div class=\"e-con-inner\">\n\t\t<div class=\"elementor-element elementor-element-a0fe3ff e-con-full e-flex e-con e-child\" data-id=\"a0fe3ff\" data-element_type=\"container\" data-e-type=\"container\" data-settings=\"{&quot;background_background&quot;:&quot;classic&quot;}\">\n\t\t\t\t<div class=\"elementor-element elementor-element-475b073 elementor-widget elementor-widget-text-editor\" data-id=\"475b073\" data-element_type=\"widget\" data-e-type=\"widget\" data-widget_type=\"text-editor.default\">\n\t\t\t\t<div class=\"elementor-widget-container\">\n\t\t\t\t\t\t\t\t\t<p>\ud83d\udce9 <strong>Sie haben ein Projekt und m\u00f6chten eine Finanzierungsstudie? <\/strong>Kontaktieren Sie uns und lassen Sie uns gemeinsam eine L\u00f6sung finden, die Ihren Bed\u00fcrfnissen entspricht.<\/p>\t\t\t\t\t\t\t\t<\/div>\n\t\t\t\t<\/div>\n\t\t\t\t<div class=\"elementor-element elementor-element-ba916ff elementor-button-align-stretch elementor-widget elementor-widget-form\" data-id=\"ba916ff\" data-element_type=\"widget\" data-e-type=\"widget\" data-settings=\"{&quot;step_next_label&quot;:&quot;Weiter zu&quot;,&quot;step_previous_label&quot;:&quot;Vorherige&quot;,&quot;step_type&quot;:&quot;number_text&quot;,&quot;step_icon_shape&quot;:&quot;circle&quot;}\" data-widget_type=\"form.default\">\n\t\t\t\t<div class=\"elementor-widget-container\">\n\t\t\t\t\t\t\t<form class=\"elementor-form\" method=\"post\" name=\"Neues Formular\" aria-label=\"Neues Formular\">\n\t\t\t<input type=\"hidden\" name=\"post_id\" value=\"10427\"\/>\n\t\t\t<input type=\"hidden\" name=\"form_id\" value=\"ba916ff\"\/>\n\t\t\t<input type=\"hidden\" name=\"referer_title\" value=\"995 Heritage\" \/>\n\n\t\t\t\n\t\t\t<div class=\"elementor-form-fields-wrapper elementor-labels-above\">\n\t\t\t\t\t\t\t\t<div class=\"elementor-field-type-text elementor-field-group elementor-column elementor-field-group-name elementor-col-100\">\n\t\t\t\t\t\t\t\t\t\t\t\t<label for=\"form-field-name\" class=\"elementor-field-label\">\n\t\t\t\t\t\t\t\tName\t\t\t\t\t\t\t<\/label>\n\t\t\t\t\t\t\t\t\t\t\t\t\t\t<input size=\"1\" type=\"text\" name=\"form_fields[name]\" id=\"form-field-name\" class=\"elementor-field elementor-size-md  elementor-field-textual\" placeholder=\"Name\">\n\t\t\t\t\t\t\t\t\t\t\t<\/div>\n\t\t\t\t\t\t\t\t<div class=\"elementor-field-type-email elementor-field-group elementor-column elementor-field-group-email elementor-col-100 elementor-field-required elementor-mark-required\">\n\t\t\t\t\t\t\t\t\t\t\t\t<label for=\"form-field-email\" class=\"elementor-field-label\">\n\t\t\t\t\t\t\t\tE-Mail\t\t\t\t\t\t\t<\/label>\n\t\t\t\t\t\t\t\t\t\t\t\t\t\t<input size=\"1\" type=\"email\" name=\"form_fields[email]\" id=\"form-field-email\" class=\"elementor-field elementor-size-md  elementor-field-textual\" placeholder=\"E-Mail\" required=\"required\">\n\t\t\t\t\t\t\t\t\t\t\t<\/div>\n\t\t\t\t\t\t\t\t<div class=\"elementor-field-type-textarea elementor-field-group elementor-column elementor-field-group-message elementor-col-100\">\n\t\t\t\t\t\t\t\t\t\t\t\t<label for=\"form-field-message\" class=\"elementor-field-label\">\n\t\t\t\t\t\t\t\tNachricht\t\t\t\t\t\t\t<\/label>\n\t\t\t\t\t\t<textarea class=\"elementor-field-textual elementor-field  elementor-size-md\" name=\"form_fields[message]\" id=\"form-field-message\" rows=\"4\" placeholder=\"Nachricht\"><\/textarea>\t\t\t\t<\/div>\n\t\t\t\t\t\t\t\t<div class=\"elementor-field-group elementor-column elementor-field-type-submit elementor-col-100 e-form__buttons\">\n\t\t\t\t\t<button class=\"elementor-button elementor-size-md\" type=\"submit\">\n\t\t\t\t\t\t<span class=\"elementor-button-content-wrapper\">\n\t\t\t\t\t\t\t\t\t\t\t\t\t\t\t\t\t\t\t\t\t\t<span class=\"elementor-button-text\">Senden Sie<\/span>\n\t\t\t\t\t\t\t\t\t\t\t\t\t<\/span>\n\t\t\t\t\t<\/button>\n\t\t\t\t<\/div>\n\t\t\t<\/div>\n\t\t<\/form>\n\t\t\t\t\t\t<\/div>\n\t\t\t\t<\/div>\n\t\t\t\t<\/div>\n\t\t\t\t\t<\/div>\n\t\t\t\t<\/div>\n\t\t\t\t<\/div>\n\t\t","protected":false},"excerpt":{"rendered":"<p>Fahren Sie ohne Wartezeit mit einer L\u00f6sung, die auf Ihre Bed\u00fcrfnisse zugeschnitten ist. Die Anschaffung eines Fahrzeugs ist ein wichtiges Projekt. Ob Leasing oder klassische Finanzierung, wir helfen Ihnen, die f\u00fcr Ihre Situation g\u00fcnstigste L\u00f6sung zu finden. Warum sollten Sie \u00fcber 995 Heritage gehen? \u2714 Pers\u00f6nliche Betreuung \u2192 Wir helfen Ihnen, das beste Paket f\u00fcr [&hellip;]<\/p>\n","protected":false},"author":2,"featured_media":0,"parent":10448,"menu_order":0,"comment_status":"closed","ping_status":"closed","template":"","meta":{"_acf_changed":false,"footnotes":""},"class_list":["post-10427","page","type-page","status-publish","hentry"],"acf":[],"yoast_head":"<!-- This site is optimized with the Yoast SEO plugin v27.5 - https:\/\/yoast.com\/product\/yoast-seo-wordpress\/ -->\n<title>Finanzierung &#8211; 995 Heritage<\/title>\n<meta name=\"description\" content=\"Finden Sie die beste Finanzierung oder das beste Leasing f\u00fcr Ihr Auto mit L\u00f6sungen, die auf Ihr Budget und Ihre Bed\u00fcrfnisse zugeschnitten sind.\" \/>\n<meta name=\"robots\" content=\"index, follow, max-snippet:-1, max-image-preview:large, max-video-preview:-1\" \/>\n<link rel=\"canonical\" href=\"https:\/\/995heritage.ch\/de\/unsere-leistungen\/finanzierung\/\" \/>\n<meta property=\"og:locale\" content=\"de_DE\" \/>\n<meta property=\"og:type\" content=\"article\" \/>\n<meta property=\"og:title\" content=\"Finanzierung &#8211; 995 Heritage\" \/>\n<meta property=\"og:description\" content=\"Finden Sie die beste Finanzierung oder das beste Leasing f\u00fcr Ihr Auto mit L\u00f6sungen, die auf Ihr Budget und Ihre Bed\u00fcrfnisse zugeschnitten sind.\" \/>\n<meta property=\"og:url\" content=\"https:\/\/995heritage.ch\/de\/unsere-leistungen\/finanzierung\/\" \/>\n<meta property=\"og:site_name\" content=\"995 Heritage\" \/>\n<meta property=\"article:modified_time\" content=\"2025-04-19T15:38:48+00:00\" \/>\n<meta property=\"og:image\" content=\"https:\/\/995heritage.ch\/wp-content\/uploads\/2025\/02\/IMG_3924-768x1024.jpg\" \/>\n<meta name=\"twitter:card\" content=\"summary_large_image\" \/>\n<meta name=\"twitter:label1\" content=\"Gesch\u00e4tzte Lesezeit\" \/>\n\t<meta name=\"twitter:data1\" content=\"1\u00a0Minute\" \/>\n<script type=\"application\/ld+json\" class=\"yoast-schema-graph\">{\"@context\":\"https:\\\/\\\/schema.org\",\"@graph\":[{\"@type\":\"WebPage\",\"@id\":\"https:\\\/\\\/995heritage.ch\\\/de\\\/unsere-leistungen\\\/finanzierung\\\/\",\"url\":\"https:\\\/\\\/995heritage.ch\\\/de\\\/unsere-leistungen\\\/finanzierung\\\/\",\"name\":\"Finanzierung &#8211; 995 Heritage\",\"isPartOf\":{\"@id\":\"https:\\\/\\\/995heritage.ch\\\/de\\\/#website\"},\"primaryImageOfPage\":{\"@id\":\"https:\\\/\\\/995heritage.ch\\\/de\\\/unsere-leistungen\\\/finanzierung\\\/#primaryimage\"},\"image\":{\"@id\":\"https:\\\/\\\/995heritage.ch\\\/de\\\/unsere-leistungen\\\/finanzierung\\\/#primaryimage\"},\"thumbnailUrl\":\"https:\\\/\\\/995heritage.ch\\\/wp-content\\\/uploads\\\/2025\\\/02\\\/IMG_3924-768x1024.jpg\",\"datePublished\":\"2025-02-03T10:02:38+00:00\",\"dateModified\":\"2025-04-19T15:38:48+00:00\",\"description\":\"Finden Sie die beste Finanzierung oder das beste Leasing f\u00fcr Ihr Auto mit L\u00f6sungen, die auf Ihr Budget und Ihre Bed\u00fcrfnisse zugeschnitten sind.\",\"breadcrumb\":{\"@id\":\"https:\\\/\\\/995heritage.ch\\\/de\\\/unsere-leistungen\\\/finanzierung\\\/#breadcrumb\"},\"inLanguage\":\"de\",\"potentialAction\":[{\"@type\":\"ReadAction\",\"target\":[\"https:\\\/\\\/995heritage.ch\\\/de\\\/unsere-leistungen\\\/finanzierung\\\/\"]}]},{\"@type\":\"ImageObject\",\"inLanguage\":\"de\",\"@id\":\"https:\\\/\\\/995heritage.ch\\\/de\\\/unsere-leistungen\\\/finanzierung\\\/#primaryimage\",\"url\":\"https:\\\/\\\/995heritage.ch\\\/wp-content\\\/uploads\\\/2025\\\/02\\\/IMG_3924-768x1024.jpg\",\"contentUrl\":\"https:\\\/\\\/995heritage.ch\\\/wp-content\\\/uploads\\\/2025\\\/02\\\/IMG_3924-768x1024.jpg\"},{\"@type\":\"BreadcrumbList\",\"@id\":\"https:\\\/\\\/995heritage.ch\\\/de\\\/unsere-leistungen\\\/finanzierung\\\/#breadcrumb\",\"itemListElement\":[{\"@type\":\"ListItem\",\"position\":1,\"name\":\"Accueil\",\"item\":\"https:\\\/\\\/995heritage.ch\\\/de\\\/?page_id=10511\"},{\"@type\":\"ListItem\",\"position\":2,\"name\":\"Unsere Leistungen\",\"item\":\"https:\\\/\\\/995heritage.ch\\\/de\\\/unsere-leistungen\\\/\"},{\"@type\":\"ListItem\",\"position\":3,\"name\":\"Finanzierung\"}]},{\"@type\":\"WebSite\",\"@id\":\"https:\\\/\\\/995heritage.ch\\\/de\\\/#website\",\"url\":\"https:\\\/\\\/995heritage.ch\\\/de\\\/\",\"name\":\"Enhanced WordPress\",\"description\":\"\",\"publisher\":{\"@id\":\"https:\\\/\\\/995heritage.ch\\\/de\\\/#organization\"},\"potentialAction\":[{\"@type\":\"SearchAction\",\"target\":{\"@type\":\"EntryPoint\",\"urlTemplate\":\"https:\\\/\\\/995heritage.ch\\\/de\\\/?s={search_term_string}\"},\"query-input\":{\"@type\":\"PropertyValueSpecification\",\"valueRequired\":true,\"valueName\":\"search_term_string\"}}],\"inLanguage\":\"de\"},{\"@type\":\"Organization\",\"@id\":\"https:\\\/\\\/995heritage.ch\\\/de\\\/#organization\",\"name\":\"995 Heritage\",\"url\":\"https:\\\/\\\/995heritage.ch\\\/de\\\/\",\"logo\":{\"@type\":\"ImageObject\",\"inLanguage\":\"de\",\"@id\":\"https:\\\/\\\/995heritage.ch\\\/de\\\/#\\\/schema\\\/logo\\\/image\\\/\",\"url\":\"https:\\\/\\\/995heritage.ch\\\/wp-content\\\/uploads\\\/2025\\\/02\\\/cropped-Heritage5.jpg\",\"contentUrl\":\"https:\\\/\\\/995heritage.ch\\\/wp-content\\\/uploads\\\/2025\\\/02\\\/cropped-Heritage5.jpg\",\"width\":512,\"height\":512,\"caption\":\"995 Heritage\"},\"image\":{\"@id\":\"https:\\\/\\\/995heritage.ch\\\/de\\\/#\\\/schema\\\/logo\\\/image\\\/\"}}]}<\/script>\n<!-- \/ Yoast SEO plugin. -->","yoast_head_json":{"title":"Finanzierung &#8211; 995 Heritage","description":"Finden Sie die beste Finanzierung oder das beste Leasing f\u00fcr Ihr Auto mit L\u00f6sungen, die auf Ihr Budget und Ihre Bed\u00fcrfnisse zugeschnitten sind.","robots":{"index":"index","follow":"follow","max-snippet":"max-snippet:-1","max-image-preview":"max-image-preview:large","max-video-preview":"max-video-preview:-1"},"canonical":"https:\/\/995heritage.ch\/de\/unsere-leistungen\/finanzierung\/","og_locale":"de_DE","og_type":"article","og_title":"Finanzierung &#8211; 995 Heritage","og_description":"Finden Sie die beste Finanzierung oder das beste Leasing f\u00fcr Ihr Auto mit L\u00f6sungen, die auf Ihr Budget und Ihre Bed\u00fcrfnisse zugeschnitten sind.","og_url":"https:\/\/995heritage.ch\/de\/unsere-leistungen\/finanzierung\/","og_site_name":"995 Heritage","article_modified_time":"2025-04-19T15:38:48+00:00","og_image":[{"url":"https:\/\/995heritage.ch\/wp-content\/uploads\/2025\/02\/IMG_3924-768x1024.jpg","type":"","width":"","height":""}],"twitter_card":"summary_large_image","twitter_misc":{"Gesch\u00e4tzte Lesezeit":"1\u00a0Minute"},"schema":{"@context":"https:\/\/schema.org","@graph":[{"@type":"WebPage","@id":"https:\/\/995heritage.ch\/de\/unsere-leistungen\/finanzierung\/","url":"https:\/\/995heritage.ch\/de\/unsere-leistungen\/finanzierung\/","name":"Finanzierung &#8211; 995 Heritage","isPartOf":{"@id":"https:\/\/995heritage.ch\/de\/#website"},"primaryImageOfPage":{"@id":"https:\/\/995heritage.ch\/de\/unsere-leistungen\/finanzierung\/#primaryimage"},"image":{"@id":"https:\/\/995heritage.ch\/de\/unsere-leistungen\/finanzierung\/#primaryimage"},"thumbnailUrl":"https:\/\/995heritage.ch\/wp-content\/uploads\/2025\/02\/IMG_3924-768x1024.jpg","datePublished":"2025-02-03T10:02:38+00:00","dateModified":"2025-04-19T15:38:48+00:00","description":"Finden Sie die beste Finanzierung oder das beste Leasing f\u00fcr Ihr Auto mit L\u00f6sungen, die auf Ihr Budget und Ihre Bed\u00fcrfnisse zugeschnitten sind.","breadcrumb":{"@id":"https:\/\/995heritage.ch\/de\/unsere-leistungen\/finanzierung\/#breadcrumb"},"inLanguage":"de","potentialAction":[{"@type":"ReadAction","target":["https:\/\/995heritage.ch\/de\/unsere-leistungen\/finanzierung\/"]}]},{"@type":"ImageObject","inLanguage":"de","@id":"https:\/\/995heritage.ch\/de\/unsere-leistungen\/finanzierung\/#primaryimage","url":"https:\/\/995heritage.ch\/wp-content\/uploads\/2025\/02\/IMG_3924-768x1024.jpg","contentUrl":"https:\/\/995heritage.ch\/wp-content\/uploads\/2025\/02\/IMG_3924-768x1024.jpg"},{"@type":"BreadcrumbList","@id":"https:\/\/995heritage.ch\/de\/unsere-leistungen\/finanzierung\/#breadcrumb","itemListElement":[{"@type":"ListItem","position":1,"name":"Accueil","item":"https:\/\/995heritage.ch\/de\/?page_id=10511"},{"@type":"ListItem","position":2,"name":"Unsere Leistungen","item":"https:\/\/995heritage.ch\/de\/unsere-leistungen\/"},{"@type":"ListItem","position":3,"name":"Finanzierung"}]},{"@type":"WebSite","@id":"https:\/\/995heritage.ch\/de\/#website","url":"https:\/\/995heritage.ch\/de\/","name":"Enhanced WordPress","description":"","publisher":{"@id":"https:\/\/995heritage.ch\/de\/#organization"},"potentialAction":[{"@type":"SearchAction","target":{"@type":"EntryPoint","urlTemplate":"https:\/\/995heritage.ch\/de\/?s={search_term_string}"},"query-input":{"@type":"PropertyValueSpecification","valueRequired":true,"valueName":"search_term_string"}}],"inLanguage":"de"},{"@type":"Organization","@id":"https:\/\/995heritage.ch\/de\/#organization","name":"995 Heritage","url":"https:\/\/995heritage.ch\/de\/","logo":{"@type":"ImageObject","inLanguage":"de","@id":"https:\/\/995heritage.ch\/de\/#\/schema\/logo\/image\/","url":"https:\/\/995heritage.ch\/wp-content\/uploads\/2025\/02\/cropped-Heritage5.jpg","contentUrl":"https:\/\/995heritage.ch\/wp-content\/uploads\/2025\/02\/cropped-Heritage5.jpg","width":512,"height":512,"caption":"995 Heritage"},"image":{"@id":"https:\/\/995heritage.ch\/de\/#\/schema\/logo\/image\/"}}]}},"meta_box":[],"_links":{"self":[{"href":"https:\/\/995heritage.ch\/de\/wp-json\/wp\/v2\/pages\/10427","targetHints":{"allow":["GET"]}}],"collection":[{"href":"https:\/\/995heritage.ch\/de\/wp-json\/wp\/v2\/pages"}],"about":[{"href":"https:\/\/995heritage.ch\/de\/wp-json\/wp\/v2\/types\/page"}],"author":[{"embeddable":true,"href":"https:\/\/995heritage.ch\/de\/wp-json\/wp\/v2\/users\/2"}],"replies":[{"embeddable":true,"href":"https:\/\/995heritage.ch\/de\/wp-json\/wp\/v2\/comments?post=10427"}],"version-history":[{"count":2,"href":"https:\/\/995heritage.ch\/de\/wp-json\/wp\/v2\/pages\/10427\/revisions"}],"predecessor-version":[{"id":10430,"href":"https:\/\/995heritage.ch\/de\/wp-json\/wp\/v2\/pages\/10427\/revisions\/10430"}],"up":[{"embeddable":true,"href":"https:\/\/995heritage.ch\/de\/wp-json\/wp\/v2\/pages\/10448"}],"wp:attachment":[{"href":"https:\/\/995heritage.ch\/de\/wp-json\/wp\/v2\/media?parent=10427"}],"curies":[{"name":"wp","href":"https:\/\/api.w.org\/{rel}","templated":true}]}}