{"id":10398,"date":"2025-02-03T11:01:47","date_gmt":"2025-02-03T10:01:47","guid":{"rendered":"https:\/\/995heritage.ch\/import-export\/"},"modified":"2025-04-19T17:38:48","modified_gmt":"2025-04-19T15:38:48","slug":"import-export","status":"publish","type":"page","link":"https:\/\/995heritage.ch\/de\/unsere-leistungen\/import-export\/","title":{"rendered":"Import &amp; Export"},"content":{"rendered":"\t\t<div data-elementor-type=\"wp-page\" data-elementor-id=\"10398\" class=\"elementor elementor-10398\" data-elementor-post-type=\"page\">\n\t\t\t\t<div class=\"elementor-element elementor-element-4f14737 e-flex e-con-boxed e-con e-parent\" data-id=\"4f14737\" data-element_type=\"container\" data-e-type=\"container\">\n\t\t\t\t\t<div class=\"e-con-inner\">\n\t\t\t\t<div class=\"elementor-element elementor-element-addab35 elementor-align-center elementor-widget elementor-widget-breadcrumbs\" data-id=\"addab35\" data-element_type=\"widget\" data-e-type=\"widget\" data-widget_type=\"breadcrumbs.default\">\n\t\t\t\t<div class=\"elementor-widget-container\">\n\t\t\t\t\t<p id=\"breadcrumbs\"><span><span><a href=\"https:\/\/995heritage.ch\/de\/?page_id=10511\">Accueil<\/a><\/span><\/span><\/p>\t\t\t\t<\/div>\n\t\t\t\t<\/div>\n\t\t\t\t\t<\/div>\n\t\t\t\t<\/div>\n\t\t<div class=\"elementor-element elementor-element-e354f3e e-flex e-con-boxed e-con e-parent\" data-id=\"e354f3e\" data-element_type=\"container\" data-e-type=\"container\">\n\t\t\t\t\t<div class=\"e-con-inner\">\n\t\t<div class=\"elementor-element elementor-element-f08a38a e-con-full e-flex e-con e-child\" data-id=\"f08a38a\" data-element_type=\"container\" data-e-type=\"container\" data-settings=\"{&quot;background_background&quot;:&quot;classic&quot;}\">\n\t\t\t\t<div class=\"elementor-element elementor-element-5274342 elementor-widget elementor-widget-heading\" data-id=\"5274342\" data-element_type=\"widget\" data-e-type=\"widget\" data-widget_type=\"heading.default\">\n\t\t\t\t<div class=\"elementor-widget-container\">\n\t\t\t\t\t<h1 class=\"elementor-heading-title elementor-size-default\">Ein Fahrzeug ohne Grenzen, eine pers\u00f6nliche Begleitung.<\/h1>\t\t\t\t<\/div>\n\t\t\t\t<\/div>\n\t\t\t\t<div class=\"elementor-element elementor-element-d7004ee elementor-widget elementor-widget-text-editor\" data-id=\"d7004ee\" data-element_type=\"widget\" data-e-type=\"widget\" data-widget_type=\"text-editor.default\">\n\t\t\t\t<div class=\"elementor-widget-container\">\n\t\t\t\t\t\t\t\t\t<p>Bei <strong>995 Heritage<\/strong> k\u00fcmmern wir uns um alles, damit Sie sich nur um Ihr Auto k\u00fcmmern m\u00fcssen.<\/p>\t\t\t\t\t\t\t\t<\/div>\n\t\t\t\t<\/div>\n\t\t\t\t<\/div>\n\t\t\t\t\t<\/div>\n\t\t\t\t<\/div>\n\t\t<div class=\"elementor-element elementor-element-351629c e-flex e-con-boxed e-con e-parent\" data-id=\"351629c\" data-element_type=\"container\" data-e-type=\"container\">\n\t\t\t\t\t<div class=\"e-con-inner\">\n\t\t<div class=\"elementor-element elementor-element-474bb1c e-con-full e-flex e-con e-child\" data-id=\"474bb1c\" data-element_type=\"container\" data-e-type=\"container\" data-settings=\"{&quot;background_background&quot;:&quot;classic&quot;}\">\n\t\t\t\t<div class=\"elementor-element elementor-element-132071b elementor-widget elementor-widget-heading\" data-id=\"132071b\" data-element_type=\"widget\" data-e-type=\"widget\" data-widget_type=\"heading.default\">\n\t\t\t\t<div class=\"elementor-widget-container\">\n\t\t\t\t\t<h2 class=\"elementor-heading-title elementor-size-default\">Warum sollten Sie \u00fcber 995 Heritage gehen?<\/h2>\t\t\t\t<\/div>\n\t\t\t\t<\/div>\n\t\t\t\t<div class=\"elementor-element elementor-element-91546c0 elementor-widget elementor-widget-text-editor\" data-id=\"91546c0\" data-element_type=\"widget\" data-e-type=\"widget\" data-widget_type=\"text-editor.default\">\n\t\t\t\t<div class=\"elementor-widget-container\">\n\t\t\t\t\t\t\t\t\t<p>\u2714 <strong>Technisches und administratives Fachwissen<\/strong> \u2192 Wir kennen jeden Schritt des Prozesses, beherrschen die Gesetzgebung und verf\u00fcgen \u00fcber die notwendigen Werkzeuge, um <strong>die Fahrzeuge vor dem Kauf zu pr\u00fcfen<\/strong> (Kilometerstand, Historie, Ist-Zustand).<br>\u2714 <strong>Volle Transparenz<\/strong> \u2192 Sie wissen im Voraus, was Sie bezahlen: <strong>Fahrzeug, Steuern, Transport, Zulassung, Registrierung.<\/strong> Keine versteckten Kosten.<br>\u2714 <strong>Ein internationales Netzwerk<\/strong> \u2192 Wir arbeiten mit <strong>Partnern in Europa, den USA und anderswo<\/strong> zusammen, um Ihnen zuverl\u00e4ssige und konforme Fahrzeuge zu garantieren.<br>\u2714 <strong>Optimierter Transport<\/strong> \u2192 Anh\u00e4nger, Zug, Schiff&#8230; Wir w\u00e4hlen <strong>die beste L\u00f6sung<\/strong>, um Ihr Auto sicher zu transportieren.<\/p>\t\t\t\t\t\t\t\t<\/div>\n\t\t\t\t<\/div>\n\t\t\t\t<\/div>\n\t\t\t\t\t<\/div>\n\t\t\t\t<\/div>\n\t\t<div class=\"elementor-element elementor-element-54dfece e-flex e-con-boxed e-con e-parent\" data-id=\"54dfece\" data-element_type=\"container\" data-e-type=\"container\">\n\t\t\t\t\t<div class=\"e-con-inner\">\n\t\t<div class=\"elementor-element elementor-element-41f7a96 e-con-full e-flex e-con e-child\" data-id=\"41f7a96\" data-element_type=\"container\" data-e-type=\"container\">\n\t\t\t\t<div class=\"elementor-element elementor-element-8dd837d elementor-widget elementor-widget-image\" data-id=\"8dd837d\" data-element_type=\"widget\" data-e-type=\"widget\" data-widget_type=\"image.default\">\n\t\t\t\t<div class=\"elementor-widget-container\">\n\t\t\t\t\t\t\t\t\t\t\t\t\t\t\t<img decoding=\"async\" width=\"768\" height=\"1024\" src=\"https:\/\/995heritage.ch\/wp-content\/uploads\/2025\/02\/IMG_3908-768x1024.jpg\" class=\"attachment-large size-large wp-image-9528\" alt=\"\" srcset=\"https:\/\/995heritage.ch\/wp-content\/uploads\/2025\/02\/IMG_3908-768x1024.jpg 768w, https:\/\/995heritage.ch\/wp-content\/uploads\/2025\/02\/IMG_3908-225x300.jpg 225w, https:\/\/995heritage.ch\/wp-content\/uploads\/2025\/02\/IMG_3908-1152x1536.jpg 1152w, https:\/\/995heritage.ch\/wp-content\/uploads\/2025\/02\/IMG_3908-1536x2048.jpg 1536w, https:\/\/995heritage.ch\/wp-content\/uploads\/2025\/02\/IMG_3908-scaled.jpg 1920w\" sizes=\"(max-width: 768px) 100vw, 768px\" \/>\t\t\t\t\t\t\t\t\t\t\t\t\t\t\t<\/div>\n\t\t\t\t<\/div>\n\t\t\t\t<\/div>\n\t\t<div class=\"elementor-element elementor-element-783ad14 e-con-full e-flex e-con e-child\" data-id=\"783ad14\" data-element_type=\"container\" data-e-type=\"container\" data-settings=\"{&quot;background_background&quot;:&quot;classic&quot;}\">\n\t\t\t\t<div class=\"elementor-element elementor-element-97a37e9 elementor-widget elementor-widget-heading\" data-id=\"97a37e9\" data-element_type=\"widget\" data-e-type=\"widget\" data-widget_type=\"heading.default\">\n\t\t\t\t<div class=\"elementor-widget-container\">\n\t\t\t\t\t<h2 class=\"elementor-heading-title elementor-size-default\">Ma\u00dfgeschneiderte Begleitung<\/h2>\t\t\t\t<\/div>\n\t\t\t\t<\/div>\n\t\t\t\t<div class=\"elementor-element elementor-element-303e994 elementor-widget elementor-widget-text-editor\" data-id=\"303e994\" data-element_type=\"widget\" data-e-type=\"widget\" data-widget_type=\"text-editor.default\">\n\t\t\t\t<div class=\"elementor-widget-container\">\n\t\t\t\t\t\t\t\t\t<p>Wir passen uns an jedes Projekt an: Ob Sie Ihr Fahrzeug bereits gefunden haben oder eine Begleitung von der Suche an w\u00fcnschen, wir sind da, um Sie zu beraten und Sie vor b\u00f6sen \u00dcberraschungen zu bewahren.<\/p>\t\t\t\t\t\t\t\t<\/div>\n\t\t\t\t<\/div>\n\t\t\t\t<\/div>\n\t\t\t\t\t<\/div>\n\t\t\t\t<\/div>\n\t\t<div class=\"elementor-element elementor-element-b6d4173 e-flex e-con-boxed e-con e-parent\" data-id=\"b6d4173\" data-element_type=\"container\" data-e-type=\"container\">\n\t\t\t\t\t<div class=\"e-con-inner\">\n\t\t<div class=\"elementor-element elementor-element-ff16727 e-con-full e-flex e-con e-child\" data-id=\"ff16727\" data-element_type=\"container\" data-e-type=\"container\" data-settings=\"{&quot;background_background&quot;:&quot;classic&quot;}\">\n\t\t\t\t<div class=\"elementor-element elementor-element-b1788fb elementor-widget elementor-widget-text-editor\" data-id=\"b1788fb\" data-element_type=\"widget\" data-e-type=\"widget\" data-widget_type=\"text-editor.default\">\n\t\t\t\t<div class=\"elementor-widget-container\">\n\t\t\t\t\t\t\t\t\t<p>\ud83d\udce9 <strong>Haben Sie ein Import- oder Exportprojekt?<\/strong> Kontaktieren Sie uns und \u00fcberlassen Sie uns den Rest.<\/p>\t\t\t\t\t\t\t\t<\/div>\n\t\t\t\t<\/div>\n\t\t\t\t<div class=\"elementor-element elementor-element-f518430 elementor-button-align-stretch elementor-widget elementor-widget-form\" data-id=\"f518430\" data-element_type=\"widget\" data-e-type=\"widget\" data-settings=\"{&quot;step_next_label&quot;:&quot;Weiter zu&quot;,&quot;step_previous_label&quot;:&quot;Vorherige&quot;,&quot;step_type&quot;:&quot;number_text&quot;,&quot;step_icon_shape&quot;:&quot;circle&quot;}\" data-widget_type=\"form.default\">\n\t\t\t\t<div class=\"elementor-widget-container\">\n\t\t\t\t\t\t\t<form class=\"elementor-form\" method=\"post\" name=\"Neues Formular\" aria-label=\"Neues Formular\">\n\t\t\t<input type=\"hidden\" name=\"post_id\" value=\"10398\"\/>\n\t\t\t<input type=\"hidden\" name=\"form_id\" value=\"f518430\"\/>\n\t\t\t<input type=\"hidden\" name=\"referer_title\" value=\"Import &amp; Export &#8211; 995 Heritage\" \/>\n\n\t\t\t\t\t\t\t<input type=\"hidden\" name=\"queried_id\" value=\"10398\"\/>\n\t\t\t\n\t\t\t<div class=\"elementor-form-fields-wrapper elementor-labels-above\">\n\t\t\t\t\t\t\t\t<div class=\"elementor-field-type-text elementor-field-group elementor-column elementor-field-group-name elementor-col-100\">\n\t\t\t\t\t\t\t\t\t\t\t\t<label for=\"form-field-name\" class=\"elementor-field-label\">\n\t\t\t\t\t\t\t\tName\t\t\t\t\t\t\t<\/label>\n\t\t\t\t\t\t\t\t\t\t\t\t\t\t<input size=\"1\" type=\"text\" name=\"form_fields[name]\" id=\"form-field-name\" class=\"elementor-field elementor-size-md  elementor-field-textual\" placeholder=\"Name\">\n\t\t\t\t\t\t\t\t\t\t\t<\/div>\n\t\t\t\t\t\t\t\t<div class=\"elementor-field-type-email elementor-field-group elementor-column elementor-field-group-email elementor-col-100 elementor-field-required elementor-mark-required\">\n\t\t\t\t\t\t\t\t\t\t\t\t<label for=\"form-field-email\" class=\"elementor-field-label\">\n\t\t\t\t\t\t\t\tE-Mail\t\t\t\t\t\t\t<\/label>\n\t\t\t\t\t\t\t\t\t\t\t\t\t\t<input size=\"1\" type=\"email\" name=\"form_fields[email]\" id=\"form-field-email\" class=\"elementor-field elementor-size-md  elementor-field-textual\" placeholder=\"E-Mail\" required=\"required\">\n\t\t\t\t\t\t\t\t\t\t\t<\/div>\n\t\t\t\t\t\t\t\t<div class=\"elementor-field-type-textarea elementor-field-group elementor-column elementor-field-group-message elementor-col-100\">\n\t\t\t\t\t\t\t\t\t\t\t\t<label for=\"form-field-message\" class=\"elementor-field-label\">\n\t\t\t\t\t\t\t\tNachricht\t\t\t\t\t\t\t<\/label>\n\t\t\t\t\t\t<textarea class=\"elementor-field-textual elementor-field  elementor-size-md\" name=\"form_fields[message]\" id=\"form-field-message\" rows=\"4\" placeholder=\"Nachricht\"><\/textarea>\t\t\t\t<\/div>\n\t\t\t\t\t\t\t\t<div class=\"elementor-field-group elementor-column elementor-field-type-submit elementor-col-100 e-form__buttons\">\n\t\t\t\t\t<button class=\"elementor-button elementor-size-md\" type=\"submit\">\n\t\t\t\t\t\t<span class=\"elementor-button-content-wrapper\">\n\t\t\t\t\t\t\t\t\t\t\t\t\t\t\t\t\t\t\t\t\t\t<span class=\"elementor-button-text\">Senden Sie<\/span>\n\t\t\t\t\t\t\t\t\t\t\t\t\t<\/span>\n\t\t\t\t\t<\/button>\n\t\t\t\t<\/div>\n\t\t\t<\/div>\n\t\t<\/form>\n\t\t\t\t\t\t<\/div>\n\t\t\t\t<\/div>\n\t\t\t\t<\/div>\n\t\t\t\t\t<\/div>\n\t\t\t\t<\/div>\n\t\t\t\t<\/div>\n\t\t","protected":false},"excerpt":{"rendered":"<p>Ein Fahrzeug ohne Grenzen, eine pers\u00f6nliche Begleitung. Bei 995 Heritage k\u00fcmmern wir uns um alles, damit Sie sich nur um Ihr Auto k\u00fcmmern m\u00fcssen. Warum sollten Sie \u00fcber 995 Heritage gehen? \u2714 Technisches und administratives Fachwissen \u2192 Wir kennen jeden Schritt des Prozesses, beherrschen die Gesetzgebung und verf\u00fcgen \u00fcber die notwendigen Werkzeuge, um die Fahrzeuge [&hellip;]<\/p>\n","protected":false},"author":2,"featured_media":0,"parent":10448,"menu_order":0,"comment_status":"closed","ping_status":"closed","template":"","meta":{"_acf_changed":false,"footnotes":""},"class_list":["post-10398","page","type-page","status-publish","hentry"],"acf":[],"yoast_head":"<!-- This site is optimized with the Yoast SEO plugin v27.5 - https:\/\/yoast.com\/product\/yoast-seo-wordpress\/ -->\n<title>Import &amp; Export &#8211; 995 Heritage<\/title>\n<meta name=\"description\" content=\"995 Heritage importiert und exportiert Ihr Fahrzeug in die Schweiz oder ins Ausland mit einem schl\u00fcsselfertigen Service und einem kompletten Management.\" \/>\n<meta name=\"robots\" content=\"index, follow, max-snippet:-1, max-image-preview:large, max-video-preview:-1\" \/>\n<link rel=\"canonical\" href=\"https:\/\/995heritage.ch\/de\/unsere-leistungen\/import-export\/\" \/>\n<meta property=\"og:locale\" content=\"de_DE\" \/>\n<meta property=\"og:type\" content=\"article\" \/>\n<meta property=\"og:title\" content=\"Import &amp; Export &#8211; 995 Heritage\" \/>\n<meta property=\"og:description\" content=\"995 Heritage importiert und exportiert Ihr Fahrzeug in die Schweiz oder ins Ausland mit einem schl\u00fcsselfertigen Service und einem kompletten Management.\" \/>\n<meta property=\"og:url\" content=\"https:\/\/995heritage.ch\/de\/unsere-leistungen\/import-export\/\" \/>\n<meta property=\"og:site_name\" content=\"995 Heritage\" \/>\n<meta property=\"article:modified_time\" content=\"2025-04-19T15:38:48+00:00\" \/>\n<meta property=\"og:image\" content=\"https:\/\/995heritage.ch\/wp-content\/uploads\/2025\/02\/IMG_3908-768x1024.jpg\" \/>\n<meta name=\"twitter:card\" content=\"summary_large_image\" \/>\n<meta name=\"twitter:label1\" content=\"Gesch\u00e4tzte Lesezeit\" \/>\n\t<meta name=\"twitter:data1\" content=\"1\u00a0Minute\" \/>\n<script type=\"application\/ld+json\" class=\"yoast-schema-graph\">{\"@context\":\"https:\\\/\\\/schema.org\",\"@graph\":[{\"@type\":\"WebPage\",\"@id\":\"https:\\\/\\\/995heritage.ch\\\/de\\\/unsere-leistungen\\\/import-export\\\/\",\"url\":\"https:\\\/\\\/995heritage.ch\\\/de\\\/unsere-leistungen\\\/import-export\\\/\",\"name\":\"Import &amp; Export &#8211; 995 Heritage\",\"isPartOf\":{\"@id\":\"https:\\\/\\\/995heritage.ch\\\/de\\\/#website\"},\"primaryImageOfPage\":{\"@id\":\"https:\\\/\\\/995heritage.ch\\\/de\\\/unsere-leistungen\\\/import-export\\\/#primaryimage\"},\"image\":{\"@id\":\"https:\\\/\\\/995heritage.ch\\\/de\\\/unsere-leistungen\\\/import-export\\\/#primaryimage\"},\"thumbnailUrl\":\"https:\\\/\\\/995heritage.ch\\\/wp-content\\\/uploads\\\/2025\\\/02\\\/IMG_3908-768x1024.jpg\",\"datePublished\":\"2025-02-03T10:01:47+00:00\",\"dateModified\":\"2025-04-19T15:38:48+00:00\",\"description\":\"995 Heritage importiert und exportiert Ihr Fahrzeug in die Schweiz oder ins Ausland mit einem schl\u00fcsselfertigen Service und einem kompletten Management.\",\"breadcrumb\":{\"@id\":\"https:\\\/\\\/995heritage.ch\\\/de\\\/unsere-leistungen\\\/import-export\\\/#breadcrumb\"},\"inLanguage\":\"de\",\"potentialAction\":[{\"@type\":\"ReadAction\",\"target\":[\"https:\\\/\\\/995heritage.ch\\\/de\\\/unsere-leistungen\\\/import-export\\\/\"]}]},{\"@type\":\"ImageObject\",\"inLanguage\":\"de\",\"@id\":\"https:\\\/\\\/995heritage.ch\\\/de\\\/unsere-leistungen\\\/import-export\\\/#primaryimage\",\"url\":\"https:\\\/\\\/995heritage.ch\\\/wp-content\\\/uploads\\\/2025\\\/02\\\/IMG_3908-768x1024.jpg\",\"contentUrl\":\"https:\\\/\\\/995heritage.ch\\\/wp-content\\\/uploads\\\/2025\\\/02\\\/IMG_3908-768x1024.jpg\"},{\"@type\":\"BreadcrumbList\",\"@id\":\"https:\\\/\\\/995heritage.ch\\\/de\\\/unsere-leistungen\\\/import-export\\\/#breadcrumb\",\"itemListElement\":[{\"@type\":\"ListItem\",\"position\":1,\"name\":\"Accueil\",\"item\":\"https:\\\/\\\/995heritage.ch\\\/de\\\/?page_id=10511\"},{\"@type\":\"ListItem\",\"position\":2,\"name\":\"Unsere Leistungen\",\"item\":\"https:\\\/\\\/995heritage.ch\\\/de\\\/unsere-leistungen\\\/\"},{\"@type\":\"ListItem\",\"position\":3,\"name\":\"Import &amp; Export\"}]},{\"@type\":\"WebSite\",\"@id\":\"https:\\\/\\\/995heritage.ch\\\/de\\\/#website\",\"url\":\"https:\\\/\\\/995heritage.ch\\\/de\\\/\",\"name\":\"Enhanced WordPress\",\"description\":\"\",\"publisher\":{\"@id\":\"https:\\\/\\\/995heritage.ch\\\/de\\\/#organization\"},\"potentialAction\":[{\"@type\":\"SearchAction\",\"target\":{\"@type\":\"EntryPoint\",\"urlTemplate\":\"https:\\\/\\\/995heritage.ch\\\/de\\\/?s={search_term_string}\"},\"query-input\":{\"@type\":\"PropertyValueSpecification\",\"valueRequired\":true,\"valueName\":\"search_term_string\"}}],\"inLanguage\":\"de\"},{\"@type\":\"Organization\",\"@id\":\"https:\\\/\\\/995heritage.ch\\\/de\\\/#organization\",\"name\":\"995 Heritage\",\"url\":\"https:\\\/\\\/995heritage.ch\\\/de\\\/\",\"logo\":{\"@type\":\"ImageObject\",\"inLanguage\":\"de\",\"@id\":\"https:\\\/\\\/995heritage.ch\\\/de\\\/#\\\/schema\\\/logo\\\/image\\\/\",\"url\":\"https:\\\/\\\/995heritage.ch\\\/wp-content\\\/uploads\\\/2025\\\/02\\\/cropped-Heritage5.jpg\",\"contentUrl\":\"https:\\\/\\\/995heritage.ch\\\/wp-content\\\/uploads\\\/2025\\\/02\\\/cropped-Heritage5.jpg\",\"width\":512,\"height\":512,\"caption\":\"995 Heritage\"},\"image\":{\"@id\":\"https:\\\/\\\/995heritage.ch\\\/de\\\/#\\\/schema\\\/logo\\\/image\\\/\"}}]}<\/script>\n<!-- \/ Yoast SEO plugin. -->","yoast_head_json":{"title":"Import &amp; Export &#8211; 995 Heritage","description":"995 Heritage importiert und exportiert Ihr Fahrzeug in die Schweiz oder ins Ausland mit einem schl\u00fcsselfertigen Service und einem kompletten Management.","robots":{"index":"index","follow":"follow","max-snippet":"max-snippet:-1","max-image-preview":"max-image-preview:large","max-video-preview":"max-video-preview:-1"},"canonical":"https:\/\/995heritage.ch\/de\/unsere-leistungen\/import-export\/","og_locale":"de_DE","og_type":"article","og_title":"Import &amp; Export &#8211; 995 Heritage","og_description":"995 Heritage importiert und exportiert Ihr Fahrzeug in die Schweiz oder ins Ausland mit einem schl\u00fcsselfertigen Service und einem kompletten Management.","og_url":"https:\/\/995heritage.ch\/de\/unsere-leistungen\/import-export\/","og_site_name":"995 Heritage","article_modified_time":"2025-04-19T15:38:48+00:00","og_image":[{"url":"https:\/\/995heritage.ch\/wp-content\/uploads\/2025\/02\/IMG_3908-768x1024.jpg","type":"","width":"","height":""}],"twitter_card":"summary_large_image","twitter_misc":{"Gesch\u00e4tzte Lesezeit":"1\u00a0Minute"},"schema":{"@context":"https:\/\/schema.org","@graph":[{"@type":"WebPage","@id":"https:\/\/995heritage.ch\/de\/unsere-leistungen\/import-export\/","url":"https:\/\/995heritage.ch\/de\/unsere-leistungen\/import-export\/","name":"Import &amp; Export &#8211; 995 Heritage","isPartOf":{"@id":"https:\/\/995heritage.ch\/de\/#website"},"primaryImageOfPage":{"@id":"https:\/\/995heritage.ch\/de\/unsere-leistungen\/import-export\/#primaryimage"},"image":{"@id":"https:\/\/995heritage.ch\/de\/unsere-leistungen\/import-export\/#primaryimage"},"thumbnailUrl":"https:\/\/995heritage.ch\/wp-content\/uploads\/2025\/02\/IMG_3908-768x1024.jpg","datePublished":"2025-02-03T10:01:47+00:00","dateModified":"2025-04-19T15:38:48+00:00","description":"995 Heritage importiert und exportiert Ihr Fahrzeug in die Schweiz oder ins Ausland mit einem schl\u00fcsselfertigen Service und einem kompletten Management.","breadcrumb":{"@id":"https:\/\/995heritage.ch\/de\/unsere-leistungen\/import-export\/#breadcrumb"},"inLanguage":"de","potentialAction":[{"@type":"ReadAction","target":["https:\/\/995heritage.ch\/de\/unsere-leistungen\/import-export\/"]}]},{"@type":"ImageObject","inLanguage":"de","@id":"https:\/\/995heritage.ch\/de\/unsere-leistungen\/import-export\/#primaryimage","url":"https:\/\/995heritage.ch\/wp-content\/uploads\/2025\/02\/IMG_3908-768x1024.jpg","contentUrl":"https:\/\/995heritage.ch\/wp-content\/uploads\/2025\/02\/IMG_3908-768x1024.jpg"},{"@type":"BreadcrumbList","@id":"https:\/\/995heritage.ch\/de\/unsere-leistungen\/import-export\/#breadcrumb","itemListElement":[{"@type":"ListItem","position":1,"name":"Accueil","item":"https:\/\/995heritage.ch\/de\/?page_id=10511"},{"@type":"ListItem","position":2,"name":"Unsere Leistungen","item":"https:\/\/995heritage.ch\/de\/unsere-leistungen\/"},{"@type":"ListItem","position":3,"name":"Import &amp; Export"}]},{"@type":"WebSite","@id":"https:\/\/995heritage.ch\/de\/#website","url":"https:\/\/995heritage.ch\/de\/","name":"Enhanced WordPress","description":"","publisher":{"@id":"https:\/\/995heritage.ch\/de\/#organization"},"potentialAction":[{"@type":"SearchAction","target":{"@type":"EntryPoint","urlTemplate":"https:\/\/995heritage.ch\/de\/?s={search_term_string}"},"query-input":{"@type":"PropertyValueSpecification","valueRequired":true,"valueName":"search_term_string"}}],"inLanguage":"de"},{"@type":"Organization","@id":"https:\/\/995heritage.ch\/de\/#organization","name":"995 Heritage","url":"https:\/\/995heritage.ch\/de\/","logo":{"@type":"ImageObject","inLanguage":"de","@id":"https:\/\/995heritage.ch\/de\/#\/schema\/logo\/image\/","url":"https:\/\/995heritage.ch\/wp-content\/uploads\/2025\/02\/cropped-Heritage5.jpg","contentUrl":"https:\/\/995heritage.ch\/wp-content\/uploads\/2025\/02\/cropped-Heritage5.jpg","width":512,"height":512,"caption":"995 Heritage"},"image":{"@id":"https:\/\/995heritage.ch\/de\/#\/schema\/logo\/image\/"}}]}},"meta_box":[],"_links":{"self":[{"href":"https:\/\/995heritage.ch\/de\/wp-json\/wp\/v2\/pages\/10398","targetHints":{"allow":["GET"]}}],"collection":[{"href":"https:\/\/995heritage.ch\/de\/wp-json\/wp\/v2\/pages"}],"about":[{"href":"https:\/\/995heritage.ch\/de\/wp-json\/wp\/v2\/types\/page"}],"author":[{"embeddable":true,"href":"https:\/\/995heritage.ch\/de\/wp-json\/wp\/v2\/users\/2"}],"replies":[{"embeddable":true,"href":"https:\/\/995heritage.ch\/de\/wp-json\/wp\/v2\/comments?post=10398"}],"version-history":[{"count":2,"href":"https:\/\/995heritage.ch\/de\/wp-json\/wp\/v2\/pages\/10398\/revisions"}],"predecessor-version":[{"id":10406,"href":"https:\/\/995heritage.ch\/de\/wp-json\/wp\/v2\/pages\/10398\/revisions\/10406"}],"up":[{"embeddable":true,"href":"https:\/\/995heritage.ch\/de\/wp-json\/wp\/v2\/pages\/10448"}],"wp:attachment":[{"href":"https:\/\/995heritage.ch\/de\/wp-json\/wp\/v2\/media?parent=10398"}],"curies":[{"name":"wp","href":"https:\/\/api.w.org\/{rel}","templated":true}]}}